{"id":8487,"date":"2025-12-16T12:07:09","date_gmt":"2025-12-16T09:07:09","guid":{"rendered":"https:\/\/mani-sonnenlink.com\/?page_id=8487"},"modified":"2026-01-20T15:42:09","modified_gmt":"2026-01-20T12:42:09","slug":"seminarhauspreise2026","status":"publish","type":"page","link":"https:\/\/mani-sonnenlink.com\/de\/seminarhauspreise2026\/","title":{"rendered":"Seminarhauspreise 2026"},"content":{"rendered":"<p>[vc_row][vc_column][vc_empty_space alter_height=&#8220;medium&#8220; hide_on_desktop=&#8220;&#8220; hide_on_notebook=&#8220;&#8220; hide_on_tablet=&#8220;&#8220; hide_on_mobile=&#8220;&#8220; css=&#8220;.vc_custom_1507185435221{margin-bottom: -0.5rem !important;}&#8220;]<div id=\"sc_title_1136208670\"\n\t\tclass=\"sc_title color_style_default sc_title_default\"><h6 class=\"sc_item_subtitle sc_title_subtitle sc_align_center sc_item_title_style_default\">Bio-Seminarhaus Preise und Konditionen 2026<\/h6><\/div><!-- \/.sc_title -->[vc_empty_space alter_height=&#8220;medium&#8220; hide_on_desktop=&#8220;&#8220; hide_on_notebook=&#8220;&#8220; hide_on_tablet=&#8220;&#8220; hide_on_mobile=&#8220;&#8220; css=&#8220;.vc_custom_1507185605895{margin-top: -0.4rem !important;}&#8220;][\/vc_column][\/vc_row][vc_row][vc_column width=&#8220;1\/6&#8243;][\/vc_column][vc_column width=&#8220;2\/3&#8243;][vc_column_text]<span style=\"text-decoration: underline;\"><strong>Seminarraum: f\u00fcr bis zu 20 Teilnehmer<\/strong><\/span><br \/>\nmindestens \u20ac80\/Tag bzw \u20ac10\/Seminarteilnehmer\/in<\/p>\n<p><span style=\"color: #333333;\">Der Raum ist \u00fcber den gro\u00dfen Wintergarten oder direkt begehbar, Aussenbereich: 1 Terrasse mit Meerblick und ein gem\u00fctlichen (Hinter)-Hof<\/span><\/p>\n<p><span style=\"color: #333333;\">G\u00fcnstige Zusatzunterkunft:<br \/>\nHier k\u00f6nnten zus\u00e4tzlich 2 weitere (preisg\u00fcnstige) Schlafm\u00f6glichkeiten geschaffen werden (Hochgalerie und Wintergarten) mit m\u00f6glicher gemeinsamer Badnutzung im Apartment. Es gibt zus\u00e4tzliche Duschen\/Wcs auf dem Gel\u00e4nde:<br \/>\nEZ im Wintergarten \u20ac40 und Hochgalerie \u20ac40 EZ, \u20ac50 DZ<\/span><\/p>\n<p>&nbsp;<\/p>\n<p><strong><span style=\"color: #ff9900;\">Wohnm\u00f6glichkeiten f\u00fcr Seminargruppen:<\/span><\/strong><\/p>\n<p><strong><span style=\"text-decoration: underline;\">Apartment Gelbe Wohnung 1 DZ \u20ac130<\/span><\/strong> 1-2\/Person\/Nacht<br \/>\nDas Apartment besteht aus 1 Doppelzimmer mit K\u00fcche und Bad. Weiter, herrlicher Meerblick: 1 Balkon, 1 Terrasse<\/p>\n<p><a href=\"https:\/\/mani-sonnenlink.com\/de\/apartment-1\/\" target=\"_blank\" rel=\"noopener noreferrer\" data-auth=\"NotApplicable\" data-linkindex=\"0\">Yellow Apartment Photos<\/a><\/p>\n<p>&nbsp;<\/p>\n<p><span style=\"text-decoration: underline;\"><strong>Apartment Gr\u00fcne Wohnung 1-3 Personen: \u20ac140\/Nacht<\/strong><\/span>\u00a01-2\/Person\/Nacht<br \/>\n<strong>\u20ac170\/Nacht bei Dreier-Belegung:<\/strong> gro\u00dfer Schlafraum (1-2 Personen) \u20ac120\/Nacht, kleiner Schlafraum: (1 Person) \u20ac50\/Nacht<br \/>\nDas Apartment besteht aus einem <strong>Doppel und einem Einzelzimmer<\/strong> mit Verbindungst\u00fcr und einem gemeinsamen Badezimmer (getrennte Eing\u00e4nge, getrennter Zugang zum Badezimmer)<br \/>\nAussenbereich mit herrlichem Meerblick: Terrasse und stiller Aussenbereich.<\/p>\n<p><a href=\"https:\/\/mani-sonnenlink.com\/de\/apartment-3\/\" target=\"_blank\" rel=\"noopener noreferrer\" data-auth=\"NotApplicable\" data-linkindex=\"1\">Green Apartment Photos<\/a><\/p>\n<p>&nbsp;<\/p>\n<p><span style=\"text-decoration: underline;\"><strong>3 Bungalows mit herrlichen Meerblick-Balkons \u2028\u20ac115\/Nacht<\/strong><\/span> im Doppelzimmer,\u2028\u20ac100\/Nacht im Einzelzimmer<\/p>\n<p><a href=\"https:\/\/mani-sonnenlink.com\/de\/bungalow\/\" target=\"_blank\" rel=\"noopener\">Bungalows Photos<\/a><\/p>\n<p>&nbsp;<\/p>\n<p><span style=\"text-decoration: underline;\"><strong>Tiny House, herrlicher Meerblick, Terasse, inmitten unber\u00fchrter Natur, \u20ac105\/Nacht<\/strong><\/span> im DZ,\u2028\u20ac90\/Nacht im EZ<\/p>\n<p><a href=\"https:\/\/mani-sonnenlink.com\/de\/2025\/11\/13\/tiny-house\/\" target=\"_blank\" rel=\"noopener noreferrer\" data-auth=\"NotApplicable\" data-linkindex=\"2\">Tiny House Photos<\/a><\/p>\n<p>&nbsp;<\/p>\n<p><span style=\"text-decoration: underline;\"><strong>2 Zelt-H\u00e4user m\u00f6bliert, herrlicher Meerblick, Terasse, inmitten der Natur<\/strong><\/span><br \/>\nDuschen\/Toiletten in Extra Geb\u00e4uden auf dem Land<br \/>\n\u20ac40\/Nacht im EZ,\u2028\u20ac50\/Nacht im DZ<\/p>\n<p><a href=\"https:\/\/mani-sonnenlink.com\/canvas-houses\/\" target=\"_blank\" rel=\"noopener noreferrer\" data-auth=\"NotApplicable\" data-linkindex=\"2\">Canvas Houses Photos<\/a><\/p>\n<p>&nbsp;<\/p>\n<p>&nbsp;<\/p>\n<p><strong><span style=\"color: #ff9900;\">SEMINAR &#8211; KOSTEN<\/span><\/strong><\/p>\n<p><span style=\"color: #333333;\"><strong>Seminarraumpauschale:<\/strong> \u20ac10 \/Person \u2013 Minimum \u20ac80\/Tag (siehe Seminarraum)<\/span><\/p>\n<p><span style=\"color: #333333;\"><br \/>\n<strong><br \/>\nSeminarb\u00fcffet-M\u00f6glichkeiten:<\/strong><\/span><\/p>\n<p><span style=\"color: #333333;\"><strong>Fr\u00fchst\u00fcck \u20ac18:<\/strong>\u2028 Hierbei handelt es sich um ein gesundes vitalstoffreiches Fr\u00fchst\u00fcck im typischen Mani-Bl\u00e4uel\/Mani-Sonnenlink Stil. zwischen 8 und 10:00<\/span><\/p>\n<p><span style=\"color: #333333;\"><strong>Seminar-Brunch \u20ac25:<\/strong>\u2028 Morgengetr\u00e4nk\/Fr\u00fcchte\/Orangensaft vor der Morgensession\u2028\u2013 gesundes vitalstoffreiches Fr\u00fchst\u00fcck Brunch &amp; more im typischen Mani-Bl\u00e4uel\/Mani-Sonnenlink Stil. zwischen 10 und 12:00<\/span><\/p>\n<p><span style=\"color: #333333;\"><strong>Half-Board \u20ac35: <\/strong>\u2028Hierbei handelt es sich um 2 schlichte gesunde vitalstoffreiche Mahlzeiten Basics bei Abendessen etwas aufwendiger im typischen Mani-Bl\u00e4uel\/Mani-Sonnenlink Stil:\u2028also 1 Fr\u00fchst\u00fcck und eine weitere Mahlzeit<br \/>\n<\/span>Unser beliebtestes Packet: Brunch nehmen und nachmittags ausgehen \u2013 zB Am Meer Essen und Schwimmen oder in den Bergd\u00f6rfern ein authtentisches Mal und Spazierg\u00e4nge\/Kirchen schauen. \u2013\u2028Und ab und zu selber kochen als Gruppe das ist ein sch\u00f6nes Teambildungs-Programm.\u2028Die Teilnehmer\/innen wollen nat\u00fcrlich auch ans Meer kommen und die sch\u00f6ne Gegend erkunden \u2013 und gemeinsames Kochen ist auch eine gute Abwechslung und schafft<\/p>\n<p><span style=\"color: #333333;\">Verbindung.\u2028So werden auch die k\u00fchleren Stunden (Morgens und Abends) im Sonnenlink bei der Praxis gen\u00fctzt. Und es kann auch im kleinen Amphitheater praktiziert werden.<\/span><\/p>\n<p><strong>Seminarleitung:<\/strong> bei Gruppen mit mindestens 5 Teilnehmer\/innen ist eine Person auf die Malzeiten w\u00e4hrend es Seminares eingeladen.<\/p>\n<p><span style=\"color: #333333;\"><strong>Ferienwohnung-Service:\u2028<\/strong>Zimmerservice &amp; frische Handt\u00fccher alle 3-4 Tage\u2028Bettw\u00e4sche-Wechsel 1\/Woche (bei Bedarf steht nat\u00fcrlich weiteres Material zur Verf\u00fcgung)<\/span><\/p>\n<p><span style=\"color: #333333;\"><strong>Zimmerbuchung<\/strong> \u2013 Verteilung wird von den G\u00e4sten direkt mit dem Sonnenlink abgewickelt.<\/span><\/p>\n<p>&nbsp;<\/p>\n<p><strong>ANREISE:<\/strong> Es gibt zwischen M\u00e4rz und November Direktfl\u00fcge nach Kalamata oder aber immer und t\u00e4glich aus jeder gr\u00f6\u00dferen Stadt nach Athen\u2028Von Athen: Weiterreise mit Mietwagen 260 km und 25 Stunden sch\u00f6ne Fahrtzeit quer \u00fcber den Peloponnes.\u2028Ab Flughafen durchgehend Autobahn bis Kalamata.\u2028Ab Kalam\u00e1ta: 1Stunde auf einer sch\u00f6nen Panorama-Strecke in die Mani. Mietwagen werden vor Ort gebraucht.\u2028Fahrgemeinschaften k\u00f6nnen eventuell gebildet werden.[\/vc_column_text][\/vc_column][vc_column width=&#8220;1\/6&#8243;][\/vc_column][\/vc_row][vc_row][vc_column][vc_separator color=&#8220;orange&#8220;][\/vc_column][\/vc_row][vc_row][vc_column width=&#8220;1\/6&#8243;][\/vc_column][vc_column width=&#8220;2\/3&#8243;][\/vc_column][vc_column width=&#8220;1\/6&#8243;][\/vc_column][\/vc_row][vc_row][vc_column]<div class=\"sc_layouts sc_layouts_default sc_layouts_4723\">[vc_row][vc_column icons_position=\"left\"][vc_empty_space alter_height=\"large\" hide_on_desktop=\"\" hide_on_notebook=\"\" hide_on_tablet=\"\" hide_on_mobile=\"\" css=\".vc_custom_1507199848888{margin-top: 0.3rem !important;}\"][vc_row_inner][vc_column_inner width=\"1\/3\" hide_bg_image_on_tablet=\"\" hide_bg_image_on_mobile=\"\" icons_position=\"left\" css=\".vc_custom_1515160016087{padding-top: 60px !important;padding-right: 20px !important;padding-bottom: 60px !important;padding-left: 20px !important;}\"][vc_single_image image=\"4460\" img_size=\"medium\" alignment=\"center\" onclick=\"custom_link\" link=\"https:\/\/mani-sonnenlink.com\/de\/blog-news\/\"][vc_custom_heading text=\"News \" font_container=\"tag:h4|text_align:center|color:%23000000\" google_fonts=\"font_family:Open%20Sans%3A300%2C300italic%2Cregular%2Citalic%2C600%2C600italic%2C700%2C700italic%2C800%2C800italic|font_style:400%20regular%3A400%3Anormal\" link=\"url:https%3A%2F%2Fmani-sonnenlink.com%2Fde%2Fblog-news%2F|title:NEWS||\" el_class=\"ah-title-hotel-line ah-heading-link-center\"][\/vc_column_inner][vc_column_inner el_class=\"ah-heading-has-fill\" width=\"1\/3\" fix_column=\"\" hide_bg_image_on_tablet=\"\" hide_bg_image_on_mobile=\"\" icons_position=\"left\" css=\".vc_custom_1587553526351{padding-top: 60px !important;padding-right: 20px !important;padding-bottom: 60px !important;padding-left: 20px !important;}\"][vc_single_image image=\"3691\" img_size=\"medium\" alignment=\"center\" onclick=\"custom_link\" link=\"https:\/\/mani-sonnenlink.com\/de\/mani-holiday\/\"][vc_custom_heading text=\"Urlaub in der Mani\" font_container=\"tag:h4|text_align:center|color:%23000000\" google_fonts=\"font_family:Open%20Sans%3A300%2C300italic%2Cregular%2Citalic%2C600%2C600italic%2C700%2C700italic%2C800%2C800italic|font_style:400%20regular%3A400%3Anormal\" link=\"url:https%3A%2F%2Fmani-sonnenlink.com%2Fde%2Fmani-holiday%2F|title:MANI||\" el_class=\"ah-title-hotel-line ah-heading-link-center\"][\/vc_column_inner][vc_column_inner width=\"1\/3\" hide_bg_image_on_tablet=\"\" hide_bg_image_on_mobile=\"\" icons_position=\"left\" css=\".vc_custom_1588940269509{padding-top: 60px !important;padding-right: 20px !important;padding-bottom: 60px !important;padding-left: 20px !important;}\"][vc_single_image image=\"3809\" img_size=\"medium\" alignment=\"center\" onclick=\"custom_link\" link=\"https:\/\/mani-sonnenlink.com\/de\/seminars-groups\/\"][vc_custom_heading text=\"Seminare &amp; Gruppen\" font_container=\"tag:h4|text_align:center|color:%23000000\" google_fonts=\"font_family:Open%20Sans%3A300%2C300italic%2Cregular%2Citalic%2C600%2C600italic%2C700%2C700italic%2C800%2C800italic|font_style:400%20regular%3A400%3Anormal\" link=\"url:https%3A%2F%2Fmani-sonnenlink.com%2Fde%2Fseminars-groups%2F|title:GRUPPEN%20%26%20SEMINARE||\" el_class=\"ah-title-hotel-line ah-heading-link-center\"][\/vc_column_inner][\/vc_row_inner][\/vc_column][\/vc_row]<\/div>[\/vc_column][\/vc_row]<\/p>\n","protected":false},"excerpt":{"rendered":"<p>[vc_row][vc_column][vc_empty_space alter_height=&#8220;medium&#8220; hide_on_desktop=&#8220;&#8220; hide_on_notebook=&#8220;&#8220; hide_on_tablet=&#8220;&#8220; hide_on_mobile=&#8220;&#8220; css=&#8220;.vc_custom_1507185435221{margin-bottom: -0.5rem !important;}&#8220;][vc_empty_space alter_height=&#8220;medium&#8220; hide_on_desktop=&#8220;&#8220; hide_on_notebook=&#8220;&#8220; hide_on_tablet=&#8220;&#8220; hide_on_mobile=&#8220;&#8220; css=&#8220;.vc_custom_1507185605895{margin-top: -0.4rem !important;}&#8220;][\/vc_column][\/vc_row][vc_row][vc_column width=&#8220;1\/6&#8243;][\/vc_column][vc_column width=&#8220;2\/3&#8243;][vc_column_text]Seminarraum: f\u00fcr bis zu 20 Teilnehmer mindestens \u20ac80\/Tag bzw \u20ac10\/Seminarteilnehmer\/in Der Raum ist \u00fcber den gro\u00dfen Wintergarten oder direkt begehbar, Aussenbereich: 1 Terrasse mit Meerblick und ein gem\u00fctlichen (Hinter)-Hof G\u00fcnstige Zusatzunterkunft: Hier k\u00f6nnten zus\u00e4tzlich 2 weitere (preisg\u00fcnstige) Schlafm\u00f6glichkeiten geschaffen werden (Hochgalerie und&hellip;<\/p>\n","protected":false},"author":6,"featured_media":0,"parent":0,"menu_order":0,"comment_status":"closed","ping_status":"closed","template":"","meta":{"footnotes":""},"class_list":["post-8487","page","type-page","status-publish","hentry"],"_links":{"self":[{"href":"https:\/\/mani-sonnenlink.com\/de\/wp-json\/wp\/v2\/pages\/8487","targetHints":{"allow":["GET"]}}],"collection":[{"href":"https:\/\/mani-sonnenlink.com\/de\/wp-json\/wp\/v2\/pages"}],"about":[{"href":"https:\/\/mani-sonnenlink.com\/de\/wp-json\/wp\/v2\/types\/page"}],"author":[{"embeddable":true,"href":"https:\/\/mani-sonnenlink.com\/de\/wp-json\/wp\/v2\/users\/6"}],"replies":[{"embeddable":true,"href":"https:\/\/mani-sonnenlink.com\/de\/wp-json\/wp\/v2\/comments?post=8487"}],"version-history":[{"count":2,"href":"https:\/\/mani-sonnenlink.com\/de\/wp-json\/wp\/v2\/pages\/8487\/revisions"}],"predecessor-version":[{"id":8530,"href":"https:\/\/mani-sonnenlink.com\/de\/wp-json\/wp\/v2\/pages\/8487\/revisions\/8530"}],"wp:attachment":[{"href":"https:\/\/mani-sonnenlink.com\/de\/wp-json\/wp\/v2\/media?parent=8487"}],"curies":[{"name":"wp","href":"https:\/\/api.w.org\/{rel}","templated":true}]}}