{"id":5485,"date":"2020-05-27T19:42:11","date_gmt":"2020-05-27T16:42:11","guid":{"rendered":"https:\/\/mani-sonnenlink.com\/?page_id=5485"},"modified":"2023-02-01T14:17:41","modified_gmt":"2023-02-01T11:17:41","slug":"impressum","status":"publish","type":"page","link":"https:\/\/mani-sonnenlink.com\/de\/impressum\/","title":{"rendered":"IMPRESSUM"},"content":{"rendered":"<p>[vc_row][vc_column][vc_empty_space alter_height=&#8220;medium&#8220; hide_on_desktop=&#8220;&#8220; hide_on_notebook=&#8220;&#8220; hide_on_tablet=&#8220;&#8220; hide_on_mobile=&#8220;&#8220; css=&#8220;.vc_custom_1507185435221{margin-bottom: -0.5rem !important;}&#8220;]<div id=\"sc_title_1188373421\"\n\t\tclass=\"sc_title color_style_default sc_title_default\"><h6 class=\"sc_item_subtitle sc_title_subtitle sc_align_center sc_item_title_style_default\">IMPRESSUM<\/h6><\/div><!-- \/.sc_title -->[vc_empty_space alter_height=&#8220;medium&#8220; hide_on_desktop=&#8220;&#8220; hide_on_notebook=&#8220;&#8220; hide_on_tablet=&#8220;&#8220; hide_on_mobile=&#8220;&#8220; css=&#8220;.vc_custom_1507185605895{margin-top: -0.4rem !important;}&#8220;][\/vc_column][\/vc_row][vc_row][vc_column width=&#8220;1\/6&#8243;][\/vc_column][vc_column width=&#8220;2\/3&#8243;][vc_column_text]<strong>MANI BL\u00c4UEL EPE<\/strong><br \/>\nBRANCH MANI SONNENLINK<br \/>\nPyrgos \u2013 West Mani<br \/>\n24024 Messinias<br \/>\nGriechenland<\/p>\n<p>Telefon: +30 27210 78077<br \/>\nE-mail:<span style=\"color: #f99d1c;\"> burgi@mani-sonnenlink.com<\/span><br \/>\nWebsite: <a href=\"http:\/\/www.mani-sonnenlink.com\/\" target=\"_blank\" rel=\"noopener noreferrer\"><span style=\"color: #f99d1c;\">www.mani-sonnenlink.com<\/span><\/a><\/p>\n<p>USt-IdNr.: EL997910645<\/p>\n<p>EOT Nr.: 1215517, 1215502<\/p>\n<p>Webdesign: <a href=\"https:\/\/abouthotelier.com\/\" target=\"_blank\" rel=\"noopener noreferrer\"><span style=\"color: #f99d1c;\">www.abouthotelier.gr<\/span><\/a><\/p>\n<p><strong>Bildquellen:<\/strong><\/p>\n<p>Andreas Elgert <a href=\"http:\/\/www.elgert.at\/\" target=\"_blank\" rel=\"noopener noreferrer\"><span style=\"color: #f99d1c;\">www.elgert.at<\/span><\/a><br \/>\nJ\u00fcrgen Schm\u00fccking <a href=\"http:\/\/www.elgert.at\/\" target=\"_blank\" rel=\"noopener noreferrer\"><span style=\"color: #f99d1c;\">www.schmuecking.bio<\/span><\/a><br \/>\nMargit Atzler <a href=\"https:\/\/www.margitatzler.at\/de\/start\/\" target=\"_blank\" rel=\"noopener noreferrer\"><span style=\"color: #f99d1c;\">www.margitatzler.at<\/span><\/a><br \/>\nMani Bl\u00e4uel<a href=\"https:\/\/www.mani.organic\/\" target=\"_blank\" rel=\"noopener noreferrer\"><span style=\"color: #f99d1c;\"> www.mani.organic<\/span><\/a><\/p>\n<p>Katrin Tsch\u00fcrtz<\/p>\n<p>Friedrich Graf-G\u00f6tz[\/vc_column_text][\/vc_column][vc_column width=&#8220;1\/6&#8243;][\/vc_column][\/vc_row][vc_row][vc_column][vc_empty_space alter_height=&#8220;small&#8220; hide_on_desktop=&#8220;&#8220; hide_on_notebook=&#8220;&#8220; hide_on_tablet=&#8220;&#8220; hide_on_mobile=&#8220;&#8220;][vc_separator color=&#8220;orange&#8220;][vc_empty_space alter_height=&#8220;small&#8220; hide_on_desktop=&#8220;&#8220; hide_on_notebook=&#8220;&#8220; hide_on_tablet=&#8220;&#8220; hide_on_mobile=&#8220;&#8220;][\/vc_column][\/vc_row][vc_row][vc_column]<div class=\"sc_layouts sc_layouts_default sc_layouts_4723\">[vc_row][vc_column icons_position=\"left\"][vc_empty_space alter_height=\"large\" hide_on_desktop=\"\" hide_on_notebook=\"\" hide_on_tablet=\"\" hide_on_mobile=\"\" css=\".vc_custom_1507199848888{margin-top: 0.3rem !important;}\"][vc_row_inner][vc_column_inner width=\"1\/3\" hide_bg_image_on_tablet=\"\" hide_bg_image_on_mobile=\"\" icons_position=\"left\" css=\".vc_custom_1515160016087{padding-top: 60px !important;padding-right: 20px !important;padding-bottom: 60px !important;padding-left: 20px !important;}\"][vc_single_image image=\"4460\" img_size=\"medium\" alignment=\"center\" onclick=\"custom_link\" link=\"https:\/\/mani-sonnenlink.com\/de\/blog-news\/\"][vc_custom_heading text=\"News \" font_container=\"tag:h4|text_align:center|color:%23000000\" google_fonts=\"font_family:Open%20Sans%3A300%2C300italic%2Cregular%2Citalic%2C600%2C600italic%2C700%2C700italic%2C800%2C800italic|font_style:400%20regular%3A400%3Anormal\" link=\"url:https%3A%2F%2Fmani-sonnenlink.com%2Fde%2Fblog-news%2F|title:NEWS||\" el_class=\"ah-title-hotel-line ah-heading-link-center\"][\/vc_column_inner][vc_column_inner el_class=\"ah-heading-has-fill\" width=\"1\/3\" fix_column=\"\" hide_bg_image_on_tablet=\"\" hide_bg_image_on_mobile=\"\" icons_position=\"left\" css=\".vc_custom_1587553526351{padding-top: 60px !important;padding-right: 20px !important;padding-bottom: 60px !important;padding-left: 20px !important;}\"][vc_single_image image=\"3691\" img_size=\"medium\" alignment=\"center\" onclick=\"custom_link\" link=\"https:\/\/mani-sonnenlink.com\/de\/mani-holiday\/\"][vc_custom_heading text=\"Urlaub in der Mani\" font_container=\"tag:h4|text_align:center|color:%23000000\" google_fonts=\"font_family:Open%20Sans%3A300%2C300italic%2Cregular%2Citalic%2C600%2C600italic%2C700%2C700italic%2C800%2C800italic|font_style:400%20regular%3A400%3Anormal\" link=\"url:https%3A%2F%2Fmani-sonnenlink.com%2Fde%2Fmani-holiday%2F|title:MANI||\" el_class=\"ah-title-hotel-line ah-heading-link-center\"][\/vc_column_inner][vc_column_inner width=\"1\/3\" hide_bg_image_on_tablet=\"\" hide_bg_image_on_mobile=\"\" icons_position=\"left\" css=\".vc_custom_1588940269509{padding-top: 60px !important;padding-right: 20px !important;padding-bottom: 60px !important;padding-left: 20px !important;}\"][vc_single_image image=\"3809\" img_size=\"medium\" alignment=\"center\" onclick=\"custom_link\" link=\"https:\/\/mani-sonnenlink.com\/de\/seminars-groups\/\"][vc_custom_heading text=\"Seminare &amp; Gruppen\" font_container=\"tag:h4|text_align:center|color:%23000000\" google_fonts=\"font_family:Open%20Sans%3A300%2C300italic%2Cregular%2Citalic%2C600%2C600italic%2C700%2C700italic%2C800%2C800italic|font_style:400%20regular%3A400%3Anormal\" link=\"url:https%3A%2F%2Fmani-sonnenlink.com%2Fde%2Fseminars-groups%2F|title:GRUPPEN%20%26%20SEMINARE||\" el_class=\"ah-title-hotel-line ah-heading-link-center\"][\/vc_column_inner][\/vc_row_inner][\/vc_column][\/vc_row]<\/div>[\/vc_column][\/vc_row]<\/p>\n","protected":false},"excerpt":{"rendered":"<p>[vc_row][vc_column][vc_empty_space alter_height=&#8220;medium&#8220; hide_on_desktop=&#8220;&#8220; hide_on_notebook=&#8220;&#8220; hide_on_tablet=&#8220;&#8220; hide_on_mobile=&#8220;&#8220; css=&#8220;.vc_custom_1507185435221{margin-bottom: -0.5rem !important;}&#8220;][vc_empty_space alter_height=&#8220;medium&#8220; hide_on_desktop=&#8220;&#8220; hide_on_notebook=&#8220;&#8220; hide_on_tablet=&#8220;&#8220; hide_on_mobile=&#8220;&#8220; css=&#8220;.vc_custom_1507185605895{margin-top: -0.4rem !important;}&#8220;][\/vc_column][\/vc_row][vc_row][vc_column width=&#8220;1\/6&#8243;][\/vc_column][vc_column width=&#8220;2\/3&#8243;][vc_column_text]MANI BL\u00c4UEL EPE BRANCH MANI SONNENLINK Pyrgos \u2013 West Mani 24024 Messinias Griechenland Telefon: +30 27210 78077 E-mail: burgi@mani-sonnenlink.com Website: www.mani-sonnenlink.com USt-IdNr.: EL997910645 EOT Nr.: 1215517, 1215502 Webdesign: www.abouthotelier.gr Bildquellen: Andreas Elgert www.elgert.at J\u00fcrgen Schm\u00fccking www.schmuecking.bio Margit Atzler www.margitatzler.at Mani Bl\u00e4uel www.mani.organic&hellip;<\/p>\n","protected":false},"author":1,"featured_media":0,"parent":0,"menu_order":0,"comment_status":"closed","ping_status":"closed","template":"","meta":{"footnotes":""},"class_list":["post-5485","page","type-page","status-publish","hentry"],"_links":{"self":[{"href":"https:\/\/mani-sonnenlink.com\/de\/wp-json\/wp\/v2\/pages\/5485","targetHints":{"allow":["GET"]}}],"collection":[{"href":"https:\/\/mani-sonnenlink.com\/de\/wp-json\/wp\/v2\/pages"}],"about":[{"href":"https:\/\/mani-sonnenlink.com\/de\/wp-json\/wp\/v2\/types\/page"}],"author":[{"embeddable":true,"href":"https:\/\/mani-sonnenlink.com\/de\/wp-json\/wp\/v2\/users\/1"}],"replies":[{"embeddable":true,"href":"https:\/\/mani-sonnenlink.com\/de\/wp-json\/wp\/v2\/comments?post=5485"}],"version-history":[{"count":2,"href":"https:\/\/mani-sonnenlink.com\/de\/wp-json\/wp\/v2\/pages\/5485\/revisions"}],"predecessor-version":[{"id":6851,"href":"https:\/\/mani-sonnenlink.com\/de\/wp-json\/wp\/v2\/pages\/5485\/revisions\/6851"}],"wp:attachment":[{"href":"https:\/\/mani-sonnenlink.com\/de\/wp-json\/wp\/v2\/media?parent=5485"}],"curies":[{"name":"wp","href":"https:\/\/api.w.org\/{rel}","templated":true}]}}