{"id":5481,"date":"2020-05-26T18:53:40","date_gmt":"2020-05-26T15:53:40","guid":{"rendered":"https:\/\/mani-sonnenlink.com\/arrival\/"},"modified":"2023-04-26T10:26:43","modified_gmt":"2023-04-26T07:26:43","slug":"arrival","status":"publish","type":"page","link":"https:\/\/mani-sonnenlink.com\/de\/arrival\/","title":{"rendered":"ANREISE"},"content":{"rendered":"<p>[vc_row][vc_column][vc_empty_space alter_height=&#8220;medium&#8220; hide_on_desktop=&#8220;&#8220; hide_on_notebook=&#8220;&#8220; hide_on_tablet=&#8220;&#8220; hide_on_mobile=&#8220;&#8220; css=&#8220;.vc_custom_1507185435221{margin-bottom: -0.5rem !important;}&#8220;]<div id=\"sc_title_1018665338\"\n\t\tclass=\"sc_title color_style_default sc_title_default\"><h6 class=\"sc_item_subtitle sc_title_subtitle sc_align_center sc_item_title_style_default\">ANREISE<\/h6><\/div><!-- \/.sc_title -->[vc_empty_space alter_height=&#8220;medium&#8220; hide_on_desktop=&#8220;&#8220; hide_on_notebook=&#8220;&#8220; hide_on_tablet=&#8220;&#8220; hide_on_mobile=&#8220;&#8220; css=&#8220;.vc_custom_1507185605895{margin-top: -0.4rem !important;}&#8220;][\/vc_column][\/vc_row][vc_row][vc_column width=&#8220;1\/6&#8243;][\/vc_column][vc_column width=&#8220;2\/3&#8243;][vc_column_text]Bio-G\u00e4stehaus Mani Sonnenlink liegt am S\u00fcdpeleponnes, in der Region Mani. In Hanglage oberhalb des Meeres, zwischen den D\u00f6rfern Neochori und Pyrgos. Die n\u00e4chstgelegene K\u00fcstenstadt ist Stoupa, 4 km entfernt. Hier finden Sie Gesch\u00e4fte, Apotheken, Tavernen, Caf\u00e9s, Geldautomaten, usw.<\/p>\n<p>GPS-Koordinaten<\/p>\n<p>Breitengrad 36,83906<br \/>\nL\u00e4ngengrad 22,29469299<\/p>\n<p><iframe style=\"border: 0;\" tabindex=\"0\" src=\"https:\/\/www.google.com\/maps\/embed?pb=!1m18!1m12!1m3!1d3193.1406687390827!2d22.292650215291022!3d36.83910697994061!2m3!1f0!2f0!3f0!3m2!1i1024!2i768!4f13.1!3m3!1m2!1s0x1361c1d1b437ca21%3A0x7735b7833dbcf39f!2sBiohotel%20Mani%20Sonnenlink!5e0!3m2!1sde!2sgr!4v1590508738530!5m2!1sde!2sgr\" width=\"1070\" height=\"550\" frameborder=\"0\" allowfullscreen=\"allowfullscreen\" aria-hidden=\"false\"><span data-mce-type=\"bookmark\" style=\"display: inline-block; width: 0px; overflow: hidden; line-height: 0;\" class=\"mce_SELRES_start\">\ufeff<\/span><\/iframe><\/p>\n<p><span style=\"color: #ff9900;\">ANREISE MIT DEM FLUGZEUG<\/span><\/p>\n<p>Flughafen Kalamata, ca. M\u00e4rz bis November \u2013 65km<br \/>\nVom Flughafen mit Taxi oder Mietwagen (ca. 1,5 Stunden Fahrt).<\/p>\n<p>Flughafen Athen, ganzj\u00e4hrig \u2013 316 km<br \/>\nVom Flughafen mit dem Taxi oder Mietwagen (ca. 3,5 Stunden Fahrt)<br \/>\nDer Athener Flughafen ist mit dem Busbahnhof Kifissiou durch einen Flughafen-Shuttle-Bus verbunden (X93 f\u00e4hrt alle 30 Minuten). Von dort Busverbindung nach Kalamata ca. 10 Mal t\u00e4glich (Fahrzeit ca. 2,5 Stunden), einmal t\u00e4glich direkte Verbindung in die Mani.<br \/>\n<a href=\"https:\/\/www.ktelmessinias.gr\/en\/athens-3\/\" target=\"_blank\" rel=\"noopener noreferrer\"><span style=\"color: #ff9900;\">Busverbindungen Athen \u2013 Kalamata und Athen \u2013 Mani<\/span><\/a><\/p>\n<p><span style=\"color: #ff9900;\">ANREISE MIT DER F\u00c4HRE<\/span><\/p>\n<p>F\u00e4hrverbindungen von den italienischen F\u00e4hrh\u00e4fen Ancona, Venedig, Brindisi und Bari nach Patras (Nordpeloponnes).<br \/>\nPatras \u2013 Mani Sonnenlink, 256 km, ca. 4 Stunden mit dem Auto oder Taxi.<br \/>\n2 x t\u00e4glich Busverbindung von Patras nach Kalamata. T\u00e4glich 13.00 Kalamata &#8211; Stoupa.<\/p>\n<p><span style=\"color: #ff9900;\">ANREISE MIT \u00d6FFENTLICHEN VERKEHRSMITTELN<\/span><\/p>\n<p>Auch die klimafreundliche Anreise, ausschliesslich oder teilweise mit \u00f6ffentlichen Verkehrsmitteln, ist m\u00f6glich.<br \/>\nMit dem Zug bis Ancona, Venedig oder Bari. Dann weiter mit der F\u00e4hre nach Patras, Von dort mit dem Bus in die Mani oder mit Mietwagen. Der Weg ist hier das Ziel!<br \/>\nHier zwei Berichte von Reisenden, die diese Anreise gew\u00e4hlt, und sehr genossen haben!<\/p>\n<p><a href=\"https:\/\/mani-sonnenlink.com\/de\/2023\/04\/20\/der-weg-ist-das-ziel\/\">Der Weg ist das Ziel\u00a0<\/a><\/p>\n<p><a href=\"https:\/\/mani-sonnenlink.com\/de\/2022\/01\/14\/anreise-mit-zug-faehre-und-bus\/\">Mit Bus, F\u00e4hre und Bus nach Griechenland<\/a>[\/vc_column_text][\/vc_column][vc_column width=&#8220;1\/6&#8243;][\/vc_column][\/vc_row][vc_row][vc_column][vc_empty_space alter_height=&#8220;small&#8220; hide_on_desktop=&#8220;&#8220; hide_on_notebook=&#8220;&#8220; hide_on_tablet=&#8220;&#8220; hide_on_mobile=&#8220;&#8220;][vc_separator color=&#8220;orange&#8220;][vc_empty_space alter_height=&#8220;small&#8220; hide_on_desktop=&#8220;&#8220; hide_on_notebook=&#8220;&#8220; hide_on_tablet=&#8220;&#8220; hide_on_mobile=&#8220;&#8220;][\/vc_column][\/vc_row][vc_row][vc_column]<div class=\"sc_layouts sc_layouts_default sc_layouts_4723\">[vc_row][vc_column icons_position=\"left\"][vc_empty_space alter_height=\"large\" hide_on_desktop=\"\" hide_on_notebook=\"\" hide_on_tablet=\"\" hide_on_mobile=\"\" css=\".vc_custom_1507199848888{margin-top: 0.3rem !important;}\"][vc_row_inner][vc_column_inner width=\"1\/3\" hide_bg_image_on_tablet=\"\" hide_bg_image_on_mobile=\"\" icons_position=\"left\" css=\".vc_custom_1515160016087{padding-top: 60px !important;padding-right: 20px !important;padding-bottom: 60px !important;padding-left: 20px !important;}\"][vc_single_image image=\"4460\" img_size=\"medium\" alignment=\"center\" onclick=\"custom_link\" link=\"https:\/\/mani-sonnenlink.com\/de\/blog-news\/\"][vc_custom_heading text=\"News \" font_container=\"tag:h4|text_align:center|color:%23000000\" google_fonts=\"font_family:Open%20Sans%3A300%2C300italic%2Cregular%2Citalic%2C600%2C600italic%2C700%2C700italic%2C800%2C800italic|font_style:400%20regular%3A400%3Anormal\" link=\"url:https%3A%2F%2Fmani-sonnenlink.com%2Fde%2Fblog-news%2F|title:NEWS||\" el_class=\"ah-title-hotel-line ah-heading-link-center\"][\/vc_column_inner][vc_column_inner el_class=\"ah-heading-has-fill\" width=\"1\/3\" fix_column=\"\" hide_bg_image_on_tablet=\"\" hide_bg_image_on_mobile=\"\" icons_position=\"left\" css=\".vc_custom_1587553526351{padding-top: 60px !important;padding-right: 20px !important;padding-bottom: 60px !important;padding-left: 20px !important;}\"][vc_single_image image=\"3691\" img_size=\"medium\" alignment=\"center\" onclick=\"custom_link\" link=\"https:\/\/mani-sonnenlink.com\/de\/mani-holiday\/\"][vc_custom_heading text=\"Urlaub in der Mani\" font_container=\"tag:h4|text_align:center|color:%23000000\" google_fonts=\"font_family:Open%20Sans%3A300%2C300italic%2Cregular%2Citalic%2C600%2C600italic%2C700%2C700italic%2C800%2C800italic|font_style:400%20regular%3A400%3Anormal\" link=\"url:https%3A%2F%2Fmani-sonnenlink.com%2Fde%2Fmani-holiday%2F|title:MANI||\" el_class=\"ah-title-hotel-line ah-heading-link-center\"][\/vc_column_inner][vc_column_inner width=\"1\/3\" hide_bg_image_on_tablet=\"\" hide_bg_image_on_mobile=\"\" icons_position=\"left\" css=\".vc_custom_1588940269509{padding-top: 60px !important;padding-right: 20px !important;padding-bottom: 60px !important;padding-left: 20px !important;}\"][vc_single_image image=\"3809\" img_size=\"medium\" alignment=\"center\" onclick=\"custom_link\" link=\"https:\/\/mani-sonnenlink.com\/de\/seminars-groups\/\"][vc_custom_heading text=\"Seminare &amp; Gruppen\" font_container=\"tag:h4|text_align:center|color:%23000000\" google_fonts=\"font_family:Open%20Sans%3A300%2C300italic%2Cregular%2Citalic%2C600%2C600italic%2C700%2C700italic%2C800%2C800italic|font_style:400%20regular%3A400%3Anormal\" link=\"url:https%3A%2F%2Fmani-sonnenlink.com%2Fde%2Fseminars-groups%2F|title:GRUPPEN%20%26%20SEMINARE||\" el_class=\"ah-title-hotel-line ah-heading-link-center\"][\/vc_column_inner][\/vc_row_inner][\/vc_column][\/vc_row]<\/div>[\/vc_column][\/vc_row]<\/p>\n","protected":false},"excerpt":{"rendered":"<p>[vc_row][vc_column][vc_empty_space alter_height=&#8220;medium&#8220; hide_on_desktop=&#8220;&#8220; hide_on_notebook=&#8220;&#8220; hide_on_tablet=&#8220;&#8220; hide_on_mobile=&#8220;&#8220; css=&#8220;.vc_custom_1507185435221{margin-bottom: -0.5rem !important;}&#8220;][vc_empty_space alter_height=&#8220;medium&#8220; hide_on_desktop=&#8220;&#8220; hide_on_notebook=&#8220;&#8220; hide_on_tablet=&#8220;&#8220; hide_on_mobile=&#8220;&#8220; css=&#8220;.vc_custom_1507185605895{margin-top: -0.4rem !important;}&#8220;][\/vc_column][\/vc_row][vc_row][vc_column width=&#8220;1\/6&#8243;][\/vc_column][vc_column width=&#8220;2\/3&#8243;][vc_column_text]Bio-G\u00e4stehaus Mani Sonnenlink liegt am S\u00fcdpeleponnes, in der Region Mani. In Hanglage oberhalb des Meeres, zwischen den D\u00f6rfern Neochori und Pyrgos. Die n\u00e4chstgelegene K\u00fcstenstadt ist Stoupa, 4 km entfernt. Hier finden Sie Gesch\u00e4fte, Apotheken, Tavernen, Caf\u00e9s, Geldautomaten, usw. GPS-Koordinaten Breitengrad 36,83906 L\u00e4ngengrad&hellip;<\/p>\n","protected":false},"author":1,"featured_media":0,"parent":0,"menu_order":0,"comment_status":"closed","ping_status":"closed","template":"","meta":{"footnotes":""},"class_list":["post-5481","page","type-page","status-publish","hentry"],"_links":{"self":[{"href":"https:\/\/mani-sonnenlink.com\/de\/wp-json\/wp\/v2\/pages\/5481","targetHints":{"allow":["GET"]}}],"collection":[{"href":"https:\/\/mani-sonnenlink.com\/de\/wp-json\/wp\/v2\/pages"}],"about":[{"href":"https:\/\/mani-sonnenlink.com\/de\/wp-json\/wp\/v2\/types\/page"}],"author":[{"embeddable":true,"href":"https:\/\/mani-sonnenlink.com\/de\/wp-json\/wp\/v2\/users\/1"}],"replies":[{"embeddable":true,"href":"https:\/\/mani-sonnenlink.com\/de\/wp-json\/wp\/v2\/comments?post=5481"}],"version-history":[{"count":2,"href":"https:\/\/mani-sonnenlink.com\/de\/wp-json\/wp\/v2\/pages\/5481\/revisions"}],"predecessor-version":[{"id":7065,"href":"https:\/\/mani-sonnenlink.com\/de\/wp-json\/wp\/v2\/pages\/5481\/revisions\/7065"}],"wp:attachment":[{"href":"https:\/\/mani-sonnenlink.com\/de\/wp-json\/wp\/v2\/media?parent=5481"}],"curies":[{"name":"wp","href":"https:\/\/api.w.org\/{rel}","templated":true}]}}