{"id":4848,"date":"2020-04-07T14:42:11","date_gmt":"2020-04-07T11:42:11","guid":{"rendered":"https:\/\/mani-sonnenlink.com\/seminars-groups\/"},"modified":"2026-01-22T16:43:12","modified_gmt":"2026-01-22T13:43:12","slug":"seminars-groups","status":"publish","type":"page","link":"https:\/\/mani-sonnenlink.com\/de\/seminars-groups\/","title":{"rendered":"GRUPPEN &#038; SEMINARE"},"content":{"rendered":"<p>[vc_row equal_height=&#8220;yes&#8220; hide_bg_image_on_tablet=&#8220;&#8220; hide_bg_image_on_mobile=&#8220;&#8220;][vc_column][vc_empty_space alter_height=&#8220;medium&#8220; hide_on_desktop=&#8220;&#8220; hide_on_notebook=&#8220;&#8220; hide_on_tablet=&#8220;&#8220; hide_on_mobile=&#8220;&#8220; css=&#8220;.vc_custom_1507185435221{margin-bottom: -0.5rem !important;}&#8220;]<div id=\"sc_title_351490347\"\n\t\tclass=\"sc_title color_style_default sc_title_default\"><h6 class=\"sc_item_subtitle sc_title_subtitle sc_align_center sc_item_title_style_default\">GRUPPEN & SEMINARE<\/h6><div class=\"sc_item_descr sc_title_descr sc_align_center\"><p>Suchen Sie einen besonderen Ort mit Privatsph\u00e4re, um einen Workshop, eine Veranstaltung oder ein Seminar zu organisieren oder zu besuchen? Mani Sonnenlink Bio-G\u00e4stehaus und Retreat Zentrum befindet sich in der inspirierenden Landschaft des S\u00fcd-Peloponnes, einer der sch\u00f6nsten K\u00fcstenregionen Griechenlands.<\/p>\n<\/div><\/div><!-- \/.sc_title -->[vc_empty_space alter_height=&#8220;medium&#8220; hide_on_desktop=&#8220;&#8220; hide_on_notebook=&#8220;&#8220; hide_on_tablet=&#8220;&#8220; hide_on_mobile=&#8220;&#8220; css=&#8220;.vc_custom_1507185435221{margin-bottom: -0.5rem !important;}&#8220;][\/vc_column][\/vc_row][vc_row][vc_column width=&#8220;1\/2&#8243;][vc_single_image image=&#8220;5167&#8243; img_size=&#8220;550&#215;827&#8243; alignment=&#8220;center&#8220;][\/vc_column][vc_column width=&#8220;1\/2&#8243;][vc_empty_space height=&#8220;70px&#8220; alter_height=&#8220;large&#8220; hide_on_desktop=&#8220;&#8220; hide_on_notebook=&#8220;&#8220; hide_on_tablet=&#8220;&#8220; hide_on_mobile=&#8220;&#8220;]<div id=\"sc_title_466959579\"\n\t\tclass=\"sc_title color_style_default sc_title_default\"><h6 class=\"sc_item_subtitle sc_title_subtitle sc_align_left sc_item_title_style_default\">BIO-G\u00c4STEHAUS UND SEMINARHAUS MIT WEITBLICK<\/h6><\/div><!-- \/.sc_title -->[vc_empty_space alter_height=&#8220;small&#8220; hide_on_desktop=&#8220;&#8220; hide_on_notebook=&#8220;&#8220; hide_on_tablet=&#8220;&#8220; hide_on_mobile=&#8220;&#8220;][vc_column_text]Das Resort auf dem H\u00fcgel, inmitten von Olivenhainen, mit Blick auf das Mittelmeer, verbindet traditionelle, qualitativ hochwertige, griechische Architektur mit modernen Spezifikationen und Standards und der Leichtigkeit des Feng Shui.<\/p>\n<p>Es ist ein Ort f\u00fcr Sommer- und Winter-Workshops. Der Meditationsraum, das griechische Amphitheater, ein Mandala-Pavillon und offene Fl\u00e4chen im Gartenbereich eignen sich f\u00fcr Yoga-Kurse, Tanzworkshops, Therapien und viele andere Arten von Aktivit\u00e4ten und Veranstaltungen<\/p>\n<p><strong>Innen-Gruppenraum:<\/strong>\u00a032 m2, Holzboden naturge\u00f6lt, Kamin, Heizung, Klimaanlage mit einem Wintergarten bzw. Veranda als Vorraum (22m2)<\/p>\n<p>Dem Gruppenraum ist in ein grossz\u00fcgiges Apartment angeschlossen, das ideale Unterkunft und R\u00fcckzug f\u00fcr die SeminarleiterInnen bietet.<\/p>\n<p><strong>Aussen-Gruppenraum<\/strong>:\u00a0Griechisches Freiluft-Theater\u00a0mit Marmorboden: 75m2\u00a0mit 150 Sitzpl\u00e4tzen. Das gesamte Gel\u00e4nde ist\u00a0nicht von der Stra\u00dfe aus einsichtig. Dies erm\u00f6glicht Familienaufstellungen, Sadhanas und andere Meditations &#8211; und Therapieformen bzw. \u00dcbungen. Im Sommer kann die Arena \u00fcberschattet\u00a0 werden und ergibt einen wunderbaren Gruppenraum in der Natur mit Panoramablick &#8211; umschmeichelt und gesch\u00fctzt von Olivenb\u00e4umen und Steineichen.<\/p>\n<p><strong><u>Ausstattung:<\/u><\/strong><strong>\u00a0<\/strong><\/p>\n<p>Meditation-Matratzen und Decken, Klangschalen, tragbare Stereoanlage, Yogamatten, einige Musikinstrumente, gro\u00dfe Profi-Musikanlage im Theater mit Musiksammlung (klassische- und Unterhaltungs Musik) sowie eine umfangreiche Bibliothek. Profi-Massagebank.<\/p>\n<p><a href=\"https:\/\/mani-sonnenlink.com\/de\/seminarhauspreise2026\/\">Gruppenpreise, Konditionen und Verf\u00fcgbarkeit.<\/a>[\/vc_column_text][\/vc_column][\/vc_row][vc_row][vc_column][vc_empty_space alter_height=&#8220;large&#8220; hide_on_desktop=&#8220;&#8220; hide_on_notebook=&#8220;&#8220; hide_on_tablet=&#8220;&#8220; hide_on_mobile=&#8220;&#8220;][\/vc_column][\/vc_row][vc_row][vc_column][vc_column_text]<\/p>\n<p style=\"text-align: center;\"><span style=\"color: #333333;\">Information und Anmeldung zu Workshops und Gruppen im Sonnenlink<\/span><\/p>\n<div id=\":qd\" class=\"Am aiL Al editable LW-avf tS-tW tS-tY\" style=\"text-align: center;\" tabindex=\"1\" role=\"textbox\" contenteditable=\"true\" spellcheck=\"false\" aria-label=\"\u03a3\u03ce\u03bc\u03b1 \u03bc\u03b7\u03bd\u03cd\u03bc\u03b1\u03c4\u03bf\u03c2\" aria-multiline=\"true\" aria-owns=\":1fj\" aria-controls=\":1fj\" aria-expanded=\"false\">\n<p><a href=\"https:\/\/mani-sonnenlink.com\/de\/2025\/09\/19\/yoga-urlaubswoche-2\/\" target=\"_blank\" rel=\"noopener\">Deine Yoga Urlaubswoche auf der sch\u00f6nen Mani vom<\/a><br \/>\n<a href=\"https:\/\/mani-sonnenlink.com\/de\/2025\/09\/19\/yoga-urlaubswoche-2\/\" target=\"_blank\" rel=\"noopener noreferrer\">3. \u2013 10. April 2026 oder 3. \u2013 7. April 2026<\/a><\/p>\n<p><a href=\"https:\/\/mani-sonnenlink.com\/de\/2026\/01\/13\/yoga-woche-5-12-9-2026\/\" target=\"_blank\" rel=\"noopener\">Yoga-Woche in Griechenland mit <span data-olk-copy-source=\"MessageBody\">Heike Lelle<\/span> 26. September &#8211; 03. Oktober 2026<\/a><\/p>\n<p><a href=\"https:\/\/mani-sonnenlink.com\/2025\/01\/28\/uplift-yourself-yoga-meditation-retreat-10-15-may-2025\/\">Yoga &amp; Meditation in Nature Retreat 03 &#8211; 10 Oct. 2026<\/a><\/p>\n<\/div>\n<p>[\/vc_column_text][\/vc_column][\/vc_row][vc_row][vc_column][vc_empty_space alter_height=&#8220;large&#8220; hide_on_desktop=&#8220;&#8220; hide_on_notebook=&#8220;&#8220; hide_on_tablet=&#8220;&#8220; hide_on_mobile=&#8220;&#8220;][\/vc_column][\/vc_row][vc_row][vc_column][vc_media_grid grid_id=&#8220;vc_gid:1769089267927-b42c27f68229ba3be6d3e5c3358af16b-8&#8243; include=&#8220;5139,5124,5138,5127,5125,5137&#8243;][\/vc_column][\/vc_row][vc_row][vc_column][vc_empty_space alter_height=&#8220;medium&#8220; hide_on_desktop=&#8220;&#8220; hide_on_notebook=&#8220;&#8220; hide_on_tablet=&#8220;&#8220; hide_on_mobile=&#8220;&#8220;][\/vc_column][\/vc_row][vc_row][vc_column][vc_separator color=&#8220;orange&#8220;][\/vc_column][\/vc_row][vc_row][vc_column][vc_empty_space alter_height=&#8220;medium&#8220; hide_on_desktop=&#8220;&#8220; hide_on_notebook=&#8220;&#8220; hide_on_tablet=&#8220;&#8220; hide_on_mobile=&#8220;&#8220;][\/vc_column][\/vc_row][vc_row][vc_column]<div class=\"sc_layouts sc_layouts_default sc_layouts_4852\">[vc_row][vc_column icons_position=\"left\"][vc_empty_space alter_height=\"large\" hide_on_desktop=\"\" hide_on_notebook=\"\" hide_on_tablet=\"\" hide_on_mobile=\"\" css=\".vc_custom_1507199848888{margin-top: 0.3rem !important;}\"][vc_row_inner][vc_column_inner width=\"1\/3\" hide_bg_image_on_tablet=\"\" hide_bg_image_on_mobile=\"\" icons_position=\"left\" css=\".vc_custom_1515160016087{padding-top: 60px !important;padding-right: 20px !important;padding-bottom: 60px !important;padding-left: 20px !important;}\"][vc_single_image image=\"4460\" img_size=\"medium\" alignment=\"center\" onclick=\"custom_link\" link=\"https:\/\/mani-sonnenlink.com\/de\/blog-news\/\"][vc_custom_heading text=\"News \" font_container=\"tag:h4|text_align:center|color:%23000000\" google_fonts=\"font_family:Open%20Sans%3A300%2C300italic%2Cregular%2Citalic%2C600%2C600italic%2C700%2C700italic%2C800%2C800italic|font_style:400%20regular%3A400%3Anormal\" link=\"url:https%3A%2F%2Fmani-sonnenlink.com%2Fde%2Fblog-news%2F|title:NEWS||\" el_class=\"ah-title-hotel-line ah-heading-link-center\"][\/vc_column_inner][vc_column_inner el_class=\"ah-heading-has-fill\" width=\"1\/3\" fix_column=\"\" hide_bg_image_on_tablet=\"\" hide_bg_image_on_mobile=\"\" icons_position=\"left\" css=\".vc_custom_1587553526351{padding-top: 60px !important;padding-right: 20px !important;padding-bottom: 60px !important;padding-left: 20px !important;}\"][vc_single_image image=\"3885\" img_size=\"medium\" alignment=\"center\" onclick=\"custom_link\" link=\"https:\/\/mani-sonnenlink.com\/de\/music-festivals\/\"][vc_custom_heading text=\"Musik Sommer\" font_container=\"tag:h4|text_align:center|color:%23000000\" google_fonts=\"font_family:Open%20Sans%3A300%2C300italic%2Cregular%2Citalic%2C600%2C600italic%2C700%2C700italic%2C800%2C800italic|font_style:400%20regular%3A400%3Anormal\" link=\"url:https%3A%2F%2Fmani-sonnenlink.com%2Fde%2Fmusic-festivals%2F|title:MUSIK%20SOMMER||\" el_class=\"ah-title-hotel-line ah-heading-link-center\"][\/vc_column_inner][vc_column_inner width=\"1\/3\" hide_bg_image_on_tablet=\"\" hide_bg_image_on_mobile=\"\" icons_position=\"left\" css=\".vc_custom_1588921256834{padding-top: 60px !important;padding-right: 20px !important;padding-bottom: 60px !important;padding-left: 20px !important;}\"][vc_single_image image=\"3781\" img_size=\"medium\" alignment=\"center\" onclick=\"custom_link\" link=\"https:\/\/mani-sonnenlink.com\/de\/gallery\/\"][vc_custom_heading text=\"Mani Sonnenlink in Bildern\" font_container=\"tag:h4|text_align:center|color:%23000000\" google_fonts=\"font_family:Open%20Sans%3A300%2C300italic%2Cregular%2Citalic%2C600%2C600italic%2C700%2C700italic%2C800%2C800italic|font_style:400%20regular%3A400%3Anormal\" link=\"url:https%3A%2F%2Fmani-sonnenlink.com%2Fde%2Fgallery%2F|title:FOTOGALERIE||\" el_class=\"ah-title-hotel-line ah-heading-link-center\"][\/vc_column_inner][\/vc_row_inner][\/vc_column][\/vc_row]<\/div>[\/vc_column][\/vc_row]<\/p>\n","protected":false},"excerpt":{"rendered":"<p>[vc_row equal_height=&#8220;yes&#8220; hide_bg_image_on_tablet=&#8220;&#8220; hide_bg_image_on_mobile=&#8220;&#8220;][vc_column][vc_empty_space alter_height=&#8220;medium&#8220; hide_on_desktop=&#8220;&#8220; hide_on_notebook=&#8220;&#8220; hide_on_tablet=&#8220;&#8220; hide_on_mobile=&#8220;&#8220; css=&#8220;.vc_custom_1507185435221{margin-bottom: -0.5rem !important;}&#8220;][vc_empty_space alter_height=&#8220;medium&#8220; hide_on_desktop=&#8220;&#8220; hide_on_notebook=&#8220;&#8220; hide_on_tablet=&#8220;&#8220; hide_on_mobile=&#8220;&#8220; css=&#8220;.vc_custom_1507185435221{margin-bottom: -0.5rem !important;}&#8220;][\/vc_column][\/vc_row][vc_row][vc_column width=&#8220;1\/2&#8243;][vc_single_image image=&#8220;5167&#8243; img_size=&#8220;550&#215;827&#8243; alignment=&#8220;center&#8220;][\/vc_column][vc_column width=&#8220;1\/2&#8243;][vc_empty_space height=&#8220;70px&#8220; alter_height=&#8220;large&#8220; hide_on_desktop=&#8220;&#8220; hide_on_notebook=&#8220;&#8220; hide_on_tablet=&#8220;&#8220; hide_on_mobile=&#8220;&#8220;][vc_empty_space alter_height=&#8220;small&#8220; hide_on_desktop=&#8220;&#8220; hide_on_notebook=&#8220;&#8220; hide_on_tablet=&#8220;&#8220; hide_on_mobile=&#8220;&#8220;][vc_column_text]Das Resort auf dem H\u00fcgel, inmitten von Olivenhainen, mit Blick auf das Mittelmeer, verbindet traditionelle, qualitativ hochwertige, griechische Architektur mit modernen Spezifikationen und Standards und&hellip;<\/p>\n","protected":false},"author":1,"featured_media":0,"parent":0,"menu_order":0,"comment_status":"closed","ping_status":"closed","template":"","meta":{"footnotes":""},"class_list":["post-4848","page","type-page","status-publish","hentry"],"_links":{"self":[{"href":"https:\/\/mani-sonnenlink.com\/de\/wp-json\/wp\/v2\/pages\/4848","targetHints":{"allow":["GET"]}}],"collection":[{"href":"https:\/\/mani-sonnenlink.com\/de\/wp-json\/wp\/v2\/pages"}],"about":[{"href":"https:\/\/mani-sonnenlink.com\/de\/wp-json\/wp\/v2\/types\/page"}],"author":[{"embeddable":true,"href":"https:\/\/mani-sonnenlink.com\/de\/wp-json\/wp\/v2\/users\/1"}],"replies":[{"embeddable":true,"href":"https:\/\/mani-sonnenlink.com\/de\/wp-json\/wp\/v2\/comments?post=4848"}],"version-history":[{"count":3,"href":"https:\/\/mani-sonnenlink.com\/de\/wp-json\/wp\/v2\/pages\/4848\/revisions"}],"predecessor-version":[{"id":8634,"href":"https:\/\/mani-sonnenlink.com\/de\/wp-json\/wp\/v2\/pages\/4848\/revisions\/8634"}],"wp:attachment":[{"href":"https:\/\/mani-sonnenlink.com\/de\/wp-json\/wp\/v2\/media?parent=4848"}],"curies":[{"name":"wp","href":"https:\/\/api.w.org\/{rel}","templated":true}]}}