{"id":4835,"date":"2017-12-19T14:22:24","date_gmt":"2017-12-19T11:22:24","guid":{"rendered":"https:\/\/mani-sonnenlink.com\/organic-kitchen\/"},"modified":"2023-02-09T14:30:59","modified_gmt":"2023-02-09T11:30:59","slug":"bio-fruehstueck","status":"publish","type":"page","link":"https:\/\/mani-sonnenlink.com\/de\/bio-fruehstueck\/","title":{"rendered":"BIO K\u00dcCHE"},"content":{"rendered":"<p>[vc_row equal_height=&#8220;yes&#8220;][vc_column][vc_empty_space alter_height=&#8220;medium&#8220; hide_on_desktop=&#8220;&#8220; hide_on_notebook=&#8220;&#8220; hide_on_tablet=&#8220;&#8220; hide_on_mobile=&#8220;&#8220; css=&#8220;.vc_custom_1507185435221{margin-bottom: -0.5rem !important;}&#8220;]<div id=\"sc_title_656540740\"\n\t\tclass=\"sc_title color_style_default sc_title_default\"><h6 class=\"sc_item_subtitle sc_title_subtitle sc_align_center sc_item_title_style_default\">BIO K\u00dcCHE<\/h6><div class=\"sc_item_descr sc_title_descr sc_align_center\"><p>Essen bedeutet f\u00fcr uns das Aufnehmen heilsamer Stoffe! Zutaten h\u00f6chster Qualit\u00e4t, \u00fcberwiegend regional und<br \/>\nsaisonal, ganzheitlich kombiniert und schonend zubereitet, garantieren Geschmack und optimale Vertr\u00e4glichkeit.<\/p>\n<\/div><\/div><!-- \/.sc_title -->[vc_empty_space alter_height=&#8220;medium&#8220; hide_on_desktop=&#8220;&#8220; hide_on_notebook=&#8220;&#8220; hide_on_tablet=&#8220;&#8220; hide_on_mobile=&#8220;&#8220; css=&#8220;.vc_custom_1507185435221{margin-bottom: -0.5rem !important;}&#8220;][\/vc_column][\/vc_row][vc_row full_width=&#8220;stretch_row&#8220; hide_bg_image_on_tablet=&#8220;&#8220; hide_bg_image_on_mobile=&#8220;&#8220;][vc_column][\/vc_column][vc_column width=&#8220;5\/12&#8243;]<div id=\"sc_content_268290011\"\n\t\tclass=\"sc_content color_style_default sc_content_default sc_float_center\"><div class=\"sc_content_container\">[vc_single_image image=&#8220;4702&#8243; img_size=&#8220;full&#8220; alignment=&#8220;center&#8220;]<\/div><\/div><!-- \/.sc_content -->[\/vc_column][vc_column width=&#8220;7\/12&#8243;][vc_empty_space height=&#8220;60px&#8220; alter_height=&#8220;large&#8220; hide_on_desktop=&#8220;&#8220; hide_on_notebook=&#8220;&#8220; hide_on_tablet=&#8220;&#8220; hide_on_mobile=&#8220;&#8220;]<div id=\"sc_content_403341727\"\n\t\tclass=\"sc_content color_style_default sc_content_default sc_float_center sc_padding_tiny\"><div class=\"sc_content_container\"><div id=\"sc_title_1438285784\"\n\t\tclass=\"sc_title color_style_default sc_title_default\"><h6 class=\"sc_item_subtitle sc_title_subtitle sc_align_left sc_item_title_style_default\">Voller Genuss und gesund in den Tag starten<\/h6><div class=\"sc_item_descr sc_title_descr sc_align_left\"><p>Stell dir vor, du sitzt zum Fr\u00fchst\u00fcck an einem blauen, griechischen Tisch. Herrliches Brot, frische Salatbl\u00e4tter in saftigem Gr\u00fcn und \u00fcppigen Formen, Oliven, Schafsk\u00e4se, vielleicht etwas Oliven\u00f6l und frische Kr\u00e4uter. Dein Lieblingsgetr\u00e4nk dampft in der Morgenfrische und du bist umspielt von den herrlichsten Farben, T\u00f6nen, Ger\u00e4uschen und Ger\u00fcchen im morgendlichen, st\u00e4ndig sich erneuernden schillernden Licht...<\/p>\n<p>Unser \u00fcppig, nahrhaftes Bio-Veggie Fr\u00fchst\u00fccksbuffet, servieren wir von 8.30 - 11.00 (Juli und August 9.00-11.30 Uhr). Vegane und glutenfreie Optionen stehen zur Auswahl. Die bio-zertifizierten Zutaten stammen von Lieferanten unseres Vertrauens, einiges kommt auch direkt aus unserem Garten oder der Hotelk\u00fcche wie frische Kr\u00e4uter und Salate oder selbst gemachtes Brot und Marmeladen und mehr. Die <a href=\"https:\/\/shop.mani.bio\" rel=\"noopener\" target=\"_blank\">Olivenspezialit\u00e4ten<\/a> aus unserem <a href=\"https:\/\/www.mani.bio\" rel=\"noopener\" target=\"_blank\">Familienunternehmen<\/a> Mani Bl\u00e4uel sind nat\u00fcrlich ein wichtiger Bestandteil am Buffet.<\/p>\n<p><i>Fr\u00fchst\u00fcck inklusive von ca. Ende M\u00e4rz bis ca.Anfang November.<br \/>\nAlle  Unterk\u00fcnfte sind mit Kochgelegenheit ausgestattet und gut f\u00fcr Selbstversorgung w\u00e4hrend des Winterhalbjahres geeignet.<\/i><\/p>\n<\/div><\/div><!-- \/.sc_title -->[vc_empty_space alter_height=&#8220;small&#8220; hide_on_desktop=&#8220;&#8220; hide_on_notebook=&#8220;&#8220; hide_on_tablet=&#8220;&#8220; hide_on_mobile=&#8220;&#8220; css=&#8220;.vc_custom_1507105557858{margin-top: -0.35rem !important;}&#8220;]<\/div><\/div><!-- \/.sc_content -->[vc_empty_space alter_height=&#8220;huge&#8220; hide_on_desktop=&#8220;&#8220; hide_on_notebook=&#8220;&#8220; hide_on_tablet=&#8220;&#8220; hide_on_mobile=&#8220;&#8220; css=&#8220;.vc_custom_1507105586786{margin-top: -0.4rem !important;}&#8220;][\/vc_column][\/vc_row][vc_row full_width=&#8220;stretch_row&#8220; hide_bg_image_on_tablet=&#8220;&#8220; hide_bg_image_on_mobile=&#8220;&#8220;][vc_column][\/vc_column][\/vc_row][vc_row][vc_column][vc_empty_space height=&#8220;50px&#8220; alter_height=&#8220;medium&#8220; hide_on_desktop=&#8220;&#8220; hide_on_notebook=&#8220;&#8220; hide_on_tablet=&#8220;&#8220; hide_on_mobile=&#8220;&#8220;][vc_media_grid element_width=&#8220;2&#8243; grid_id=&#8220;vc_gid:1675942244711-a4b84e53-64b1-10&#8243; include=&#8220;3754,3752,3751,6546,3750,3749,3748,3747,3746,3756,3744,3743,6548,3742,6544,6542&#8243;][\/vc_column][\/vc_row][vc_row][vc_column][vc_empty_space alter_height=&#8220;small&#8220; hide_on_desktop=&#8220;&#8220; hide_on_notebook=&#8220;&#8220; hide_on_tablet=&#8220;&#8220; hide_on_mobile=&#8220;&#8220;][vc_separator color=&#8220;orange&#8220;][vc_empty_space alter_height=&#8220;small&#8220; hide_on_desktop=&#8220;&#8220; hide_on_notebook=&#8220;&#8220; hide_on_tablet=&#8220;&#8220; hide_on_mobile=&#8220;&#8220;][\/vc_column][\/vc_row][vc_row][vc_column]<div class=\"sc_layouts sc_layouts_default sc_layouts_4838\">[vc_row][vc_column icons_position=\"left\"][vc_empty_space alter_height=\"large\" hide_on_desktop=\"\" hide_on_notebook=\"\" hide_on_tablet=\"\" hide_on_mobile=\"\" css=\".vc_custom_1507199848888{margin-top: 0.3rem !important;}\"][vc_row_inner][vc_column_inner width=\"1\/3\" hide_bg_image_on_tablet=\"\" hide_bg_image_on_mobile=\"\" icons_position=\"left\" css=\".vc_custom_1515160016087{padding-top: 60px !important;padding-right: 20px !important;padding-bottom: 60px !important;padding-left: 20px !important;}\"][vc_single_image image=\"4460\" img_size=\"medium\" alignment=\"center\" onclick=\"custom_link\" link=\"https:\/\/mani-sonnenlink.com\/de\/blog-news\/\"][vc_custom_heading text=\"News\" font_container=\"tag:h4|text_align:center|color:%23000000\" google_fonts=\"font_family:Open%20Sans%3A300%2C300italic%2Cregular%2Citalic%2C600%2C600italic%2C700%2C700italic%2C800%2C800italic|font_style:400%20regular%3A400%3Anormal\" link=\"url:https%3A%2F%2Fmani-sonnenlink.com%2Fde%2Fblog-news%2F|title:NEWS||\" el_class=\"ah-title-hotel-line ah-heading-link-center\"][\/vc_column_inner][vc_column_inner width=\"1\/3\" hide_bg_image_on_tablet=\"\" hide_bg_image_on_mobile=\"\" icons_position=\"left\" css=\".vc_custom_1588926738523{padding-top: 60px !important;padding-right: 20px !important;padding-bottom: 60px !important;padding-left: 20px !important;}\"][vc_single_image image=\"3846\" img_size=\"medium\" alignment=\"center\" onclick=\"custom_link\" link=\"https:\/\/mani-sonnenlink.com\/de\/accommodation\/\"][vc_custom_heading text=\"Apartments &amp; Bungalows\" font_container=\"tag:h4|text_align:center|color:%23000000\" google_fonts=\"font_family:Open%20Sans%3A300%2C300italic%2Cregular%2Citalic%2C600%2C600italic%2C700%2C700italic%2C800%2C800italic|font_style:400%20regular%3A400%3Anormal\" link=\"url:https%3A%2F%2Fmani-sonnenlink.com%2Fde%2Faccommodation%2F|title:WOHNEN||\" el_class=\"ah-title-hotel-line ah-heading-link-center\"][\/vc_column_inner][vc_column_inner el_class=\"ah-heading-has-fill\" width=\"1\/3\" fix_column=\"\" hide_bg_image_on_tablet=\"\" hide_bg_image_on_mobile=\"\" icons_position=\"left\" css=\".vc_custom_1588926745226{padding-top: 60px !important;padding-right: 20px !important;padding-bottom: 60px !important;padding-left: 20px !important;}\"][vc_single_image image=\"4465\" img_size=\"medium\" alignment=\"center\" onclick=\"custom_link\" link=\"https:\/\/mani-sonnenlink.com\/de\/location\/\"][vc_custom_heading text=\"Mani \u2013 Land und Menschen mit Charakter\" font_container=\"tag:h4|text_align:center|color:%23000000\" google_fonts=\"font_family:Open%20Sans%3A300%2C300italic%2Cregular%2Citalic%2C600%2C600italic%2C700%2C700italic%2C800%2C800italic|font_style:400%20regular%3A400%3Anormal\" link=\"url:https%3A%2F%2Fmani-sonnenlink.com%2Fde%2Flocation%2F|title:Mani||\" el_class=\"ah-title-hotel-line ah-heading-link-center\"][\/vc_column_inner][\/vc_row_inner][\/vc_column][\/vc_row]<\/div>[\/vc_column][\/vc_row]<\/p>\n","protected":false},"excerpt":{"rendered":"<p>[vc_row equal_height=&#8220;yes&#8220;][vc_column][vc_empty_space alter_height=&#8220;medium&#8220; hide_on_desktop=&#8220;&#8220; hide_on_notebook=&#8220;&#8220; hide_on_tablet=&#8220;&#8220; hide_on_mobile=&#8220;&#8220; css=&#8220;.vc_custom_1507185435221{margin-bottom: -0.5rem !important;}&#8220;][vc_empty_space alter_height=&#8220;medium&#8220; hide_on_desktop=&#8220;&#8220; hide_on_notebook=&#8220;&#8220; hide_on_tablet=&#8220;&#8220; hide_on_mobile=&#8220;&#8220; css=&#8220;.vc_custom_1507185435221{margin-bottom: -0.5rem !important;}&#8220;][\/vc_column][\/vc_row][vc_row full_width=&#8220;stretch_row&#8220; hide_bg_image_on_tablet=&#8220;&#8220; hide_bg_image_on_mobile=&#8220;&#8220;][vc_column][\/vc_column][vc_column width=&#8220;5\/12&#8243;][\/vc_column][vc_column width=&#8220;7\/12&#8243;][vc_empty_space height=&#8220;60px&#8220; alter_height=&#8220;large&#8220; hide_on_desktop=&#8220;&#8220; hide_on_notebook=&#8220;&#8220; hide_on_tablet=&#8220;&#8220; hide_on_mobile=&#8220;&#8220;][vc_empty_space alter_height=&#8220;huge&#8220; hide_on_desktop=&#8220;&#8220; hide_on_notebook=&#8220;&#8220; hide_on_tablet=&#8220;&#8220; hide_on_mobile=&#8220;&#8220; css=&#8220;.vc_custom_1507105586786{margin-top: -0.4rem !important;}&#8220;][\/vc_column][\/vc_row][vc_row full_width=&#8220;stretch_row&#8220; hide_bg_image_on_tablet=&#8220;&#8220; hide_bg_image_on_mobile=&#8220;&#8220;][vc_column][\/vc_column][\/vc_row][vc_row][vc_column][vc_empty_space height=&#8220;50px&#8220; alter_height=&#8220;medium&#8220; hide_on_desktop=&#8220;&#8220; hide_on_notebook=&#8220;&#8220; hide_on_tablet=&#8220;&#8220; hide_on_mobile=&#8220;&#8220;][vc_media_grid element_width=&#8220;2&#8243; grid_id=&#8220;vc_gid:1675942244711-a4b84e53-64b1-10&#8243; include=&#8220;3754,3752,3751,6546,3750,3749,3748,3747,3746,3756,3744,3743,6548,3742,6544,6542&#8243;][\/vc_column][\/vc_row][vc_row][vc_column][vc_empty_space alter_height=&#8220;small&#8220; hide_on_desktop=&#8220;&#8220; hide_on_notebook=&#8220;&#8220; hide_on_tablet=&#8220;&#8220; hide_on_mobile=&#8220;&#8220;][vc_separator color=&#8220;orange&#8220;][vc_empty_space alter_height=&#8220;small&#8220; hide_on_desktop=&#8220;&#8220; hide_on_notebook=&#8220;&#8220; hide_on_tablet=&#8220;&#8220; hide_on_mobile=&#8220;&#8220;][\/vc_column][\/vc_row][vc_row][vc_column][\/vc_column][\/vc_row]<\/p>\n","protected":false},"author":1,"featured_media":0,"parent":0,"menu_order":0,"comment_status":"closed","ping_status":"closed","template":"","meta":{"footnotes":""},"class_list":["post-4835","page","type-page","status-publish","hentry"],"_links":{"self":[{"href":"https:\/\/mani-sonnenlink.com\/de\/wp-json\/wp\/v2\/pages\/4835","targetHints":{"allow":["GET"]}}],"collection":[{"href":"https:\/\/mani-sonnenlink.com\/de\/wp-json\/wp\/v2\/pages"}],"about":[{"href":"https:\/\/mani-sonnenlink.com\/de\/wp-json\/wp\/v2\/types\/page"}],"author":[{"embeddable":true,"href":"https:\/\/mani-sonnenlink.com\/de\/wp-json\/wp\/v2\/users\/1"}],"replies":[{"embeddable":true,"href":"https:\/\/mani-sonnenlink.com\/de\/wp-json\/wp\/v2\/comments?post=4835"}],"version-history":[{"count":2,"href":"https:\/\/mani-sonnenlink.com\/de\/wp-json\/wp\/v2\/pages\/4835\/revisions"}],"predecessor-version":[{"id":6912,"href":"https:\/\/mani-sonnenlink.com\/de\/wp-json\/wp\/v2\/pages\/4835\/revisions\/6912"}],"wp:attachment":[{"href":"https:\/\/mani-sonnenlink.com\/de\/wp-json\/wp\/v2\/media?parent=4835"}],"curies":[{"name":"wp","href":"https:\/\/api.w.org\/{rel}","templated":true}]}}