{"id":4830,"date":"2020-04-07T13:18:36","date_gmt":"2020-04-07T10:18:36","guid":{"rendered":"https:\/\/mani-sonnenlink.com\/organic-hotel\/"},"modified":"2023-02-15T16:55:53","modified_gmt":"2023-02-15T13:55:53","slug":"organic-hotel","status":"publish","type":"page","link":"https:\/\/mani-sonnenlink.com\/de\/organic-hotel\/","title":{"rendered":"BIO-G\u00c4STEHAUS"},"content":{"rendered":"<p>[vc_row full_width=&#8220;stretch_row&#8220; equal_height=&#8220;yes&#8220; content_placement=&#8220;middle&#8220; hide_bg_image_on_tablet=&#8220;&#8220; hide_bg_image_on_mobile=&#8220;&#8220;][vc_column][\/vc_column][vc_column width=&#8220;5\/12&#8243; fix_column=&#8220;&#8220; hide_bg_image_on_tablet=&#8220;&#8220; hide_bg_image_on_mobile=&#8220;&#8220;]<div id=\"sc_content_980783744\"\n\t\tclass=\"sc_content color_style_default sc_content_default sc_float_center\"><div class=\"sc_content_container\">[vc_single_image image=&#8220;4090&#8243; img_size=&#8220;large&#8220; css=&#8220;.vc_custom_1590668961533{margin-top: 30px !important;}&#8220;]<\/div><\/div><!-- \/.sc_content -->[\/vc_column][vc_column width=&#8220;7\/12&#8243;][vc_empty_space height=&#8220;45px&#8220; alter_height=&#8220;large&#8220; hide_on_desktop=&#8220;&#8220; hide_on_notebook=&#8220;&#8220; hide_on_tablet=&#8220;&#8220; hide_on_mobile=&#8220;&#8220; css=&#8220;.vc_custom_1516005614624{margin-bottom: -0.6rem !important;}&#8220;][vc_empty_space height=&#8220;45px&#8220; alter_height=&#8220;large&#8220; hide_on_desktop=&#8220;&#8220; hide_on_notebook=&#8220;&#8220; hide_on_tablet=&#8220;&#8220; hide_on_mobile=&#8220;1&#8243; css=&#8220;.vc_custom_1590668967434{margin-bottom: -0.6rem !important;}&#8220;]<div id=\"sc_content_692616090\"\n\t\tclass=\"sc_content color_style_default sc_content_default sc_float_center sc_padding_tiny\"><div class=\"sc_content_container\"><div id=\"sc_title_1896389206\"\n\t\tclass=\"sc_title color_style_default sc_title_default\"><h6 class=\"sc_item_subtitle sc_title_subtitle sc_align_left sc_item_title_style_default\">MANI SONNENLINK, bio-zertifiziertes G\u00e4stehaus in Griechenland \u2013 an der Quelle des Mani-Oliven\u00f6ls.<\/h6><div class=\"sc_item_descr sc_title_descr sc_align_left\"><p>Eingebettet in die wilde Landschaft der Mani \u2013 die Gipfel des Taygetos-Gebirges im R\u00fccken, das tiefblaue, klare Meer zu F\u00fc\u00dfen \u2013 ist das BIO-G\u00c4STEHAUS Mani-Sonnenlink eine lichtvolle Oase der Stille und Lebensfreude zugleich.<\/p>\n<p>Mitten in der Natur, in einem weitl\u00e4ufigen Naturgarten bieten 3 Bungalows mit gro\u00dfem Balkon R\u00fcckzug und Geborgenheit f\u00fcr je 1-2 Personen. In 2 ger\u00e4umigen Apartments f\u00fchlen sich besonders Familien gut aufgehoben.<br \/>\nDie Anlage ist energetisch ausgewogen nach den Prinzipien des Feng Shui konzipiert, gebaut mit Steinen und H\u00f6lzern aus der Region.<\/p>\n<p>Freuen Sie sich auf famili\u00e4re Herzlichkeit und k\u00f6stlich vegetarisch\/veganes BIO Fr\u00fchst\u00fcck.<\/p>\n<p>Im Sommerhalbjahr runden Yogastunden und ein Massage- und Therapieangebot das ganzheitliche Programm des Mani-Sonnenlink zur Entfaltung von K\u00f6rper, Geist und Seele ab.<br \/>\nKlangvolle H\u00f6hepunkte sind dann die ausgesuchten Konzerte, die ca. zweimal pro Monat, im kleinen Amphitheater des Resorts, stattfinden.<\/p>\n<p>Bade- und Wanderurlaubern bieten sich in der Mani zahlreiche Ausflugsm\u00f6glichkeiten an:<br \/>\nAlte Eselsteige in der Umgebung laden zu Spazierg\u00e4ngen und Wanderungen ein und mit dem Auto erreichen Sie in wenigen Minuten wundersch\u00f6ne Str\u00e4nde. Die traditionellen D\u00f6rfer und zahlreiche byzantinische Kirchen der Region erz\u00e4hlen die Geschichte der Mani.<\/p>\n<\/div><\/div><!-- \/.sc_title -->[vc_empty_space alter_height=&#8220;small&#8220; hide_on_desktop=&#8220;&#8220; hide_on_notebook=&#8220;&#8220; hide_on_tablet=&#8220;&#8220; hide_on_mobile=&#8220;&#8220; css=&#8220;.vc_custom_1507105557858{margin-top: -0.35rem !important;}&#8220;]<\/div><\/div><!-- \/.sc_content -->[vc_empty_space alter_height=&#8220;huge&#8220; hide_on_desktop=&#8220;&#8220; hide_on_notebook=&#8220;&#8220; hide_on_tablet=&#8220;&#8220; hide_on_mobile=&#8220;&#8220; css=&#8220;.vc_custom_1507105586786{margin-top: -0.4rem !important;}&#8220;][\/vc_column][\/vc_row][vc_row][vc_column][vc_separator color=&#8220;orange&#8220;][\/vc_column][\/vc_row][vc_row][vc_column]<div class=\"sc_layouts sc_layouts_default sc_layouts_4833\">[vc_row][vc_column icons_position=\"left\"][vc_empty_space alter_height=\"large\" hide_on_desktop=\"\" hide_on_notebook=\"\" hide_on_tablet=\"\" hide_on_mobile=\"\" css=\".vc_custom_1507199848888{margin-top: 0.3rem !important;}\"][vc_row_inner][vc_column_inner width=\"1\/3\" hide_bg_image_on_tablet=\"\" hide_bg_image_on_mobile=\"\" icons_position=\"left\" css=\".vc_custom_1515160016087{padding-top: 60px !important;padding-right: 20px !important;padding-bottom: 60px !important;padding-left: 20px !important;}\"][vc_single_image image=\"4460\" img_size=\"medium\" alignment=\"center\" onclick=\"custom_link\" link=\"https:\/\/mani-sonnenlink.com\/de\/blog-news\/\"][vc_custom_heading text=\"News \" font_container=\"tag:h4|text_align:center|color:%23000000\" google_fonts=\"font_family:Open%20Sans%3A300%2C300italic%2Cregular%2Citalic%2C600%2C600italic%2C700%2C700italic%2C800%2C800italic|font_style:400%20regular%3A400%3Anormal\" link=\"url:https%3A%2F%2Fmani-sonnenlink.com%2Fde%2Fblog-news%2F|title:NEWS||\" el_class=\"ah-title-hotel-line ah-heading-link-center\"][\/vc_column_inner][vc_column_inner width=\"1\/3\" hide_bg_image_on_tablet=\"\" hide_bg_image_on_mobile=\"\" icons_position=\"left\" css=\".vc_custom_1588920608094{padding-top: 60px !important;padding-right: 20px !important;padding-bottom: 60px !important;padding-left: 20px !important;}\"][vc_single_image image=\"4465\" img_size=\"medium\" alignment=\"center\" onclick=\"custom_link\" link=\"https:\/\/mani-sonnenlink.com\/de\/location\/\"][vc_custom_heading text=\"Mani \u2013 Land und Menschen mit Charakter \" font_container=\"tag:h4|text_align:center|color:%23000000\" google_fonts=\"font_family:Open%20Sans%3A300%2C300italic%2Cregular%2Citalic%2C600%2C600italic%2C700%2C700italic%2C800%2C800italic|font_style:400%20regular%3A400%3Anormal\" link=\"url:https%3A%2F%2Fmani-sonnenlink.com%2Fde%2Flocation%2F|title:MANI||\" el_class=\"ah-title-hotel-line ah-heading-link-center\"][\/vc_column_inner][vc_column_inner el_class=\"ah-heading-has-fill\" width=\"1\/3\" fix_column=\"\" hide_bg_image_on_tablet=\"\" hide_bg_image_on_mobile=\"\" icons_position=\"left\" css=\".vc_custom_1588920614618{padding-top: 60px !important;padding-right: 20px !important;padding-bottom: 60px !important;padding-left: 20px !important;}\"][vc_single_image image=\"4397\" img_size=\"medium\" alignment=\"center\" onclick=\"custom_link\" link=\"https:\/\/mani-sonnenlink.com\/de\/the-blauel-family\/\"][vc_custom_heading text=\"Familie Bl\u00e4uel\" font_container=\"tag:h4|text_align:center|color:%23000000\" google_fonts=\"font_family:Open%20Sans%3A300%2C300italic%2Cregular%2Citalic%2C600%2C600italic%2C700%2C700italic%2C800%2C800italic|font_style:400%20regular%3A400%3Anormal\" link=\"url:https%3A%2F%2Fmani-sonnenlink.com%2Fde%2Fthe-blauel-family%2F|title:FAMILIE%20BL%C3%84UEL||\" el_class=\"ah-title-hotel-line ah-heading-link-center\"][\/vc_column_inner][\/vc_row_inner][\/vc_column][\/vc_row]<\/div>[\/vc_column][\/vc_row]<\/p>\n","protected":false},"excerpt":{"rendered":"<p>[vc_row full_width=&#8220;stretch_row&#8220; equal_height=&#8220;yes&#8220; content_placement=&#8220;middle&#8220; hide_bg_image_on_tablet=&#8220;&#8220; hide_bg_image_on_mobile=&#8220;&#8220;][vc_column][\/vc_column][vc_column width=&#8220;5\/12&#8243; fix_column=&#8220;&#8220; hide_bg_image_on_tablet=&#8220;&#8220; hide_bg_image_on_mobile=&#8220;&#8220;][\/vc_column][vc_column width=&#8220;7\/12&#8243;][vc_empty_space height=&#8220;45px&#8220; alter_height=&#8220;large&#8220; hide_on_desktop=&#8220;&#8220; hide_on_notebook=&#8220;&#8220; hide_on_tablet=&#8220;&#8220; hide_on_mobile=&#8220;&#8220; css=&#8220;.vc_custom_1516005614624{margin-bottom: -0.6rem !important;}&#8220;][vc_empty_space height=&#8220;45px&#8220; alter_height=&#8220;large&#8220; hide_on_desktop=&#8220;&#8220; hide_on_notebook=&#8220;&#8220; hide_on_tablet=&#8220;&#8220; hide_on_mobile=&#8220;1&#8243; css=&#8220;.vc_custom_1590668967434{margin-bottom: -0.6rem !important;}&#8220;][vc_empty_space alter_height=&#8220;huge&#8220; hide_on_desktop=&#8220;&#8220; hide_on_notebook=&#8220;&#8220; hide_on_tablet=&#8220;&#8220; hide_on_mobile=&#8220;&#8220; css=&#8220;.vc_custom_1507105586786{margin-top: -0.4rem !important;}&#8220;][\/vc_column][\/vc_row][vc_row][vc_column][vc_separator color=&#8220;orange&#8220;][\/vc_column][\/vc_row][vc_row][vc_column][\/vc_column][\/vc_row]<\/p>\n","protected":false},"author":1,"featured_media":0,"parent":0,"menu_order":0,"comment_status":"closed","ping_status":"closed","template":"","meta":{"footnotes":""},"class_list":["post-4830","page","type-page","status-publish","hentry"],"_links":{"self":[{"href":"https:\/\/mani-sonnenlink.com\/de\/wp-json\/wp\/v2\/pages\/4830","targetHints":{"allow":["GET"]}}],"collection":[{"href":"https:\/\/mani-sonnenlink.com\/de\/wp-json\/wp\/v2\/pages"}],"about":[{"href":"https:\/\/mani-sonnenlink.com\/de\/wp-json\/wp\/v2\/types\/page"}],"author":[{"embeddable":true,"href":"https:\/\/mani-sonnenlink.com\/de\/wp-json\/wp\/v2\/users\/1"}],"replies":[{"embeddable":true,"href":"https:\/\/mani-sonnenlink.com\/de\/wp-json\/wp\/v2\/comments?post=4830"}],"version-history":[{"count":2,"href":"https:\/\/mani-sonnenlink.com\/de\/wp-json\/wp\/v2\/pages\/4830\/revisions"}],"predecessor-version":[{"id":6964,"href":"https:\/\/mani-sonnenlink.com\/de\/wp-json\/wp\/v2\/pages\/4830\/revisions\/6964"}],"wp:attachment":[{"href":"https:\/\/mani-sonnenlink.com\/de\/wp-json\/wp\/v2\/media?parent=4830"}],"curies":[{"name":"wp","href":"https:\/\/api.w.org\/{rel}","templated":true}]}}