{"id":4819,"date":"2020-04-07T15:06:20","date_gmt":"2020-04-07T12:06:20","guid":{"rendered":"https:\/\/mani-sonnenlink.com\/music-festivals\/"},"modified":"2025-08-27T09:57:09","modified_gmt":"2025-08-27T06:57:09","slug":"music-festivals","status":"publish","type":"page","link":"https:\/\/mani-sonnenlink.com\/de\/music-festivals\/","title":{"rendered":"MUSIK SOMMER"},"content":{"rendered":"<p>[vc_row equal_height=&#8220;yes&#8220; hide_bg_image_on_tablet=&#8220;&#8220; hide_bg_image_on_mobile=&#8220;&#8220;][vc_column][vc_empty_space alter_height=&#8220;medium&#8220; hide_on_desktop=&#8220;&#8220; hide_on_notebook=&#8220;&#8220; hide_on_tablet=&#8220;&#8220; hide_on_mobile=&#8220;&#8220; css=&#8220;.vc_custom_1507185435221{margin-bottom: -0.5rem !important;}&#8220;]<div id=\"sc_title_559990174\"\n\t\tclass=\"sc_title color_style_default sc_title_default\"><h6 class=\"sc_item_subtitle sc_title_subtitle sc_align_center sc_item_title_style_default\">MUSIK SOMMER<\/h6><div class=\"sc_item_descr sc_title_descr sc_align_center\"><p>Summer Concerts in the evening twilight under the Mediterranean sky.<\/p>\n<\/div><\/div><!-- \/.sc_title -->[vc_empty_space alter_height=&#8220;medium&#8220; hide_on_desktop=&#8220;&#8220; hide_on_notebook=&#8220;&#8220; hide_on_tablet=&#8220;&#8220; hide_on_mobile=&#8220;&#8220; css=&#8220;.vc_custom_1507185435221{margin-bottom: -0.5rem !important;}&#8220;][vc_empty_space alter_height=&#8220;medium&#8220; hide_on_desktop=&#8220;&#8220; hide_on_notebook=&#8220;&#8220; hide_on_tablet=&#8220;&#8220; hide_on_mobile=&#8220;&#8220;][vc_column_text]<\/p>\n<div style=\"text-align: center;\">\n<div style=\"text-align: center;\">\n<p><img fetchpriority=\"high\" decoding=\"async\" class=\"wp-image-7577 size-large aligncenter\" src=\"https:\/\/mani-sonnenlink.com\/wp-content\/uploads\/2024\/02\/IMG_2727-1024x768.jpg\" alt=\"\" width=\"1024\" height=\"768\" srcset=\"https:\/\/mani-sonnenlink.com\/wp-content\/uploads\/2024\/02\/IMG_2727-1024x768.jpg 1024w, https:\/\/mani-sonnenlink.com\/wp-content\/uploads\/2024\/02\/IMG_2727-300x225.jpg 300w, https:\/\/mani-sonnenlink.com\/wp-content\/uploads\/2024\/02\/IMG_2727-768x576.jpg 768w, https:\/\/mani-sonnenlink.com\/wp-content\/uploads\/2024\/02\/IMG_2727-1536x1152.jpg 1536w, https:\/\/mani-sonnenlink.com\/wp-content\/uploads\/2024\/02\/IMG_2727-2048x1536.jpg 2048w, https:\/\/mani-sonnenlink.com\/wp-content\/uploads\/2024\/02\/IMG_2727-370x278.jpg 370w, https:\/\/mani-sonnenlink.com\/wp-content\/uploads\/2024\/02\/IMG_2727-760x570.jpg 760w\" sizes=\"(max-width: 1024px) 100vw, 1024px\" \/><\/p>\n<div style=\"text-align: center;\">\n<div style=\"text-align: center;\">\n<div style=\"text-align: center;\">\n<h6 style=\"text-align: center;\"><span style=\"color: #808080;\"><br \/>\nUp to this moment, we have planned the following concerts &#8211; programme changes, updates, surprises possible at any time:-)<br \/>\n<\/span><span style=\"color: #808080;\">For more information please contact me: <a href=\"mailto:burgi@mani-sonnenlink.com\" target=\"_blank\" rel=\"noopener noreferrer\">burgi@mani-sonnenlink.com<\/a><\/span><\/h6>\n<p>&nbsp;<\/p>\n<p>&nbsp;<\/p>\n<p><a href=\"https:\/\/mani-sonnenlink.com\/wp-content\/uploads\/2025\/07\/21.04.2025-A5-web-01.jpg\" target=\"_blank\" rel=\"noopener noreferrer\"><span style=\"text-decoration: underline;\"><strong><span style=\"color: #808080; text-decoration: underline;\"><span style=\"color: #ff9900; text-decoration: underline;\">1st Concert :\u00a0 21.04. 17:30 &#8211; Easter Monday Afternoon<\/span><\/span><\/strong><\/span><\/a><\/p>\n<p><span style=\"color: #808080;\"><em><b>BILDER EINER AUSSTELLUNG<\/b><\/em><\/span><\/p>\n<p><span style=\"color: #808080;\"><strong>Aris Alexander Blettenberg<\/strong><\/span><br \/>\n<span style=\"color: #808080;\">B\u00f6sendorfer Artist<\/span><b><br \/>\n<\/b><\/p>\n<p><span style=\"color: #808080;\">New Piano Solo Program:<br \/>\n<\/span><span data-olk-copy-source=\"MessageBody\"><span style=\"color: #808080;\">Works by Mussorgski, Gr\u00fcnfeld,\u00a0Johann Strauss<br \/>\n<\/span><\/span><br \/>\n<span style=\"color: #ffcc00;\"><a style=\"color: #ffcc00;\" href=\"http:\/\/www.arisalexanderblettenberg.com\" target=\"_blank\" rel=\"noopener noreferrer\"><span style=\"color: #fbb61c;\"><strong><span style=\"color: #ff9900;\">www.arisalexanderblettenberg.com<\/span><\/strong><\/span><\/a><\/span><\/p>\n<p>&nbsp;<\/p>\n<p>&nbsp;<\/p>\n<p>&nbsp;<\/p>\n<p><span style=\"color: #ffcc00;\"><br \/>\n<\/span><span style=\"color: #ff9900;\"><a style=\"color: #ff9900;\" href=\"https:\/\/mani-sonnenlink.com\/wp-content\/uploads\/2025\/07\/24.05.2025-A5-web-01.jpg\" target=\"_blank\" rel=\"noopener noreferrer\"><strong><span style=\"text-decoration: underline;\"><span style=\"color: #ff9900; text-decoration: underline;\">2nd Concert:\u00a0 24.5. &#8211;\u00a0 Sat. 19:30<\/span><\/span><\/strong><\/a><\/span><\/p>\n<div style=\"text-align: center;\">\n<div style=\"text-align: center;\">\n<div style=\"text-align: center;\">\n<p><strong><span style=\"color: #808080;\"><br \/>\nKardamili 2025 International Jazz Festival: SOMETHING BEYOND<br \/>\n<\/span><\/strong><\/p>\n<p><span style=\"color: #808080;\"><i><b>VIBRAPHONE \u00a0&#8211; MARIMBA<\/b><\/i><\/span><\/p>\n<p><strong><span style=\"color: #808080;\">David Friedman\u00a0from\u00a0New York \/ Berlin\u00a0 \u00a0 <\/span><\/strong><span style=\"color: #ff9900;\"><a style=\"color: #ff9900;\" href=\"https:\/\/david-friedman.de\/\" target=\"_blank\" rel=\"noopener noreferrer\"><strong>david-friedman.de<\/strong><\/a><br \/>\n<\/span><strong><span style=\"color: #808080;\">Rob Waring from New York \/Oslo\u00a0<\/span><\/strong><strong><span style=\"color: #808080;\"> \u00a0<\/span><\/strong><span style=\"color: #808080;\"><strong>\u00a0<\/strong><span style=\"color: #ff9900;\"><a style=\"color: #ff9900;\" href=\"https:\/\/www.robwaring.info\/\" target=\"_blank\" rel=\"noopener noreferrer\"><strong>robwaring.info<\/strong><\/a><\/span><\/span><\/p>\n<\/div>\n<\/div>\n<\/div>\n<p><span style=\"color: #808080;\">Beide sind ehemalige New Yorker, die sich in Europa niedergelassen haben &#8211; Friedman in Berlin, Waring in Oslo. <\/span><br \/>\n<span style=\"color: #808080;\">Beide studierten klassisches Schlagzeug an der renommierten Juilliard School in New York und haben sich als vielseitige, <\/span><br \/>\n<span style=\"color: #808080;\">kreative Musiker mit klassischem Fundament und einem Hang zur Improvisation etabliert. <\/span><\/p>\n<p><span style=\"color: #808080;\">Beide zeichnen sich durch ihr umfangreiches kompositorisches Schaffen aus. Als Duo haben sie ein spannendes <\/span><br \/>\n<span style=\"color: #808080;\">Repertoire f\u00fcr Vibraphon und Marimba mit lyrischem Ausdruck, dynamischen Rhythmen und einer einzigartigen Klangpalette entwickelt. <\/span><br \/>\n<span style=\"color: #808080;\">Das ist Kammermusik auf h\u00f6chstem Niveau, gepr\u00e4gt von Intensit\u00e4t und spielerischer Spontaneit\u00e4t.<\/span><\/p>\n<p><span style=\"color: #808080;\">Die Instrumente des Duos &#8211; Vibraphon und Marimba &#8211; sind Tasteninstrumente aus der Familie der Schlaginstrumente, <\/span><br \/>\n<span style=\"color: #808080;\">deren Klangst\u00e4be aus Metall und Holz bestehen. David Friedman sagt, er habe sich schon immer daf\u00fcr interessiert, <\/span><br \/>\n<span style=\"color: #808080;\">wie man einen Klumpen Metall oder Holz wie die menschliche Stimme klingen lassen kann.<br \/>\n<\/span><span style=\"color: #ff9900;\"><br \/>\n<a style=\"color: #ff9900;\" href=\"http:\/\/www.kardamilijazzfestival.com\" target=\"_blank\" rel=\"noopener noreferrer\"><span style=\"color: #ffcc00;\"><span style=\"color: #fbb61c;\"><strong><span style=\"color: #ff9900;\">www.kardamilijazzfestival.com<\/span><\/strong><\/span><\/span><\/a><\/span><\/p>\n<p>&nbsp;<\/p>\n<p>&nbsp;<\/p>\n<p>&nbsp;<\/p>\n<p><a href=\"https:\/\/mani-sonnenlink.com\/wp-content\/uploads\/2025\/07\/07.06.2025-A5-web-01.jpg\" target=\"_blank\" rel=\"noopener noreferrer\"><strong><span style=\"color: #808080; text-decoration: underline;\"><span style=\"color: #ff9900; text-decoration: underline;\">3rd Concert:\u00a0 7.06. &#8211; \u00a0Sat. 20:00<\/span><\/span><\/strong><\/a><\/p>\n<p><strong><span style=\"color: #808080;\"><i>SCHMELZTIEGEL VERSCHIEDENER KULTUREN<u><br \/>\n<\/u><\/i><\/span><\/strong><span style=\"color: #808080;\"><b><span lang=\"DE\" data-olk-copy-source=\"MessageBody\"><strong>Maria Craffonara, Italien, <\/strong><\/span><\/b><span lang=\"DE\" data-olk-copy-source=\"MessageBody\">Vocals, Violin<\/span><b><span lang=\"DE\" data-olk-copy-source=\"MessageBody\"><strong> &amp; Rina Ka\u00e7inari, Kosovo,<\/strong><\/span><\/b><span lang=\"DE\" data-olk-copy-source=\"MessageBody\"> Vocals, Cello<\/span><b><span lang=\"DE\" data-olk-copy-source=\"MessageBody\"><br \/>\n<\/span><\/b><\/span><\/p>\n<p><span style=\"color: #808080;\"><span lang=\"DE\">Wenn zwei starke Pers\u00f6nlichkeiten der Wiener Musiklandschaft wie\u00a0<b>Rina Ka\u00e7inari<\/b>\u00a0und\u00a0<b>Maria Craffonara<\/b><br \/>\nzu einer k\u00fcnstlerischen Kooperation zusammenfinden,<\/span>darf man sich getrost der Vorfreude hingeben.<\/span><\/p>\n<p><span lang=\"DE\" style=\"color: #808080;\">Denn die Vielfalt und der Reichtum aus denen sie dabei sch\u00f6pfen d\u00fcrfen, ist wohl bemerkenswert:<br \/>\nBeide im Schmelztiegel verschiedener Kulturen und mehrsprachig aufgewachsen, beide zur\u00fcckblickend auf jahrelange<br \/>\nB\u00fchnenerfahrung sowohl im klassischen Bereich als auch in spannenden Crossover Formationen und international erfolgreich t\u00e4tigen Ensembles und<br \/>\nBands, beide sowohl in ihrer Stimme als auch am Streichinstrument zuhause, beide Komponistinnen, Texterinnen und Interpretinnen ihrer eigenen Werke.<\/span><\/p>\n<p><a href=\"https:\/\/www.facebook.com\/p\/Rina-Ka%C3%A7inari-Maria-Craffonara-100063581050201\/\" target=\"_blank\" rel=\"noopener noreferrer\"><strong><span style=\"color: #f99d1c;\">Profile for Rina Ka\u00e7inari &amp; Maria Craffonara<\/span><\/strong><\/a><\/p>\n<p>&nbsp;<\/p>\n<p>&nbsp;<\/p>\n<p>&nbsp;<\/p>\n<p><a href=\"https:\/\/mani-sonnenlink.com\/wp-content\/uploads\/2025\/07\/22.06.2025-A5-web-01.jpg\" target=\"_blank\" rel=\"noopener noreferrer\"><span style=\"text-decoration: underline;\"><strong><span style=\"color: #808080; text-decoration: underline;\"><span style=\"color: #ff9900; text-decoration: underline;\">4th Concert:\u00a0 22.06. &#8211; Sun. 20:00<\/span><\/span><\/strong><\/span><\/a><\/p>\n<p><em><span style=\"color: #808080;\"><strong>LIVE MUSIC FOR SILENT FILMS OF BUSTER KEATON<\/strong><\/span><\/em><\/p>\n<p><span style=\"color: #808080;\"><b><i>new edition 2025<\/i><\/b><\/span><\/p>\n<p><strong><span style=\"color: #808080;\">Stathis Gyftakis &amp; Friends<\/span><\/strong><br \/>\n<span style=\"color: #808080;\"><br \/>\n<strong>Ypapanti Alexandropoulou<\/strong> &#8211; Percussion, <strong>Katrina Miliaresi<\/strong> &#8211; Percussion<\/span><br \/>\n<span style=\"color: #808080;\"><strong>George Pavlakos<\/strong> &#8211; Recorders, <strong>Stavros Tsotras<\/strong> &#8211; Bassoon<\/span><br \/>\n<span style=\"color: #808080;\"><strong>Stathis Gyftakis<\/strong> &#8211; Piano<\/span><\/p>\n<p>&nbsp;<\/p>\n<p>&nbsp;<\/p>\n<p>&nbsp;<\/p>\n<p><a href=\"https:\/\/mani-sonnenlink.com\/wp-content\/uploads\/2025\/06\/05.07.2025-A5-01-2.jpg\" target=\"_blank\" rel=\"noopener noreferrer\"><span style=\"text-decoration: underline;\"><strong><span style=\"color: #808080; text-decoration: underline;\"><span style=\"color: #ff9900; text-decoration: underline;\">5th Concert:\u00a0 5.7. &#8211; Sat. 20:00<\/span><\/span><\/strong><\/span><\/a><\/p>\n<p><strong><span style=\"color: #808080;\">Apostolos Palios<\/span><\/strong><\/p>\n<p><span style=\"color: #808080;\"><b>Piano\u00a0<\/b><b>Recital:\u00a0<\/b><b><span style=\"font-family: Questrial, sans-serif;\">\u201c<\/span><i>SPECIALITIES&#8220;<\/i><\/b><\/span><\/p>\n<p><span style=\"color: #808080;\"><strong>LEFT HAND only:<\/strong> most famous compositions by<br \/>\n<strong>Bach-Brahms, Scriabin, Blumenfeld, Gudowsky<\/strong><\/span><br \/>\n<b><span style=\"color: #808080;\"><br \/>\nMIKIS THEODORAKIS:<\/span><\/b><span style=\"color: #808080;\"> Classical Compositions for Piano solo<b><br \/>\n<\/b><\/span><span style=\"color: #ff9900;\"><br \/>\n<strong><a style=\"color: #ff9900;\" href=\"https:\/\/www.apostolos-palios.com\/\" target=\"_blank\" rel=\"noopener noreferrer\">www.apostolos-palios.com<\/a><\/strong><\/span><\/p>\n<p>&nbsp;<\/p>\n<p>&nbsp;<\/p>\n<p>&nbsp;<\/p>\n<p><a href=\"https:\/\/mani-sonnenlink.com\/wp-content\/uploads\/2025\/07\/15.07.2025-A5-web-01.jpg\" target=\"_blank\" rel=\"noopener noreferrer\"><span style=\"text-decoration: underline;\"><strong><span style=\"color: #808080; text-decoration: underline;\"><span style=\"color: #ff9900; text-decoration: underline;\">6th Concert:\u00a0 15.07. &#8211;\u00a0 Tue. 20:00<\/span><\/span><\/strong><\/span><\/a><br \/>\n<strong><span style=\"color: #808080;\"><span data-olk-copy-source=\"MessageBody\"><br \/>\n<\/span><\/span><\/strong><\/p>\n<p><span style=\"color: #808080;\"><strong>Sunset Concert Under the Open Sky<\/strong><\/span><\/p>\n<p><span style=\"color: #808080;\">Philipp Scheucher B\u00f6sendorfer Artist &#8211; Piano \u00a0 <\/span><strong><span style=\"color: #ff9900;\">\u00a0<a style=\"color: #ff9900;\" href=\"http:\/\/www.philippscheucher.com\" target=\"_blank\" rel=\"noopener noreferrer\" data-cke-saved-href=\"http:\/\/www.philippscheucher.com\">www.philippscheucher.com<\/a><\/span><\/strong><\/p>\n<p><span style=\"color: #808080;\">Konstantin Manaev &#8211; Cello \u00a0 <\/span><span style=\"color: #ff9900;\">\u00a0<strong><a style=\"color: #ff9900;\" href=\"http:\/\/www.konstantinmanaev.com\" target=\"_blank\" rel=\"noopener noreferrer\" data-cke-saved-href=\"http:\/\/www.konstantinmanaev.com\">www.konstantinmanaev.com<\/a><\/strong><\/span><\/p>\n<p><span style=\"color: #808080;\">Works by:<\/span><br \/>\n<span style=\"color: #808080;\">Amy Beach 1867-1944<\/span><\/p>\n<p><span style=\"color: #808080;\">Johanna Doderer 1969<\/span><br \/>\n<span style=\"color: #808080;\">Zerline Erfurt 1907-1990<\/span><\/p>\n<p><span style=\"color: #808080;\">Bernhard Romberg 1767-1841<\/span><br \/>\n<span style=\"color: #808080;\">Ludwig van Beethoven 1770-1827<\/span><\/p>\n<p><strong><span style=\"color: #808080;\"><span data-olk-copy-source=\"MessageBody\">\u00a0<\/span><\/span><\/strong><\/p>\n<p>&nbsp;<\/p>\n<p>&nbsp;<\/p>\n<p>&nbsp;<\/p>\n<p><a href=\"https:\/\/mani-sonnenlink.com\/wp-content\/uploads\/2025\/07\/06.09.2025-A5-web-01.jpg\" target=\"_blank\" rel=\"noopener noreferrer\"><span style=\"text-decoration: underline;\"><strong><span style=\"color: #808080; text-decoration: underline;\"><span style=\"color: #ff9900; text-decoration: underline;\">7th Concert:\u00a0 6.9. &#8211; Sat. 19:30<\/span><\/span><\/strong><\/span><\/a><\/p>\n<p><strong><span style=\"color: #808080;\">TRIO TREI<\/span><\/strong><\/p>\n<div style=\"text-align: center;\">\n<div style=\"text-align: center;\">\n<div style=\"text-align: center;\">\n<p><strong><span style=\"color: #808080;\">Sunset Concert Under the Open Sky<\/span><\/strong><\/p>\n<p><span style=\"color: #808080;\">Frauengesang Folk:<\/span><span style=\"color: #808080;\"><br \/>\n<\/span><span style=\"color: #808080;\">TR\u00cbI zeichnet in Liedern aus Ost und West ein Bild kultureller Weite und durchstreift wie ein Zugvogel die Grenzen des europ\u00e4ischen Kontinents.<br \/>\nMit offenem Blick auf das, was hinter den Schwellen des Sichtbaren liegt, verkn\u00fcpfen die drei Musikerinnen in dreizehn Sprachen ihre unterschiedlichen<br \/>\nHintergr\u00fcnde und schaffen dabei eine Art abenteuerliche Vokal- und Instrumentalmusik.<\/span><strong><span style=\"color: #808080;\"><br \/>\n<\/span><\/strong><\/p>\n<p><a href=\"http:\/\/www.xn--tri-kma.com\" target=\"_blank\" rel=\"noopener noreferrer\"><strong><span style=\"color: #ff9900;\">www.xn--tri-kma.com<\/span><\/strong><\/a><\/p>\n<p>&nbsp;<\/p>\n<p>&nbsp;<\/p>\n<p>&nbsp;<\/p>\n<p><a href=\"https:\/\/mani-sonnenlink.com\/wp-content\/uploads\/2025\/08\/15.09.2025-A5-web-01.jpg\" target=\"_blank\" rel=\"noopener noreferrer\"><span style=\"text-decoration: underline;\"><span style=\"color: #808080; text-decoration: underline;\"><strong><span style=\"color: #ff9900; text-decoration: underline;\">8th Concert:\u00a0 15.9. &#8211; Mon. 19:30<\/span><\/strong><\/span><\/span><\/a><\/p>\n<div style=\"text-align: center;\">\n<div style=\"text-align: center;\">\n<div style=\"text-align: center;\">\n<p><span style=\"color: #808080;\"><strong>Classical Sunset Concert Under the Open Sky<\/strong><\/span><\/p>\n<p>Matthias Kirschnereith<\/p>\n<p><strong><a href=\"https:\/\/www.matthias-kirschnereit.de\/\" target=\"_blank\" rel=\"noopener noreferrer\">www.matthias-kirschnereit.de<\/a><\/strong><\/p>\n<\/div>\n<\/div>\n<p>&nbsp;<\/p>\n<\/div>\n<div style=\"text-align: center;\">\n<div style=\"text-align: center;\">\n<div style=\"text-align: center;\">\n<p>&nbsp;<\/p>\n<\/div>\n<\/div>\n<\/div>\n<\/div>\n<\/div>\n<\/div>\n<div style=\"text-align: center;\">\n<div style=\"text-align: center;\">\n<div style=\"text-align: center;\">\n<p>&nbsp;<\/p>\n<\/div>\n<\/div>\n<\/div>\n<\/div>\n<\/div>\n<\/div>\n<\/div>\n<\/div>\n<p>[\/vc_column_text][vc_empty_space alter_height=&#8220;medium&#8220; hide_on_desktop=&#8220;&#8220; hide_on_notebook=&#8220;&#8220; hide_on_tablet=&#8220;&#8220; hide_on_mobile=&#8220;&#8220;][vc_custom_heading text=&#8220;Upcoming Events&#8220; font_container=&#8220;tag:h2|font_size:28|text_align:center|color:%23f99e1e&#8220; google_fonts=&#8220;font_family:Satisfy%3Aregular|font_style:400%20regular%3A400%3Anormal&#8220;][vc_empty_space alter_height=&#8220;medium&#8220; hide_on_desktop=&#8220;&#8220; hide_on_notebook=&#8220;&#8220; hide_on_tablet=&#8220;&#8220; hide_on_mobile=&#8220;&#8220;][\/vc_column][\/vc_row][vc_row][vc_column][vc_tta_accordion][vc_tta_section title=&#8220;2025&#8243; tab_id=&#8220;1659344136055-e29e4e04-297c&#8220;][vc_media_grid grid_id=&#8220;vc_gid:1756277774284-6d1d6562-dced-7&#8243; include=&#8220;8139,8147,8163,8170,8180,8217,8239,8241&#8243;][\/vc_tta_section][\/vc_tta_accordion][\/vc_column][\/vc_row][vc_row][vc_column][vc_empty_space alter_height=&#8220;medium&#8220; hide_on_desktop=&#8220;&#8220; hide_on_notebook=&#8220;&#8220; hide_on_tablet=&#8220;&#8220; hide_on_mobile=&#8220;&#8220;][\/vc_column][\/vc_row][vc_row][vc_column][vc_media_grid grid_id=&#8220;vc_gid:1756277774288-59d2c106-c8a3-8&#8243; include=&#8220;8094,3890,8102,8098,8100,3886,3885,3887,3889,3884,8096,8104,8236&#8243;][\/vc_column][\/vc_row][vc_row][vc_column][vc_empty_space alter_height=&#8220;small&#8220; hide_on_desktop=&#8220;&#8220; hide_on_notebook=&#8220;&#8220; hide_on_tablet=&#8220;&#8220; hide_on_mobile=&#8220;&#8220;][vc_separator color=&#8220;orange&#8220;][vc_empty_space alter_height=&#8220;small&#8220; hide_on_desktop=&#8220;&#8220; hide_on_notebook=&#8220;&#8220; hide_on_tablet=&#8220;&#8220; hide_on_mobile=&#8220;&#8220;][\/vc_column][\/vc_row][vc_row][vc_column]<div class=\"sc_layouts sc_layouts_default sc_layouts_4931\">[vc_row][vc_column icons_position=\"left\"][vc_empty_space alter_height=\"large\" hide_on_desktop=\"\" hide_on_notebook=\"\" hide_on_tablet=\"\" hide_on_mobile=\"\" css=\".vc_custom_1507199848888{margin-top: 0.3rem !important;}\"][vc_row_inner][vc_column_inner width=\"1\/3\" hide_bg_image_on_tablet=\"\" hide_bg_image_on_mobile=\"\" icons_position=\"left\" css=\".vc_custom_1515160016087{padding-top: 60px !important;padding-right: 20px !important;padding-bottom: 60px !important;padding-left: 20px !important;}\"][vc_single_image image=\"4460\" img_size=\"medium\" alignment=\"center\" onclick=\"custom_link\" link=\"https:\/\/mani-sonnenlink.com\/de\/blog-news\/\"][vc_custom_heading text=\"News\" font_container=\"tag:h4|text_align:center|color:%23000000\" google_fonts=\"font_family:Open%20Sans%3A300%2C300italic%2Cregular%2Citalic%2C600%2C600italic%2C700%2C700italic%2C800%2C800italic|font_style:400%20regular%3A400%3Anormal\" link=\"url:https%3A%2F%2Fmani-sonnenlink.com%2Fde%2Fblog-news%2F|title:NEWS||\" el_class=\"ah-title-hotel-line ah-heading-link-center\"][\/vc_column_inner][vc_column_inner el_class=\"ah-heading-has-fill\" width=\"1\/3\" fix_column=\"\" hide_bg_image_on_tablet=\"\" hide_bg_image_on_mobile=\"\" icons_position=\"left\" css=\".vc_custom_1587556259641{padding-top: 60px !important;padding-right: 20px !important;padding-bottom: 60px !important;padding-left: 20px !important;}\"][vc_single_image image=\"3846\" img_size=\"medium\" alignment=\"center\" onclick=\"custom_link\" link=\"https:\/\/mani-sonnenlink.com\/de\/accommodation\/\"][vc_custom_heading text=\"Apartments &amp; Bungalows\" font_container=\"tag:h4|text_align:center|color:%23000000\" google_fonts=\"font_family:Open%20Sans%3A300%2C300italic%2Cregular%2Citalic%2C600%2C600italic%2C700%2C700italic%2C800%2C800italic|font_style:400%20regular%3A400%3Anormal\" link=\"url:https%3A%2F%2Fmani-sonnenlink.com%2Fde%2Faccommodation%2F|title:WOHNEN||\" el_class=\"ah-title-hotel-line ah-heading-link-center\"][\/vc_column_inner][vc_column_inner width=\"1\/3\" hide_bg_image_on_tablet=\"\" hide_bg_image_on_mobile=\"\" icons_position=\"left\" css=\".vc_custom_1588940587879{padding-top: 60px !important;padding-right: 20px !important;padding-bottom: 60px !important;padding-left: 20px !important;}\"][vc_single_image image=\"5970\" img_size=\"medium\" alignment=\"center\" onclick=\"custom_link\" link=\"https:\/\/mani-sonnenlink.com\/de\/the-blauel-family\/\"][vc_custom_heading text=\" Familie Bl\u00e4uel\" font_container=\"tag:h4|text_align:center|color:%23000000\" google_fonts=\"font_family:Open%20Sans%3A300%2C300italic%2Cregular%2Citalic%2C600%2C600italic%2C700%2C700italic%2C800%2C800italic|font_style:400%20regular%3A400%3Anormal\" link=\"url:https%3A%2F%2Fmani-sonnenlink.com%2Fde%2Fthe-blauel-family%2F|title:FAMILIE%20BL%C3%84UEL||\" el_class=\"ah-title-hotel-line ah-heading-link-center\"][\/vc_column_inner][\/vc_row_inner][\/vc_column][\/vc_row]<\/div>[\/vc_column][\/vc_row]<\/p>\n","protected":false},"excerpt":{"rendered":"<p>[vc_row equal_height=&#8220;yes&#8220; hide_bg_image_on_tablet=&#8220;&#8220; hide_bg_image_on_mobile=&#8220;&#8220;][vc_column][vc_empty_space alter_height=&#8220;medium&#8220; hide_on_desktop=&#8220;&#8220; hide_on_notebook=&#8220;&#8220; hide_on_tablet=&#8220;&#8220; hide_on_mobile=&#8220;&#8220; css=&#8220;.vc_custom_1507185435221{margin-bottom: -0.5rem !important;}&#8220;][vc_empty_space alter_height=&#8220;medium&#8220; hide_on_desktop=&#8220;&#8220; hide_on_notebook=&#8220;&#8220; hide_on_tablet=&#8220;&#8220; hide_on_mobile=&#8220;&#8220; css=&#8220;.vc_custom_1507185435221{margin-bottom: -0.5rem !important;}&#8220;][vc_empty_space alter_height=&#8220;medium&#8220; hide_on_desktop=&#8220;&#8220; hide_on_notebook=&#8220;&#8220; hide_on_tablet=&#8220;&#8220; hide_on_mobile=&#8220;&#8220;][vc_column_text] Up to this moment, we have planned the following concerts &#8211; programme changes, updates, surprises possible at any time:-) For more information please contact me: burgi@mani-sonnenlink.com &nbsp; &nbsp; 1st Concert :\u00a0 21.04. 17:30 &#8211; Easter&hellip;<\/p>\n","protected":false},"author":1,"featured_media":8094,"parent":0,"menu_order":0,"comment_status":"closed","ping_status":"closed","template":"","meta":{"footnotes":""},"class_list":["post-4819","page","type-page","status-publish","has-post-thumbnail","hentry"],"_links":{"self":[{"href":"https:\/\/mani-sonnenlink.com\/de\/wp-json\/wp\/v2\/pages\/4819","targetHints":{"allow":["GET"]}}],"collection":[{"href":"https:\/\/mani-sonnenlink.com\/de\/wp-json\/wp\/v2\/pages"}],"about":[{"href":"https:\/\/mani-sonnenlink.com\/de\/wp-json\/wp\/v2\/types\/page"}],"author":[{"embeddable":true,"href":"https:\/\/mani-sonnenlink.com\/de\/wp-json\/wp\/v2\/users\/1"}],"replies":[{"embeddable":true,"href":"https:\/\/mani-sonnenlink.com\/de\/wp-json\/wp\/v2\/comments?post=4819"}],"version-history":[{"count":2,"href":"https:\/\/mani-sonnenlink.com\/de\/wp-json\/wp\/v2\/pages\/4819\/revisions"}],"predecessor-version":[{"id":8281,"href":"https:\/\/mani-sonnenlink.com\/de\/wp-json\/wp\/v2\/pages\/4819\/revisions\/8281"}],"wp:featuredmedia":[{"embeddable":true,"href":"https:\/\/mani-sonnenlink.com\/de\/wp-json\/wp\/v2\/media\/8094"}],"wp:attachment":[{"href":"https:\/\/mani-sonnenlink.com\/de\/wp-json\/wp\/v2\/media?parent=4819"}],"curies":[{"name":"wp","href":"https:\/\/api.w.org\/{rel}","templated":true}]}}