{"id":4813,"date":"2018-01-16T12:51:03","date_gmt":"2018-01-16T09:51:03","guid":{"rendered":"https:\/\/mani-sonnenlink.com\/mani-holiday\/"},"modified":"2024-02-12T13:44:22","modified_gmt":"2024-02-12T10:44:22","slug":"mani-holiday","status":"publish","type":"page","link":"https:\/\/mani-sonnenlink.com\/de\/mani-holiday\/","title":{"rendered":"URLAUB IN DER MANI"},"content":{"rendered":"<p>[vc_row equal_height=&#8220;yes&#8220; hide_bg_image_on_tablet=&#8220;&#8220; hide_bg_image_on_mobile=&#8220;&#8220;][vc_column][vc_empty_space alter_height=&#8220;medium&#8220; hide_on_desktop=&#8220;&#8220; hide_on_notebook=&#8220;&#8220; hide_on_tablet=&#8220;&#8220; hide_on_mobile=&#8220;&#8220; css=&#8220;.vc_custom_1507185435221{margin-bottom: -0.5rem !important;}&#8220;]<div id=\"sc_title_1221750383\"\n\t\tclass=\"sc_title color_style_default sc_title_default\"><h6 class=\"sc_item_subtitle sc_title_subtitle sc_align_center sc_item_title_style_default\">URLAUB IN DER MANI<\/h6><div class=\"sc_item_descr sc_title_descr sc_align_center\"><p>Mit rund 300 Sonnentagen im Jahr und Durchschnittstemperaturen von \u00fcber 20 Grad zwischen Mai<br \/>\nund Oktober teilt die Mani den Sonnenreichtum des griechischen Festlands und seiner Inselwelten.<\/p>\n<\/div><\/div><!-- \/.sc_title -->[vc_empty_space alter_height=&#8220;medium&#8220; hide_on_desktop=&#8220;&#8220; hide_on_notebook=&#8220;&#8220; hide_on_tablet=&#8220;&#8220; hide_on_mobile=&#8220;&#8220; css=&#8220;.vc_custom_1507185605895{margin-top: -0.4rem !important;}&#8220;][\/vc_column][\/vc_row][vc_row][vc_column width=&#8220;1\/2&#8243;][vc_single_image image=&#8220;4191&#8243; img_size=&#8220;full&#8220;][\/vc_column][vc_column width=&#8220;1\/2&#8243;]<div id=\"sc_title_735576041\"\n\t\tclass=\"sc_title color_style_default sc_title_default\"><h6 class=\"sc_item_subtitle sc_title_subtitle sc_align_left sc_item_title_style_default\">Sanfter Tourismus<\/h6><div class=\"sc_item_descr sc_title_descr sc_align_left\"><p>Ihre isolierte Lage auf der Halbinsel Peloponnes h\u00e4lt jedoch den Massentourismus fern und macht sie zum Kleinod des \u201esanften Tourismus\u201c: ideal f\u00fcr Urlauber, die Kraft in der Ruhe und der landschaftlichen Sch\u00f6nheit tanken m\u00f6chten.<br \/>\nDie h\u00fcgelige Taygetos-Berglandschaft l\u00e4dt zum Wandern ein, auch im Hochsommer bei angenehmen Temperaturen. An den zahlreichen kleinen Str\u00e4nden lockt eine der saubersten Wasserqualit\u00e4ten des Mittelmeers. Historische Sehensw\u00fcrdigkeiten und H\u00f6hlen sind Highlights f\u00fcr geschichtlich Interessierte und Abenteurer.<br \/>\nUnverf\u00e4lscht wie die Natursch\u00f6nheit der Mani ist auch ihre mediterrane K\u00fcche. Sie gibt jedem Urlaubstag einen entspannten Ausklang. Klassisch traditionell finden G\u00e4ste der Mani sie in den gem\u00fctlichen Tavernen am Meer oder den kleinen Bergd\u00f6rfern.<br \/>\nWer einmal in der Mani war, kommt immer gerne wieder. Der Reiseschriftsteller Patrick Leigh Fermor, hat dies schon vor langer Zeit erkannt und verbrachte hier sogar seinen Lebensabend. Sein Buch \u201eMani\u201c (D\u00f6rlemann-Verlag) ist bis heute lesenswert.<\/p>\n<\/div><\/div><!-- \/.sc_title -->[\/vc_column][\/vc_row][vc_row][vc_column][vc_empty_space alter_height=&#8220;large&#8220; hide_on_desktop=&#8220;&#8220; hide_on_notebook=&#8220;&#8220; hide_on_tablet=&#8220;&#8220; hide_on_mobile=&#8220;&#8220;][\/vc_column][\/vc_row][vc_row][vc_column]<div class=\"sc_blogger color_style_default sc_blogger_default\"><div class=\"sc_blogger_columns_wrap sc_item_columns trx_addons_columns_wrap columns_padding_bottom\"><div class=\"trx_addons_column-1_4\"><div class=\"sc_blogger_item post_format_standard post-7045 post type-post status-publish format-standard has-post-thumbnail hentry category-urlaub\"><div class=\"post_featured with_thumb hover_icon sc_blogger_item_featured\"><img fetchpriority=\"high\" decoding=\"async\" width=\"370\" height=\"227\" src=\"https:\/\/mani-sonnenlink.com\/wp-content\/uploads\/2023\/04\/IMG_2908-1-370x227.jpeg\" class=\"attachment-gardis-thumb-med size-gardis-thumb-med wp-post-image\" alt=\"Der Weg ist das Ziel!\" \/><div class=\"mask\"><\/div><div class=\"icons\"><a href=\"https:\/\/mani-sonnenlink.com\/de\/2023\/04\/20\/der-weg-ist-das-ziel\/\" aria-hidden=\"true\" class=\"icon-link\"><\/a><\/div><\/div><div class=\"sc_blogger_item_content entry-content\"><div class=\"sc_blogger_item_header entry-header\"><div class=\"post_meta\">\t\t\t\t\t\t<span class=\"post_meta_item post_date\"><a href=\"https:\/\/mani-sonnenlink.com\/de\/2023\/04\/20\/der-weg-ist-das-ziel\/\">20 April 2023<\/a><\/span>\n\t\t\t\t\t\t<\/div><!-- .post_meta --><h4 class=\"sc_blogger_item_title entry-title\"><a href=\"https:\/\/mani-sonnenlink.com\/de\/2023\/04\/20\/der-weg-ist-das-ziel\/\" rel=\"bookmark\">Der Weg ist das Ziel!<\/a><\/h4><\/div><!-- .entry-header --><div class=\"sc_blogger_item_excerpt\">\n\t\t\t\t<div class=\"sc_blogger_item_excerpt_text\">\n\t\t\t\t\t<p>Wir freuen uns immer ganz besonders, wenn G\u00e4ste mit \u00f6ffentlichen Verkehrsmitteln anreisen. Nat\u00fcrlich dauert es l\u00e4nger, daf\u00fcr ist diese entschleunigte Art des Reisen vollgepackt mit Erlebnissen und Eindr\u00fccken. Hier erz\u00e4hlen Claudia, Erika, Thomas und Gerald von ihrer Reise in die Mani zum Osterfest 2023 &nbsp; &nbsp; \u00a0MANI Sonnenlink Ostern 2023 Der Weg ist das Ziel Reiserouten erfahren und erleben \u00a0&hellip;<\/p>\n\t\t\t\t<\/div>\n\t\t\t\t<div class=\"sc_blogger_item_button sc_item_button\"><a href=\"https:\/\/mani-sonnenlink.com\/de\/2023\/04\/20\/der-weg-ist-das-ziel\/\" class=\"sc_button\">Mehr<\/a><\/div><\/div><!-- .sc_blogger_item_excerpt --><\/div><!-- .entry-content --><\/div><!-- .sc_blogger_item --><\/div><div class=\"trx_addons_column-1_4\"><div class=\"sc_blogger_item post_format_standard post-6483 post type-post status-publish format-standard has-post-thumbnail hentry category-urlaub\"><div class=\"post_featured with_thumb hover_icon sc_blogger_item_featured\"><img decoding=\"async\" width=\"370\" height=\"227\" src=\"https:\/\/mani-sonnenlink.com\/wp-content\/uploads\/2022\/01\/Faehre-370x227.jpg\" class=\"attachment-gardis-thumb-med size-gardis-thumb-med wp-post-image\" alt=\"Mit Zug, F\u00e4hre und Bus nach Griechenland\" \/><div class=\"mask\"><\/div><div class=\"icons\"><a href=\"https:\/\/mani-sonnenlink.com\/de\/2022\/01\/14\/anreise-mit-zug-faehre-und-bus\/\" aria-hidden=\"true\" class=\"icon-link\"><\/a><\/div><\/div><div class=\"sc_blogger_item_content entry-content\"><div class=\"sc_blogger_item_header entry-header\"><div class=\"post_meta\">\t\t\t\t\t\t<span class=\"post_meta_item post_date\"><a href=\"https:\/\/mani-sonnenlink.com\/de\/2022\/01\/14\/anreise-mit-zug-faehre-und-bus\/\">14 Januar 2022<\/a><\/span>\n\t\t\t\t\t\t<\/div><!-- .post_meta --><h4 class=\"sc_blogger_item_title entry-title\"><a href=\"https:\/\/mani-sonnenlink.com\/de\/2022\/01\/14\/anreise-mit-zug-faehre-und-bus\/\" rel=\"bookmark\">Mit Zug, F\u00e4hre und Bus nach Griechenland<\/a><\/h4><\/div><!-- .entry-header --><div class=\"sc_blogger_item_excerpt\">\n\t\t\t\t<div class=\"sc_blogger_item_excerpt_text\">\n\t\t\t\t\t<p>Der Bericht einer entschleunigten Anreise mit \u00f6ffentlichen Verkehrsmitteln. Nach Griechenland reisen mit \u00f6ffentlichen Verkehrsmitteln? Geht das?\u00a0Und ob! Miriam Raidl hat es ausprobiert und ist von Wien, mit Zug, F\u00e4hre und Bus,\u00a0zu uns ins s\u00fcdliche Griechenland gereist. Hier erz\u00e4hlt sie\u00a0von ihren Erfahrungen und Eindr\u00fccken dieser klimafreundlichen Anreise. Vielleicht inspiriert sie ja den einen oder anderen Reisenden? Wir w\u00fcrden uns freuen! __________________________________________________________________________&hellip;<\/p>\n\t\t\t\t<\/div>\n\t\t\t\t<div class=\"sc_blogger_item_button sc_item_button\"><a href=\"https:\/\/mani-sonnenlink.com\/de\/2022\/01\/14\/anreise-mit-zug-faehre-und-bus\/\" class=\"sc_button\">Mehr<\/a><\/div><\/div><!-- .sc_blogger_item_excerpt --><\/div><!-- .entry-content --><\/div><!-- .sc_blogger_item --><\/div><div class=\"trx_addons_column-1_4\"><div class=\"sc_blogger_item post_format_standard post-6419 post type-post status-publish format-standard has-post-thumbnail hentry category-urlaub\"><div class=\"post_featured with_thumb hover_icon sc_blogger_item_featured\"><img decoding=\"async\" width=\"370\" height=\"227\" src=\"https:\/\/mani-sonnenlink.com\/wp-content\/uploads\/2021\/12\/ManiBlaeuel2011_Olivenernte-370x227.jpeg\" class=\"attachment-gardis-thumb-med size-gardis-thumb-med wp-post-image\" alt=\"Eine Reise nach Mani\" \/><div class=\"mask\"><\/div><div class=\"icons\"><a href=\"https:\/\/mani-sonnenlink.com\/de\/2021\/12\/14\/eine-reise-nach-mani\/\" aria-hidden=\"true\" class=\"icon-link\"><\/a><\/div><\/div><div class=\"sc_blogger_item_content entry-content\"><div class=\"sc_blogger_item_header entry-header\"><div class=\"post_meta\">\t\t\t\t\t\t<span class=\"post_meta_item post_date\"><a href=\"https:\/\/mani-sonnenlink.com\/de\/2021\/12\/14\/eine-reise-nach-mani\/\">14 Dezember 2021<\/a><\/span>\n\t\t\t\t\t\t<\/div><!-- .post_meta --><h4 class=\"sc_blogger_item_title entry-title\"><a href=\"https:\/\/mani-sonnenlink.com\/de\/2021\/12\/14\/eine-reise-nach-mani\/\" rel=\"bookmark\">Eine Reise nach Mani<\/a><\/h4><\/div><!-- .entry-header --><div class=\"sc_blogger_item_excerpt\">\n\t\t\t\t<div class=\"sc_blogger_item_excerpt_text\">\n\t\t\t\t\t<p>Sommerurlaub bei unseren Oliven\u00f6l-Produzenten. Eine Reise nach Mani Reisebericht von Sabine Deutscher, Gast im September 2021 https:\/\/www.miraherba.de\/de\/blog\/66_reisebericht-mani-bio-oliven.html &nbsp; &nbsp; &nbsp; &nbsp; &nbsp; &nbsp; &nbsp; &nbsp; &nbsp; &nbsp; &nbsp; &nbsp;<\/p>\n\t\t\t\t<\/div>\n\t\t\t\t<div class=\"sc_blogger_item_button sc_item_button\"><a href=\"https:\/\/mani-sonnenlink.com\/de\/2021\/12\/14\/eine-reise-nach-mani\/\" class=\"sc_button\">Mehr<\/a><\/div><\/div><!-- .sc_blogger_item_excerpt --><\/div><!-- .entry-content --><\/div><!-- .sc_blogger_item --><\/div><div class=\"trx_addons_column-1_4\"><div class=\"sc_blogger_item post_format_standard post-4860 post type-post status-publish format-standard has-post-thumbnail hentry category-urlaub\"><div class=\"post_featured with_thumb hover_icon sc_blogger_item_featured\"><img loading=\"lazy\" decoding=\"async\" width=\"370\" height=\"227\" src=\"https:\/\/mani-sonnenlink.com\/wp-content\/uploads\/2017\/07\/2015-06-24-AndreasElgert-ManiSonnenlink-1837-370x227.jpg\" class=\"attachment-gardis-thumb-med size-gardis-thumb-med wp-post-image\" alt=\"Die Mani entdecken\" \/><div class=\"mask\"><\/div><div class=\"icons\"><a href=\"https:\/\/mani-sonnenlink.com\/de\/2017\/07\/11\/exploring-mani\/\" aria-hidden=\"true\" class=\"icon-link\"><\/a><\/div><\/div><div class=\"sc_blogger_item_content entry-content\"><div class=\"sc_blogger_item_header entry-header\"><div class=\"post_meta\">\t\t\t\t\t\t<span class=\"post_meta_item post_date\"><a href=\"https:\/\/mani-sonnenlink.com\/de\/2017\/07\/11\/exploring-mani\/\">11 Juli 2017<\/a><\/span>\n\t\t\t\t\t\t<\/div><!-- .post_meta --><h4 class=\"sc_blogger_item_title entry-title\"><a href=\"https:\/\/mani-sonnenlink.com\/de\/2017\/07\/11\/exploring-mani\/\" rel=\"bookmark\">Die Mani entdecken<\/a><\/h4><\/div><!-- .entry-header --><div class=\"sc_blogger_item_excerpt\">\n\t\t\t\t<div class=\"sc_blogger_item_excerpt_text\">\n\t\t\t\t\t<p>DIE MANI ENTDECKEN Einen ersten umfassenden \u00dcberblick \u00fcber die Westliche Mani gibt ein Reisf\u00fchrer den die Gemeinde herausgegeben hat. Str\u00e4nde, D\u00f6rfer, Kirchen und Kl\u00f6ster, Flora und Fauna, Kultur und Geschichte werden vorgestellt. Ein guter \u00dcberblick und tolle M\u00f6glichkeit noch zu Hause die Mani kennen zu lernen und so die Vorfreude noch zu vergr\u00f6ssern. Das die deutsche \u00dcbersetzung eher holprig ist,&hellip;<\/p>\n\t\t\t\t<\/div>\n\t\t\t\t<div class=\"sc_blogger_item_button sc_item_button\"><a href=\"https:\/\/mani-sonnenlink.com\/de\/2017\/07\/11\/exploring-mani\/\" class=\"sc_button\">Mehr<\/a><\/div><\/div><!-- .sc_blogger_item_excerpt --><\/div><!-- .entry-content --><\/div><!-- .sc_blogger_item --><\/div><\/div><\/div><!-- \/.sc_blogger -->[\/vc_column][\/vc_row][vc_row][vc_column][vc_separator color=&#8220;orange&#8220;][\/vc_column][\/vc_row][vc_row][vc_column][vc_column_text]<br \/>\n[\/vc_column_text][\/vc_column][\/vc_row][vc_row][vc_column]<div class=\"sc_layouts sc_layouts_default sc_layouts_4816\">[vc_row][vc_column icons_position=\"left\"][vc_empty_space alter_height=\"large\" hide_on_desktop=\"\" hide_on_notebook=\"\" hide_on_tablet=\"\" hide_on_mobile=\"\" css=\".vc_custom_1507199848888{margin-top: 0.3rem !important;}\"][vc_row_inner][vc_column_inner width=\"1\/3\" hide_bg_image_on_tablet=\"\" hide_bg_image_on_mobile=\"\" icons_position=\"left\" css=\".vc_custom_1515160016087{padding-top: 60px !important;padding-right: 20px !important;padding-bottom: 60px !important;padding-left: 20px !important;}\"][vc_single_image image=\"4460\" img_size=\"medium\" alignment=\"center\" onclick=\"custom_link\" link=\"https:\/\/mani-sonnenlink.com\/de\/blog-news\/\"][vc_custom_heading text=\"News \" font_container=\"tag:h4|text_align:center|color:%23000000\" google_fonts=\"font_family:Open%20Sans%3A300%2C300italic%2Cregular%2Citalic%2C600%2C600italic%2C700%2C700italic%2C800%2C800italic|font_style:400%20regular%3A400%3Anormal\" link=\"url:https%3A%2F%2Fmani-sonnenlink.com%2Fde%2Fblog-news%2F|title:NEWS||\" el_class=\"ah-title-hotel-line ah-heading-link-center\"][\/vc_column_inner][vc_column_inner el_class=\"ah-heading-has-fill\" width=\"1\/3\" fix_column=\"\" hide_bg_image_on_tablet=\"\" hide_bg_image_on_mobile=\"\" icons_position=\"left\" css=\".vc_custom_1588932907756{padding-top: 60px !important;padding-right: 20px !important;padding-bottom: 60px !important;padding-left: 20px !important;}\"][vc_single_image image=\"3781\" img_size=\"medium\" alignment=\"center\" onclick=\"custom_link\" link=\"https:\/\/mani-sonnenlink.com\/de\/gallery\/\"][vc_custom_heading text=\"Mani Sonnenlink in Bildern \" font_container=\"tag:h4|text_align:center|color:%23000000\" google_fonts=\"font_family:Open%20Sans%3A300%2C300italic%2Cregular%2Citalic%2C600%2C600italic%2C700%2C700italic%2C800%2C800italic|font_style:400%20regular%3A400%3Anormal\" link=\"url:https%3A%2F%2Fmani-sonnenlink.com%2Fde%2Fgallery%2F|title:FOTOGALERIE||\" el_class=\"ah-title-hotel-line ah-heading-link-center\"][\/vc_column_inner][vc_column_inner width=\"1\/3\" hide_bg_image_on_tablet=\"\" hide_bg_image_on_mobile=\"\" icons_position=\"left\" css=\".vc_custom_1588932920517{padding-top: 60px !important;padding-right: 20px !important;padding-bottom: 60px !important;padding-left: 20px !important;}\"][vc_single_image image=\"4462\" img_size=\"medium\" alignment=\"center\" onclick=\"custom_link\" link=\"https:\/\/mani-sonnenlink.com\/de\/bio-fruehstueck\/\"][vc_custom_heading text=\"Bio Fr\u00fchst\u00fcck \" font_container=\"tag:h4|text_align:center|color:%23000000\" google_fonts=\"font_family:Open%20Sans%3A300%2C300italic%2Cregular%2Citalic%2C600%2C600italic%2C700%2C700italic%2C800%2C800italic|font_style:400%20regular%3A400%3Anormal\" link=\"url:https%3A%2F%2Fmani-sonnenlink.com%2Fde%2Fbio-fruehstueck%2F|title:BIO%20FR%C3%9CHST%C3%9CCK||\" el_class=\"ah-title-hotel-line ah-heading-link-center\"][\/vc_column_inner][\/vc_row_inner][\/vc_column][\/vc_row]<\/div>[\/vc_column][\/vc_row][vc_row][vc_column][\/vc_column][\/vc_row]<\/p>\n","protected":false},"excerpt":{"rendered":"<p>[vc_row equal_height=&#8220;yes&#8220; hide_bg_image_on_tablet=&#8220;&#8220; hide_bg_image_on_mobile=&#8220;&#8220;][vc_column][vc_empty_space alter_height=&#8220;medium&#8220; hide_on_desktop=&#8220;&#8220; hide_on_notebook=&#8220;&#8220; hide_on_tablet=&#8220;&#8220; hide_on_mobile=&#8220;&#8220; css=&#8220;.vc_custom_1507185435221{margin-bottom: -0.5rem !important;}&#8220;][vc_empty_space alter_height=&#8220;medium&#8220; hide_on_desktop=&#8220;&#8220; hide_on_notebook=&#8220;&#8220; hide_on_tablet=&#8220;&#8220; hide_on_mobile=&#8220;&#8220; css=&#8220;.vc_custom_1507185605895{margin-top: -0.4rem !important;}&#8220;][\/vc_column][\/vc_row][vc_row][vc_column width=&#8220;1\/2&#8243;][vc_single_image image=&#8220;4191&#8243; img_size=&#8220;full&#8220;][\/vc_column][vc_column width=&#8220;1\/2&#8243;][\/vc_column][\/vc_row][vc_row][vc_column][vc_empty_space alter_height=&#8220;large&#8220; hide_on_desktop=&#8220;&#8220; hide_on_notebook=&#8220;&#8220; hide_on_tablet=&#8220;&#8220; hide_on_mobile=&#8220;&#8220;][\/vc_column][\/vc_row][vc_row][vc_column][\/vc_column][\/vc_row][vc_row][vc_column][vc_separator color=&#8220;orange&#8220;][\/vc_column][\/vc_row][vc_row][vc_column][vc_column_text] [\/vc_column_text][\/vc_column][\/vc_row][vc_row][vc_column][\/vc_column][\/vc_row][vc_row][vc_column][\/vc_column][\/vc_row]<\/p>\n","protected":false},"author":1,"featured_media":0,"parent":0,"menu_order":0,"comment_status":"closed","ping_status":"closed","template":"","meta":{"footnotes":""},"class_list":["post-4813","page","type-page","status-publish","hentry"],"_links":{"self":[{"href":"https:\/\/mani-sonnenlink.com\/de\/wp-json\/wp\/v2\/pages\/4813","targetHints":{"allow":["GET"]}}],"collection":[{"href":"https:\/\/mani-sonnenlink.com\/de\/wp-json\/wp\/v2\/pages"}],"about":[{"href":"https:\/\/mani-sonnenlink.com\/de\/wp-json\/wp\/v2\/types\/page"}],"author":[{"embeddable":true,"href":"https:\/\/mani-sonnenlink.com\/de\/wp-json\/wp\/v2\/users\/1"}],"replies":[{"embeddable":true,"href":"https:\/\/mani-sonnenlink.com\/de\/wp-json\/wp\/v2\/comments?post=4813"}],"version-history":[{"count":2,"href":"https:\/\/mani-sonnenlink.com\/de\/wp-json\/wp\/v2\/pages\/4813\/revisions"}],"predecessor-version":[{"id":7626,"href":"https:\/\/mani-sonnenlink.com\/de\/wp-json\/wp\/v2\/pages\/4813\/revisions\/7626"}],"wp:attachment":[{"href":"https:\/\/mani-sonnenlink.com\/de\/wp-json\/wp\/v2\/media?parent=4813"}],"curies":[{"name":"wp","href":"https:\/\/api.w.org\/{rel}","templated":true}]}}