{"id":4810,"date":"2017-12-19T14:37:10","date_gmt":"2017-12-19T11:37:10","guid":{"rendered":"https:\/\/mani-sonnenlink.com\/location\/"},"modified":"2020-07-24T16:34:00","modified_gmt":"2020-07-24T13:34:00","slug":"location","status":"publish","type":"page","link":"https:\/\/mani-sonnenlink.com\/de\/location\/","title":{"rendered":"MANI"},"content":{"rendered":"<p>[vc_row equal_height=&#8220;yes&#8220;][vc_column][vc_empty_space alter_height=&#8220;medium&#8220; hide_on_desktop=&#8220;&#8220; hide_on_notebook=&#8220;&#8220; hide_on_tablet=&#8220;&#8220; hide_on_mobile=&#8220;&#8220; css=&#8220;.vc_custom_1507185435221{margin-bottom: -0.5rem !important;}&#8220;]<div id=\"sc_title_419421417\"\n\t\tclass=\"sc_title color_style_default sc_title_default\"><h6 class=\"sc_item_subtitle sc_title_subtitle sc_align_center sc_item_title_style_default\">MANI<\/h6><div class=\"sc_item_descr sc_title_descr sc_align_center\"><p>Wild, ungez\u00e4hmt und urspr\u00fcnglich ist die Landschaft der Mani im S\u00fcden des mittleren Fingers des griechischen<br \/>\nPeloponnes, kulturreiche Heimat des Bl\u00e4uel-Familienunternehmens.<\/p>\n<\/div><\/div><!-- \/.sc_title -->[vc_empty_space hide_on_desktop=&#8220;&#8220; hide_on_notebook=&#8220;&#8220; hide_on_tablet=&#8220;&#8220; hide_on_mobile=&#8220;&#8220; css=&#8220;.vc_custom_1516100167010{margin-top: -0.4rem !important;}&#8220;][\/vc_column][\/vc_row][vc_row][vc_column][vc_empty_space height=&#8220;50px&#8220; alter_height=&#8220;medium&#8220; hide_on_desktop=&#8220;&#8220; hide_on_notebook=&#8220;&#8220; hide_on_tablet=&#8220;&#8220; hide_on_mobile=&#8220;&#8220;][\/vc_column][\/vc_row][vc_row][vc_column width=&#8220;1\/2&#8243;][vc_single_image image=&#8220;3689&#8243; img_size=&#8220;600&#215;863&#8243;][\/vc_column][vc_column width=&#8220;1\/2&#8243; hide_bg_image_on_tablet=&#8220;&#8220; hide_bg_image_on_mobile=&#8220;&#8220;][vc_empty_space alter_height=&#8220;medium&#8220; hide_on_desktop=&#8220;&#8220; hide_on_notebook=&#8220;&#8220; hide_on_tablet=&#8220;&#8220; hide_on_mobile=&#8220;&#8220;]<div id=\"sc_title_618268381\"\n\t\tclass=\"sc_title color_style_default sc_title_default\"><h6 class=\"sc_item_subtitle sc_title_subtitle sc_align_left sc_item_title_style_default\">LAND & LEUTE MIT CHARAKTER<\/h6><\/div><!-- \/.sc_title -->[vc_empty_space alter_height=&#8220;small&#8220; hide_on_desktop=&#8220;&#8220; hide_on_notebook=&#8220;&#8220; hide_on_tablet=&#8220;&#8220; hide_on_mobile=&#8220;&#8220;][vc_column_text]<br \/>\nBis ins 20ste Jahrhundert war die Mani wegen ihrer Unwegsamkeit ein idealer Unterschlupf f\u00fcr Schutzsuchende gleicherma\u00dfen wie f\u00fcr Piraten. Die Region blieb lange fast frei von staatlichen Eingriffen, wodurch sich ein besonderer, freiheitsliebender Menschenschlag entwickelte. Die Maniaten unterwarfen sich im Laufe ihrer Geschichte keiner Eroberungsmacht und so verwundert es nicht, dass in diesem Landstrich 1821 die griechische Revolution gegen die jahrhundertelange Herrschaft der Osmanen ihren Ausgang nahm.<\/p>\n<p>Heute herrscht Frieden auf der Mani und Besucher, die hier Ruhe, Erholung, Sonne, Meer und gutes Essen suchen, sind herzlich willkommen. Stolz auf ihre Unabh\u00e4ngigkeit und ihren Freigeist sind die Maniaten aber noch heute. Mit dem traditionellen Olivenanbau pflegen sie eine Jahrhunderte alte Kultur, die mit der F\u00f6rderung des \u00f6kologischen Anbaus des Familienunternehmens Bl\u00e4uel auch nachhaltig erhalten bleibt. Die reinen Naturprodukte, die in der Mani beh\u00fctet wachsen, sind der Schatz der Region \u2013 wie die heimische Koroneki Olive aus denen das \u201egr\u00fcne Gold\u201c der Mani gewonnen wird.<\/p>\n<p>Das b\u00e4uerliche Leben, in kleinen Dorfgemeinschaften und abgelegenen Bergd\u00f6rfern, pr\u00e4gt seit jeher den Alltag der Maniaten. Im Wechsel der Jahreszeiten rangen sie den zwar mineralstoffreichen, aber steinigen Bergb\u00f6den die Produkte ab, die sie zum t\u00e4glichen Leben ben\u00f6tigten: sonnenhungrige Gem\u00fcsesorten, wenig Fleisch und nat\u00fcrlich Oliven und Oliven\u00f6l aus den Koroneiki Olivenhainen.<br \/>\nIhre authentische Mittelmeerk\u00fcche n\u00e4hrte die maniatischen Kleinbauern \u00fcber Jahrhunderte, erforderte aber harte Arbeit bei wenig Lohn. Daher suchten seit Mitte des letzten Jahrhunderts immer mehr junge Menschen ihr Gl\u00fcck in anderen Regionen des Landes.<\/p>\n<p>Mit viel Liebe werden heute die historischen Wohn- und Wehrt\u00fcrme der D\u00f6rfer f\u00fcr den Fremdenverkehr restauriert. In den Tavernen und Restaurants findet man wie eh und je traditionelle maniatische K\u00fcche, die heute erholungssuchende Touristen und gastfreundliche Maniaten gemeinsam bei einen Glas Wein genie\u00dfen und die freudvolle mediterrane Lebensart zelebrieren \u2013 Alltag mit Zukunft auf der Mani.<br \/>\n[\/vc_column_text][\/vc_column][\/vc_row][vc_row][vc_column][vc_empty_space alter_height=&#8220;medium&#8220; hide_on_desktop=&#8220;&#8220; hide_on_notebook=&#8220;&#8220; hide_on_tablet=&#8220;&#8220; hide_on_mobile=&#8220;&#8220;][\/vc_column][\/vc_row][vc_row][vc_column][vc_media_grid element_width=&#8220;3&#8243; grid_id=&#8220;vc_gid:1591091649351-e59b24b1-22ca-3&#8243; include=&#8220;3699,3696,3693,3692,3691,3689,3688,3687&#8243;][\/vc_column][\/vc_row][vc_row][vc_column][vc_empty_space alter_height=&#8220;small&#8220; hide_on_desktop=&#8220;&#8220; hide_on_notebook=&#8220;&#8220; hide_on_tablet=&#8220;&#8220; hide_on_mobile=&#8220;&#8220;][vc_separator color=&#8220;orange&#8220;][vc_empty_space alter_height=&#8220;small&#8220; hide_on_desktop=&#8220;&#8220; hide_on_notebook=&#8220;&#8220; hide_on_tablet=&#8220;&#8220; hide_on_mobile=&#8220;&#8220;][\/vc_column][\/vc_row][vc_row][vc_column]<div class=\"sc_layouts sc_layouts_default sc_layouts_4905\">[vc_row][vc_column icons_position=\"left\"][vc_empty_space alter_height=\"large\" hide_on_desktop=\"\" hide_on_notebook=\"\" hide_on_tablet=\"\" hide_on_mobile=\"\" css=\".vc_custom_1507199848888{margin-top: 0.3rem !important;}\"][vc_row_inner][vc_column_inner width=\"1\/3\" hide_bg_image_on_tablet=\"\" hide_bg_image_on_mobile=\"\" icons_position=\"left\" css=\".vc_custom_1515160016087{padding-top: 60px !important;padding-right: 20px !important;padding-bottom: 60px !important;padding-left: 20px !important;}\"][vc_single_image image=\"4460\" img_size=\"medium\" alignment=\"center\" onclick=\"custom_link\" link=\"https:\/\/mani-sonnenlink.com\/de\/blog-news\/\"][vc_custom_heading text=\"News \" font_container=\"tag:h4|text_align:center|color:%23000000\" google_fonts=\"font_family:Open%20Sans%3A300%2C300italic%2Cregular%2Citalic%2C600%2C600italic%2C700%2C700italic%2C800%2C800italic|font_style:400%20regular%3A400%3Anormal\" link=\"url:https%3A%2F%2Fmani-sonnenlink.com%2Fde%2Fblog-news%2F|title:NEWS||\" el_class=\"ah-title-hotel-line ah-heading-link-center\"][\/vc_column_inner][vc_column_inner el_class=\"ah-heading-has-fill\" width=\"1\/3\" fix_column=\"\" hide_bg_image_on_tablet=\"\" hide_bg_image_on_mobile=\"\" icons_position=\"left\" css=\".vc_custom_1588940514930{padding-top: 60px !important;padding-right: 20px !important;padding-bottom: 60px !important;padding-left: 20px !important;}\"][vc_single_image image=\"3915\" img_size=\"medium\" alignment=\"center\" onclick=\"custom_link\" link=\"https:\/\/mani-sonnenlink.com\/de\/body-mind-soul\/\"][vc_custom_heading text=\"Korper, Geist &amp; Seele\" font_container=\"tag:h4|text_align:center|color:%23000000\" google_fonts=\"font_family:Open%20Sans%3A300%2C300italic%2Cregular%2Citalic%2C600%2C600italic%2C700%2C700italic%2C800%2C800italic|font_style:400%20regular%3A400%3Anormal\" link=\"url:https%3A%2F%2Fmani-sonnenlink.com%2Fde%2Fbody-mind-soul%2F|title:K%C3%96RPER%2C%20GEIST%20%26%20SEELE||\" el_class=\"ah-title-hotel-line ah-heading-link-center\"][\/vc_column_inner][vc_column_inner width=\"1\/3\" hide_bg_image_on_tablet=\"\" hide_bg_image_on_mobile=\"\" icons_position=\"left\" css=\".vc_custom_1588940492294{padding-top: 60px !important;padding-right: 20px !important;padding-bottom: 60px !important;padding-left: 20px !important;}\"][vc_single_image image=\"3846\" img_size=\"medium\" alignment=\"center\" onclick=\"custom_link\" link=\"https:\/\/mani-sonnenlink.com\/de\/accommodation\/\"][vc_custom_heading text=\"Apartments &amp; Bungalows\" font_container=\"tag:h4|text_align:center|color:%23000000\" google_fonts=\"font_family:Open%20Sans%3A300%2C300italic%2Cregular%2Citalic%2C600%2C600italic%2C700%2C700italic%2C800%2C800italic|font_style:400%20regular%3A400%3Anormal\" link=\"url:https%3A%2F%2Fmani-sonnenlink.com%2Fde%2Faccommodation%2F|title:WOHNEN||\" el_class=\"ah-title-hotel-line ah-heading-link-center\"][\/vc_column_inner][\/vc_row_inner][\/vc_column][\/vc_row]<\/div>[\/vc_column][\/vc_row]<\/p>\n","protected":false},"excerpt":{"rendered":"<p>[vc_row equal_height=&#8220;yes&#8220;][vc_column][vc_empty_space alter_height=&#8220;medium&#8220; hide_on_desktop=&#8220;&#8220; hide_on_notebook=&#8220;&#8220; hide_on_tablet=&#8220;&#8220; hide_on_mobile=&#8220;&#8220; css=&#8220;.vc_custom_1507185435221{margin-bottom: -0.5rem !important;}&#8220;][vc_empty_space hide_on_desktop=&#8220;&#8220; hide_on_notebook=&#8220;&#8220; hide_on_tablet=&#8220;&#8220; hide_on_mobile=&#8220;&#8220; css=&#8220;.vc_custom_1516100167010{margin-top: -0.4rem !important;}&#8220;][\/vc_column][\/vc_row][vc_row][vc_column][vc_empty_space height=&#8220;50px&#8220; alter_height=&#8220;medium&#8220; hide_on_desktop=&#8220;&#8220; hide_on_notebook=&#8220;&#8220; hide_on_tablet=&#8220;&#8220; hide_on_mobile=&#8220;&#8220;][\/vc_column][\/vc_row][vc_row][vc_column width=&#8220;1\/2&#8243;][vc_single_image image=&#8220;3689&#8243; img_size=&#8220;600&#215;863&#8243;][\/vc_column][vc_column width=&#8220;1\/2&#8243; hide_bg_image_on_tablet=&#8220;&#8220; hide_bg_image_on_mobile=&#8220;&#8220;][vc_empty_space alter_height=&#8220;medium&#8220; hide_on_desktop=&#8220;&#8220; hide_on_notebook=&#8220;&#8220; hide_on_tablet=&#8220;&#8220; hide_on_mobile=&#8220;&#8220;][vc_empty_space alter_height=&#8220;small&#8220; hide_on_desktop=&#8220;&#8220; hide_on_notebook=&#8220;&#8220; hide_on_tablet=&#8220;&#8220; hide_on_mobile=&#8220;&#8220;][vc_column_text] Bis ins 20ste Jahrhundert war die Mani wegen ihrer Unwegsamkeit ein idealer Unterschlupf f\u00fcr Schutzsuchende gleicherma\u00dfen wie f\u00fcr Piraten. Die Region&hellip;<\/p>\n","protected":false},"author":1,"featured_media":0,"parent":0,"menu_order":0,"comment_status":"closed","ping_status":"closed","template":"","meta":{"footnotes":""},"class_list":["post-4810","page","type-page","status-publish","hentry"],"_links":{"self":[{"href":"https:\/\/mani-sonnenlink.com\/de\/wp-json\/wp\/v2\/pages\/4810","targetHints":{"allow":["GET"]}}],"collection":[{"href":"https:\/\/mani-sonnenlink.com\/de\/wp-json\/wp\/v2\/pages"}],"about":[{"href":"https:\/\/mani-sonnenlink.com\/de\/wp-json\/wp\/v2\/types\/page"}],"author":[{"embeddable":true,"href":"https:\/\/mani-sonnenlink.com\/de\/wp-json\/wp\/v2\/users\/1"}],"replies":[{"embeddable":true,"href":"https:\/\/mani-sonnenlink.com\/de\/wp-json\/wp\/v2\/comments?post=4810"}],"version-history":[{"count":1,"href":"https:\/\/mani-sonnenlink.com\/de\/wp-json\/wp\/v2\/pages\/4810\/revisions"}],"predecessor-version":[{"id":5942,"href":"https:\/\/mani-sonnenlink.com\/de\/wp-json\/wp\/v2\/pages\/4810\/revisions\/5942"}],"wp:attachment":[{"href":"https:\/\/mani-sonnenlink.com\/de\/wp-json\/wp\/v2\/media?parent=4810"}],"curies":[{"name":"wp","href":"https:\/\/api.w.org\/{rel}","templated":true}]}}