{"id":4800,"date":"2017-07-11T14:26:13","date_gmt":"2017-07-11T11:26:13","guid":{"rendered":"https:\/\/mani-sonnenlink.com\/home\/"},"modified":"2024-04-11T17:45:09","modified_gmt":"2024-04-11T14:45:09","slug":"home","status":"publish","type":"page","link":"https:\/\/mani-sonnenlink.com\/de\/","title":{"rendered":"Home"},"content":{"rendered":"<p>[vc_row][vc_column]<div class=\"sc_layouts sc_layouts_default sc_layouts_4805\">[vc_row full_width=\"stretch_row_content_no_spaces\" hide_bg_image_on_tablet=\"1\" hide_bg_image_on_mobile=\"1\" row_delimiter=\"\" hide_on_desktop=\"\" hide_on_notebook=\"\" hide_on_tablet=\"\" hide_on_mobile=\"\" hide_on_frontpage=\"\"][vc_column icons_position=\"left\"]<div id=\"sc_content_1813319837\"\n\t\tclass=\"sc_content color_style_default sc_content_default sc_float_center\"><div class=\"sc_content_container\">[rev_slider_vc alias=\"german\"]<\/div><\/div><!-- \/.sc_content -->[\/vc_column][\/vc_row]<\/div>[\/vc_column][\/vc_row][vc_row][vc_column][vc_empty_space alter_height=&#8220;medium&#8220; hide_on_desktop=&#8220;&#8220; hide_on_notebook=&#8220;&#8220; hide_on_tablet=&#8220;&#8220; hide_on_mobile=&#8220;&#8220;][\/vc_column][\/vc_row][vc_row][vc_column][vc_column_text][\/vc_column_text][\/vc_column][\/vc_row][vc_row][vc_column]<div class=\"sc_layouts sc_layouts_default sc_layouts_4803\">[vc_row][vc_column icons_position=\"left\"][vc_empty_space alter_height=\"huge\" hide_on_desktop=\"\" hide_on_notebook=\"\" hide_on_tablet=\"\" hide_on_mobile=\"\"][\/vc_column][vc_column icons_position=\"left\"]<div id=\"sc_content_674857196\"\n\t\tclass=\"sc_content color_style_default sc_content_default sc_float_center\"><div class=\"sc_content_container\">[vc_row_inner equal_height=\"yes\" content_placement=\"middle\"][vc_column_inner width=\"1\/2\" fix_column=\"\" hide_bg_image_on_tablet=\"\" hide_bg_image_on_mobile=\"\" icons_position=\"left\" css=\".vc_custom_1597905148816{background-size: cover !important;}\"][vc_single_image image=\"4969\" img_size=\"full\"][\/vc_column_inner][vc_column_inner width=\"1\/2\" icons_position=\"left\"][vc_empty_space height=\"50px\" alter_height=\"medium\" hide_on_desktop=\"\" hide_on_notebook=\"\" hide_on_tablet=\"\" hide_on_mobile=\"\"][vc_empty_space height=\"40px\" alter_height=\"medium\" hide_on_desktop=\"1\" hide_on_notebook=\"1\" hide_on_tablet=\"1\" hide_on_mobile=\"\"]<div id=\"sc_content_1506125733\"\n\t\tclass=\"sc_content color_style_default color_style_default sc_content_default sc_float_center  vc_custom_1507198087176\"><div class=\"sc_content_container\"><div id=\"sc_title_382412520\"\n\t\tclass=\"sc_title color_style_default sc_title_default\"><h6 class=\"sc_item_subtitle sc_title_subtitle sc_align_left sc_item_title_style_default\">F\u00fcr Menschen, die an das Paradies glauben\u2026<\/h6><div class=\"sc_item_descr sc_title_descr sc_align_left\"><p>\u201cAls ich zum erste Mal die Mani besuchte und das Haus betrat, in dem ich noch heute lebe, wusste ich, dass ich dies Lebensqualit\u00e4t nie mehr vermissen m\u00f6chte. So eine Freude, Weite, Brillanz und Bewegtheit der Sinne.<br \/>\nIch spaziere buchst\u00e4blich durchs Paradies; wandere in der faszinierenden Landschaft der <a href=\"https:\/\/mani-sonnenlink.com\/de\/location\/\" rel=\"noopener\" target=\"_blank\">Mani<\/a> zu F\u00fcssen des Taygetos Gebirges.<br \/>\nBl\u00fchende Wiesen und das tiefblaue, glasklare Meer wohin mein Blick f\u00e4llt.<\/p>\n<p>Jeder Abend gekr\u00f6nt, von einem einmaligen Sonnenuntergang.<br \/>\nHeute wie vor 33 Jahren. Nur, dass ich dieses Paradies heute teilen kann. In meinem kleinen  <a href=\"https:\/\/mani-sonnenlink.com\/de\/bio-hotel\/\" rel=\"noopener\" target=\"_blank\">Biohotel<\/a>\u2026\u201d<\/p>\n<p>Burgi Bl\u00e4uel<\/p>\n<\/div><div class=\"sc_item_button sc_button_wrap sc_align_left\"><a href=\"https:\/\/mani-sonnenlink.com\/organic-hotel\/\" id=\"sc_button_1687603124\" class=\"sc_button color_style_default sc_button_default sc_item_button sc_item_button_default sc_title_button sc_button_size_normal sc_button_icon_left\"><span class=\"sc_button_text\"><span class=\"sc_button_title\">MEHR<\/span><\/span><!-- \/.sc_button_text --><\/a><!-- \/.sc_button --><\/div><!-- \/.sc_item_button --><\/div><!-- \/.sc_title -->[vc_empty_space alter_height=\"small\" hide_on_desktop=\"\" hide_on_notebook=\"\" hide_on_tablet=\"\" hide_on_mobile=\"\" css=\".vc_custom_1507198107198{margin-bottom: 0.6rem !important;}\"]<\/div><\/div><!-- \/.sc_content -->[vc_empty_space alter_height=\"large\" hide_on_desktop=\"\" hide_on_notebook=\"\" hide_on_tablet=\"\" hide_on_mobile=\"1\" css=\".vc_custom_1507547933770{margin-top: -1.7rem !important;}\"][\/vc_column_inner][\/vc_row_inner]<\/div><\/div><!-- \/.sc_content -->[\/vc_column][\/vc_row]<\/div>[\/vc_column][\/vc_row][vc_row][vc_column][vc_empty_space height=&#8220;40px&#8220; alter_height=&#8220;medium&#8220; hide_on_desktop=&#8220;&#8220; hide_on_notebook=&#8220;&#8220; hide_on_tablet=&#8220;&#8220; hide_on_mobile=&#8220;&#8220;][\/vc_column][\/vc_row][vc_row][vc_column][vc_separator color=&#8220;orange&#8220;][\/vc_column][\/vc_row][vc_row][vc_column][vc_empty_space height=&#8220;40px&#8220; alter_height=&#8220;medium&#8220; hide_on_desktop=&#8220;&#8220; hide_on_notebook=&#8220;&#8220; hide_on_tablet=&#8220;&#8220; hide_on_mobile=&#8220;&#8220;][\/vc_column][\/vc_row][vc_row][vc_column][\/vc_column][\/vc_row][vc_row][vc_column]<div id=\"sc_content_1842570721\"\n\t\tclass=\"sc_content color_style_default sc_content_default sc_float_center sc_align_center\"><h6 class=\"sc_item_subtitle sc_content_subtitle sc_align_center sc_item_title_style_default\">NEWS & ANGEBOTE<\/h6><div class=\"sc_content_container\">[vc_empty_space alter_height=&#8220;medium&#8220; hide_on_desktop=&#8220;&#8220; hide_on_notebook=&#8220;&#8220; hide_on_tablet=&#8220;&#8220; hide_on_mobile=&#8220;&#8220;]<div class=\"sc_blogger color_style_default sc_blogger_default\"><div class=\"sc_blogger_columns_wrap sc_item_columns trx_addons_columns_wrap columns_padding_bottom\"><div class=\"trx_addons_column-1_3\"><div class=\"sc_blogger_item post_format_standard post-8570 post type-post status-publish format-standard has-post-thumbnail hentry category-news-de category-offers\"><div class=\"post_featured with_thumb hover_icon sc_blogger_item_featured\"><img fetchpriority=\"high\" decoding=\"async\" width=\"370\" height=\"227\" src=\"https:\/\/mani-sonnenlink.com\/wp-content\/uploads\/2026\/01\/image6-370x227.jpeg\" class=\"attachment-gardis-thumb-med size-gardis-thumb-med wp-post-image\" alt=\"Yoga-Woche mit Heike Lelle, 26. September \u2013 03. Oktober 2026\" \/><div class=\"mask\"><\/div><div class=\"icons\"><a href=\"https:\/\/mani-sonnenlink.com\/de\/2026\/01\/13\/yoga-woche-26-03-10-2026\/\" aria-hidden=\"true\" class=\"icon-link\"><\/a><\/div><\/div><div class=\"sc_blogger_item_content entry-content\"><div class=\"sc_blogger_item_header entry-header\"><div class=\"post_meta\">\t\t\t\t\t\t<span class=\"post_meta_item post_date\"><a href=\"https:\/\/mani-sonnenlink.com\/de\/2026\/01\/13\/yoga-woche-26-03-10-2026\/\">13 Januar 2026<\/a><\/span>\n\t\t\t\t\t\t<\/div><!-- .post_meta --><h4 class=\"sc_blogger_item_title entry-title\"><a href=\"https:\/\/mani-sonnenlink.com\/de\/2026\/01\/13\/yoga-woche-26-03-10-2026\/\" rel=\"bookmark\">Yoga-Woche mit Heike Lelle, 26. September \u2013 03. Oktober 2026<\/a><\/h4><\/div><!-- .entry-header --><div class=\"sc_blogger_item_excerpt\">\n\t\t\t\t<div class=\"sc_blogger_item_excerpt_text\">\n\t\t\t\t\t<p>Yoga-Woche mit Heike Lelle 26. September \u2013 03. Oktober 2026 Die \u201ewilde Mani\u201c bildet den mittleren der drei \u201eFinger\u201c, welche die sagenumwobene Peloponnes nach S\u00fcden in die blaue \u00c4g\u00e4is ausstreckt. Mit seiner jahrtausendealten Geschichte gibt es hier noch das stille Griechenland: romantische D\u00f6rfer, kleine Kirchen, wundersch\u00f6ne Str\u00e4nde und unendlich viele Augenblicke der Ruhe und Erholung. Ich m\u00f6chte euch eine regenerierende&hellip;<\/p>\n\t\t\t\t<\/div>\n\t\t\t\t<div class=\"sc_blogger_item_button sc_item_button\"><a href=\"https:\/\/mani-sonnenlink.com\/de\/2026\/01\/13\/yoga-woche-26-03-10-2026\/\" class=\"sc_button\">Mehr<\/a><\/div><\/div><!-- .sc_blogger_item_excerpt --><\/div><!-- .entry-content --><\/div><!-- .sc_blogger_item --><\/div><div class=\"trx_addons_column-1_3\"><div class=\"sc_blogger_item post_format_standard post-8556 post type-post status-publish format-standard has-post-thumbnail hentry category-news-de category-offers\"><div class=\"post_featured with_thumb hover_icon sc_blogger_item_featured\"><img decoding=\"async\" width=\"370\" height=\"227\" src=\"https:\/\/mani-sonnenlink.com\/wp-content\/uploads\/2025\/12\/IMG_4594-low-370x227.jpg\" class=\"attachment-gardis-thumb-med size-gardis-thumb-med wp-post-image\" alt=\"&#8222;yesterday &#8211; today &#8211; tomorrow&#8220;\" \/><div class=\"mask\"><\/div><div class=\"icons\"><a href=\"https:\/\/mani-sonnenlink.com\/de\/2025\/12\/22\/yesterday-today-tomorrow\/\" aria-hidden=\"true\" class=\"icon-link\"><\/a><\/div><\/div><div class=\"sc_blogger_item_content entry-content\"><div class=\"sc_blogger_item_header entry-header\"><div class=\"post_meta\">\t\t\t\t\t\t<span class=\"post_meta_item post_date\"><a href=\"https:\/\/mani-sonnenlink.com\/de\/2025\/12\/22\/yesterday-today-tomorrow\/\">22 Dezember 2025<\/a><\/span>\n\t\t\t\t\t\t<\/div><!-- .post_meta --><h4 class=\"sc_blogger_item_title entry-title\"><a href=\"https:\/\/mani-sonnenlink.com\/de\/2025\/12\/22\/yesterday-today-tomorrow\/\" rel=\"bookmark\">&#8222;yesterday &#8211; today &#8211; tomorrow&#8220;<\/a><\/h4><\/div><!-- .entry-header --><div class=\"sc_blogger_item_excerpt\">\n\t\t\t\t<div class=\"sc_blogger_item_excerpt_text\">\n\t\t\t\t\t<p>Yesterday &#8211; Today &#8211; Tomorrow Ich m\u00f6chte mich ausf\u00fchrlich Euch bedanken, ich habe Erinnerungen an reichhaltige, bunte, liebevolle und vor allem sehr harmonische Zeiten im Sonnenlink! Da die letzten Tage besonders intensiv waren, habe ich meine Arbeitsstunden normalerweise nicht am Schreibtisch verbracht. Sowieso ist mein neuer Lieblingsplatz zum Arbeiten der gro\u00dfe runde Tisch in der K\u00fcche: Dort bin ich mit&hellip;<\/p>\n\t\t\t\t<\/div>\n\t\t\t\t<div class=\"sc_blogger_item_button sc_item_button\"><a href=\"https:\/\/mani-sonnenlink.com\/de\/2025\/12\/22\/yesterday-today-tomorrow\/\" class=\"sc_button\">Mehr<\/a><\/div><\/div><!-- .sc_blogger_item_excerpt --><\/div><!-- .entry-content --><\/div><!-- .sc_blogger_item --><\/div><div class=\"trx_addons_column-1_3\"><div class=\"sc_blogger_item post_format_standard post-8542 post type-post status-publish format-standard has-post-thumbnail hentry category-news-de category-offers\"><div class=\"post_featured with_thumb hover_icon sc_blogger_item_featured\"><img decoding=\"async\" width=\"370\" height=\"227\" src=\"https:\/\/mani-sonnenlink.com\/wp-content\/uploads\/2024\/01\/2015-06-24-AndreasElgert-ManiSonnenlink-1818-370x227.jpg\" class=\"attachment-gardis-thumb-med size-gardis-thumb-med wp-post-image\" alt=\"Preise &#038; Konditionen 2026\" \/><div class=\"mask\"><\/div><div class=\"icons\"><a href=\"https:\/\/mani-sonnenlink.com\/de\/2025\/12\/18\/preise-konditionen-2026-2\/\" aria-hidden=\"true\" class=\"icon-link\"><\/a><\/div><\/div><div class=\"sc_blogger_item_content entry-content\"><div class=\"sc_blogger_item_header entry-header\"><div class=\"post_meta\">\t\t\t\t\t\t<span class=\"post_meta_item post_date\"><a href=\"https:\/\/mani-sonnenlink.com\/de\/2025\/12\/18\/preise-konditionen-2026-2\/\">18 Dezember 2025<\/a><\/span>\n\t\t\t\t\t\t<\/div><!-- .post_meta --><h4 class=\"sc_blogger_item_title entry-title\"><a href=\"https:\/\/mani-sonnenlink.com\/de\/2025\/12\/18\/preise-konditionen-2026-2\/\" rel=\"bookmark\">Preise &#038; Konditionen 2026<\/a><\/h4><\/div><!-- .entry-header --><div class=\"sc_blogger_item_excerpt\">\n\t\t\t\t<div class=\"sc_blogger_item_excerpt_text\">\n\t\t\t\t\t<p>Preise Bio-G\u00e4stehaus 2026 Apartment Gelbe Wohnung 1 DZ \u20ac130 1-2\/Person\/Nacht Das Apartment besteht aus 1 Doppelzimmer mit K\u00fcche und Bad. Weiter, herrlicher Meerblick: 1 Balkon, 1 Terrasse Family Suite Gelbe Wohnung ab \u20ac190 (ab 5.Person je \u20ac40 zus\u00e4tzlich) Die Familien Wohnung besteht aus: 1 Doppelzimmer mit K\u00fcche und Bad. Weiter, herrlicher Meerblick: 1 Balkon, 1 Terrasse (Eigener Eingang) Einem gro\u00dfen&hellip;<\/p>\n\t\t\t\t<\/div>\n\t\t\t\t<div class=\"sc_blogger_item_button sc_item_button\"><a href=\"https:\/\/mani-sonnenlink.com\/de\/2025\/12\/18\/preise-konditionen-2026-2\/\" class=\"sc_button\">Mehr<\/a><\/div><\/div><!-- .sc_blogger_item_excerpt --><\/div><!-- .entry-content --><\/div><!-- .sc_blogger_item --><\/div><\/div><\/div><!-- \/.sc_blogger --><\/div><\/div><!-- \/.sc_content -->[\/vc_column][\/vc_row][vc_row][vc_column][vc_separator color=&#8220;orange&#8220;][vc_empty_space alter_height=&#8220;medium&#8220; hide_on_desktop=&#8220;&#8220; hide_on_notebook=&#8220;&#8220; hide_on_tablet=&#8220;&#8220; hide_on_mobile=&#8220;&#8220;][vc_btn title=&#8220;Alle Angebote ansehen&#8220; color=&#8220;warning&#8220; align=&#8220;center&#8220; link=&#8220;url:https%3A%2F%2Fmani-sonnenlink.com%2Fde%2Fblog-news%2F|title:MEHR|target:_blank&#8220;][\/vc_column][\/vc_row][vc_row full_width=&#8220;stretch_row_content_no_spaces&#8220;][vc_column][vc_raw_html]JTNDaWZyYW1lJTIwc3JjJTNEJTIyaHR0cHMlM0ElMkYlMkZ3d3cuZ29vZ2xlLmNvbSUyRm1hcHMlMkZlbWJlZCUzRnBiJTNEJTIxMW0xOCUyMTFtMTIlMjExbTMlMjExZDEzNjg2NzIuMjMwOTkyNDc0NiUyMTJkMjEuNTgzMzgwNzk2MjkyNjIlMjEzZDM3LjE3NzA4NTczNjc4Nzg5JTIxMm0zJTIxMWYwJTIxMmYwJTIxM2YwJTIxM20yJTIxMWkxMDI0JTIxMmk3NjglMjE0ZjEzLjElMjEzbTMlMjExbTIlMjExczB4MTM2MWMxZDFiNDM3Y2EyMSUyNTNBMHg3NzM1Yjc4MzNkYmNmMzlmJTIxMnNCaW9ob3RlbCUyNTIwTWFuaSUyNTIwU29ubmVubGluayUyMTVlMCUyMTNtMiUyMTFzZWwlMjEyc2dyJTIxNHYxNTkzNTk1MTMzMzg3JTIxNW0yJTIxMXNlbCUyMTJzZ3IlMjIlMjB3aWR0aCUzRCUyMjEwMCUyNSUyMiUyMGhlaWdodCUzRCUyMjQwMCUyMiUyMGZyYW1lYm9yZGVyJTNEJTIyMCUyMiUyMHN0eWxlJTNEJTIyYm9yZGVyJTNBMCUzQiUyMiUyMGFsbG93ZnVsbHNjcmVlbiUzRCUyMiUyMiUyMGFyaWEtaGlkZGVuJTNEJTIyZmFsc2UlMjIlMjB0YWJpbmRleCUzRCUyMjAlMjIlM0UlM0MlMkZpZnJhbWUlM0U=[\/vc_raw_html][\/vc_column][\/vc_row]<\/p>\n","protected":false},"excerpt":{"rendered":"<p>[vc_row][vc_column][\/vc_column][\/vc_row][vc_row][vc_column][vc_empty_space alter_height=&#8220;medium&#8220; hide_on_desktop=&#8220;&#8220; hide_on_notebook=&#8220;&#8220; hide_on_tablet=&#8220;&#8220; hide_on_mobile=&#8220;&#8220;][\/vc_column][\/vc_row][vc_row][vc_column][vc_column_text][\/vc_column_text][\/vc_column][\/vc_row][vc_row][vc_column][\/vc_column][\/vc_row][vc_row][vc_column][vc_empty_space height=&#8220;40px&#8220; alter_height=&#8220;medium&#8220; hide_on_desktop=&#8220;&#8220; hide_on_notebook=&#8220;&#8220; hide_on_tablet=&#8220;&#8220; hide_on_mobile=&#8220;&#8220;][\/vc_column][\/vc_row][vc_row][vc_column][vc_separator color=&#8220;orange&#8220;][\/vc_column][\/vc_row][vc_row][vc_column][vc_empty_space height=&#8220;40px&#8220; alter_height=&#8220;medium&#8220; hide_on_desktop=&#8220;&#8220; hide_on_notebook=&#8220;&#8220; hide_on_tablet=&#8220;&#8220; hide_on_mobile=&#8220;&#8220;][\/vc_column][\/vc_row][vc_row][vc_column][\/vc_column][\/vc_row][vc_row][vc_column][\/vc_column][\/vc_row][vc_row][vc_column][vc_separator color=&#8220;orange&#8220;][vc_empty_space alter_height=&#8220;medium&#8220; hide_on_desktop=&#8220;&#8220; hide_on_notebook=&#8220;&#8220; hide_on_tablet=&#8220;&#8220; hide_on_mobile=&#8220;&#8220;][vc_btn title=&#8220;Alle Angebote ansehen&#8220; color=&#8220;warning&#8220; align=&#8220;center&#8220; link=&#8220;url:https%3A%2F%2Fmani-sonnenlink.com%2Fde%2Fblog-news%2F|title:MEHR|target:_blank&#8220;][\/vc_column][\/vc_row][vc_row full_width=&#8220;stretch_row_content_no_spaces&#8220;][vc_column][vc_raw_html]JTNDaWZyYW1lJTIwc3JjJTNEJTIyaHR0cHMlM0ElMkYlMkZ3d3cuZ29vZ2xlLmNvbSUyRm1hcHMlMkZlbWJlZCUzRnBiJTNEJTIxMW0xOCUyMTFtMTIlMjExbTMlMjExZDEzNjg2NzIuMjMwOTkyNDc0NiUyMTJkMjEuNTgzMzgwNzk2MjkyNjIlMjEzZDM3LjE3NzA4NTczNjc4Nzg5JTIxMm0zJTIxMWYwJTIxMmYwJTIxM2YwJTIxM20yJTIxMWkxMDI0JTIxMmk3NjglMjE0ZjEzLjElMjEzbTMlMjExbTIlMjExczB4MTM2MWMxZDFiNDM3Y2EyMSUyNTNBMHg3NzM1Yjc4MzNkYmNmMzlmJTIxMnNCaW9ob3RlbCUyNTIwTWFuaSUyNTIwU29ubmVubGluayUyMTVlMCUyMTNtMiUyMTFzZWwlMjEyc2dyJTIxNHYxNTkzNTk1MTMzMzg3JTIxNW0yJTIxMXNlbCUyMTJzZ3IlMjIlMjB3aWR0aCUzRCUyMjEwMCUyNSUyMiUyMGhlaWdodCUzRCUyMjQwMCUyMiUyMGZyYW1lYm9yZGVyJTNEJTIyMCUyMiUyMHN0eWxlJTNEJTIyYm9yZGVyJTNBMCUzQiUyMiUyMGFsbG93ZnVsbHNjcmVlbiUzRCUyMiUyMiUyMGFyaWEtaGlkZGVuJTNEJTIyZmFsc2UlMjIlMjB0YWJpbmRleCUzRCUyMjAlMjIlM0UlM0MlMkZpZnJhbWUlM0U=[\/vc_raw_html][\/vc_column][\/vc_row]<\/p>\n","protected":false},"author":1,"featured_media":0,"parent":0,"menu_order":0,"comment_status":"closed","ping_status":"closed","template":"","meta":{"footnotes":""},"class_list":["post-4800","page","type-page","status-publish","hentry"],"_links":{"self":[{"href":"https:\/\/mani-sonnenlink.com\/de\/wp-json\/wp\/v2\/pages\/4800","targetHints":{"allow":["GET"]}}],"collection":[{"href":"https:\/\/mani-sonnenlink.com\/de\/wp-json\/wp\/v2\/pages"}],"about":[{"href":"https:\/\/mani-sonnenlink.com\/de\/wp-json\/wp\/v2\/types\/page"}],"author":[{"embeddable":true,"href":"https:\/\/mani-sonnenlink.com\/de\/wp-json\/wp\/v2\/users\/1"}],"replies":[{"embeddable":true,"href":"https:\/\/mani-sonnenlink.com\/de\/wp-json\/wp\/v2\/comments?post=4800"}],"version-history":[{"count":2,"href":"https:\/\/mani-sonnenlink.com\/de\/wp-json\/wp\/v2\/pages\/4800\/revisions"}],"predecessor-version":[{"id":7639,"href":"https:\/\/mani-sonnenlink.com\/de\/wp-json\/wp\/v2\/pages\/4800\/revisions\/7639"}],"wp:attachment":[{"href":"https:\/\/mani-sonnenlink.com\/de\/wp-json\/wp\/v2\/media?parent=4800"}],"curies":[{"name":"wp","href":"https:\/\/api.w.org\/{rel}","templated":true}]}}