{"id":4788,"date":"2017-12-27T17:16:06","date_gmt":"2017-12-27T14:16:06","guid":{"rendered":"https:\/\/mani-sonnenlink.com\/canvas-houses\/"},"modified":"2025-12-01T12:23:42","modified_gmt":"2025-12-01T09:23:42","slug":"canvas-houses","status":"publish","type":"page","link":"https:\/\/mani-sonnenlink.com\/de\/canvas-houses\/","title":{"rendered":"Canvas Houses"},"content":{"rendered":"<p>[vc_row][vc_column][vc_empty_space alter_height=&#8220;medium&#8220; hide_on_desktop=&#8220;&#8220; hide_on_notebook=&#8220;&#8220; hide_on_tablet=&#8220;&#8220; hide_on_mobile=&#8220;&#8220; css=&#8220;.vc_custom_1507185435221{margin-bottom: -0.5rem !important;}&#8220;]<div id=\"sc_title_316436899\"\n\t\tclass=\"sc_title color_style_default sc_title_default\"><h6 class=\"sc_item_subtitle sc_title_subtitle sc_align_center sc_item_title_style_default\">Fotogalerie<\/h6><h3 class=\"sc_item_title sc_title_title sc_align_center sc_item_title_style_default\">Stoffh\u00e4user<\/h3><div class=\"sc_item_descr sc_title_descr sc_align_center\"><p>Weil der Sonnenlink sehr schnell zu klein war um Musiker und Freunde und nat\u00fcrlich die Familie unterzubringen haben wir diese sch\u00f6nen Stoffh\u00e4user in den grossen Garten gestellt. Die Sommerzelte mit einer H\u00f6he von 2,45 m, stabil, wasserdicht und sicher auf Holzplateaus montiert, sind eine spannende Abwechslung zu den \u00fcblichen Hotelzimmern. Komfortabel eingerichtet sind sie mit Stromanschluss, Moskitonetzen und 8 Fenstern ausgestattet. Jedes Canvas House verf\u00fcgt \u00fcber einen eigenen Balkon oder eine eigene Terrasse mit Meerblick. Gemeinschaftstoiletten und -duschen sind vorhanden.<\/p>\n<\/div><\/div><!-- \/.sc_title -->[vc_empty_space alter_height=&#8220;medium&#8220; hide_on_desktop=&#8220;&#8220; hide_on_notebook=&#8220;&#8220; hide_on_tablet=&#8220;&#8220; hide_on_mobile=&#8220;&#8220; css=&#8220;.vc_custom_1507185605895{margin-top: -0.4rem !important;}&#8220;][\/vc_column][\/vc_row][vc_row][vc_column][vc_gallery type=&#8220;image_grid&#8220; images=&#8220;5070,5077,5064,5066,5067,5073,5075,5065&#8243; img_size=&#8220;380&#215;380&#8243; onclick=&#8220;img_link_large&#8220;][\/vc_column][\/vc_row][vc_row][vc_column][vc_empty_space height=&#8220;40px&#8220; alter_height=&#8220;medium&#8220; hide_on_desktop=&#8220;&#8220; hide_on_notebook=&#8220;&#8220; hide_on_tablet=&#8220;&#8220; hide_on_mobile=&#8220;&#8220;][vc_column_text]<\/p>\n<p style=\"text-align: center;\">VIEW OUR\u00a0<a href=\"https:\/\/mani-sonnenlink.com\/de\/gallery\/\">\u00a0PHOTO GALLERY<\/a><\/p>\n<p>[\/vc_column_text][vc_empty_space height=&#8220;40px&#8220; alter_height=&#8220;medium&#8220; hide_on_desktop=&#8220;&#8220; hide_on_notebook=&#8220;&#8220; hide_on_tablet=&#8220;&#8220; hide_on_mobile=&#8220;&#8220;][\/vc_column][\/vc_row][vc_row][vc_column][vc_column_text]<br \/>\n[\/vc_column_text][\/vc_column][\/vc_row]<\/p>\n","protected":false},"excerpt":{"rendered":"<p>[vc_row][vc_column][vc_empty_space alter_height=&#8220;medium&#8220; hide_on_desktop=&#8220;&#8220; hide_on_notebook=&#8220;&#8220; hide_on_tablet=&#8220;&#8220; hide_on_mobile=&#8220;&#8220; css=&#8220;.vc_custom_1507185435221{margin-bottom: -0.5rem !important;}&#8220;][vc_empty_space alter_height=&#8220;medium&#8220; hide_on_desktop=&#8220;&#8220; hide_on_notebook=&#8220;&#8220; hide_on_tablet=&#8220;&#8220; hide_on_mobile=&#8220;&#8220; css=&#8220;.vc_custom_1507185605895{margin-top: -0.4rem !important;}&#8220;][\/vc_column][\/vc_row][vc_row][vc_column][vc_gallery type=&#8220;image_grid&#8220; images=&#8220;5070,5077,5064,5066,5067,5073,5075,5065&#8243; img_size=&#8220;380&#215;380&#8243; onclick=&#8220;img_link_large&#8220;][\/vc_column][\/vc_row][vc_row][vc_column][vc_empty_space height=&#8220;40px&#8220; alter_height=&#8220;medium&#8220; hide_on_desktop=&#8220;&#8220; hide_on_notebook=&#8220;&#8220; hide_on_tablet=&#8220;&#8220; hide_on_mobile=&#8220;&#8220;][vc_column_text] VIEW OUR\u00a0\u00a0PHOTO GALLERY [\/vc_column_text][vc_empty_space height=&#8220;40px&#8220; alter_height=&#8220;medium&#8220; hide_on_desktop=&#8220;&#8220; hide_on_notebook=&#8220;&#8220; hide_on_tablet=&#8220;&#8220; hide_on_mobile=&#8220;&#8220;][\/vc_column][\/vc_row][vc_row][vc_column][vc_column_text] [\/vc_column_text][\/vc_column][\/vc_row]<\/p>\n","protected":false},"author":1,"featured_media":0,"parent":0,"menu_order":0,"comment_status":"closed","ping_status":"closed","template":"","meta":{"footnotes":""},"class_list":["post-4788","page","type-page","status-publish","hentry"],"_links":{"self":[{"href":"https:\/\/mani-sonnenlink.com\/de\/wp-json\/wp\/v2\/pages\/4788","targetHints":{"allow":["GET"]}}],"collection":[{"href":"https:\/\/mani-sonnenlink.com\/de\/wp-json\/wp\/v2\/pages"}],"about":[{"href":"https:\/\/mani-sonnenlink.com\/de\/wp-json\/wp\/v2\/types\/page"}],"author":[{"embeddable":true,"href":"https:\/\/mani-sonnenlink.com\/de\/wp-json\/wp\/v2\/users\/1"}],"replies":[{"embeddable":true,"href":"https:\/\/mani-sonnenlink.com\/de\/wp-json\/wp\/v2\/comments?post=4788"}],"version-history":[{"count":2,"href":"https:\/\/mani-sonnenlink.com\/de\/wp-json\/wp\/v2\/pages\/4788\/revisions"}],"predecessor-version":[{"id":8467,"href":"https:\/\/mani-sonnenlink.com\/de\/wp-json\/wp\/v2\/pages\/4788\/revisions\/8467"}],"wp:attachment":[{"href":"https:\/\/mani-sonnenlink.com\/de\/wp-json\/wp\/v2\/media?parent=4788"}],"curies":[{"name":"wp","href":"https:\/\/api.w.org\/{rel}","templated":true}]}}