{"id":4740,"date":"2020-04-10T13:46:12","date_gmt":"2020-04-10T10:46:12","guid":{"rendered":"https:\/\/mani-sonnenlink.com\/body-mind-soul\/"},"modified":"2023-10-27T16:07:13","modified_gmt":"2023-10-27T13:07:13","slug":"body-mind-soul","status":"publish","type":"page","link":"https:\/\/mani-sonnenlink.com\/de\/body-mind-soul\/","title":{"rendered":"AKTIVIT\u00c4TEN"},"content":{"rendered":"<p>[vc_row equal_height=&#8220;yes&#8220; hide_bg_image_on_tablet=&#8220;&#8220; hide_bg_image_on_mobile=&#8220;&#8220;][vc_column][vc_empty_space height=&#8220;45px&#8220; alter_height=&#8220;medium&#8220; hide_on_desktop=&#8220;&#8220; hide_on_notebook=&#8220;&#8220; hide_on_tablet=&#8220;&#8220; hide_on_mobile=&#8220;&#8220; css=&#8220;.vc_custom_1588753070983{margin-bottom: -0.5rem !important;}&#8220;]<div id=\"sc_title_393450413\"\n\t\tclass=\"sc_title color_style_default sc_title_default\"><h6 class=\"sc_item_subtitle sc_title_subtitle sc_align_center sc_item_title_style_default\">AKTIVIT\u00c4TEN<\/h6><div class=\"sc_item_descr sc_title_descr sc_align_center\"><p>Aktivit\u00e4ten im Mani Sonnenlink und Umgebung<\/p>\n<\/div><\/div><!-- \/.sc_title -->[vc_empty_space height=&#8220;45px&#8220; alter_height=&#8220;medium&#8220; hide_on_desktop=&#8220;&#8220; hide_on_notebook=&#8220;&#8220; hide_on_tablet=&#8220;&#8220; hide_on_mobile=&#8220;&#8220; css=&#8220;.vc_custom_1588753070983{margin-bottom: -0.5rem !important;}&#8220;][\/vc_column][\/vc_row][vc_row][vc_column width=&#8220;2\/3&#8243;][vc_single_image image=&#8220;3913&#8243; img_size=&#8220;full&#8220;][\/vc_column][vc_column width=&#8220;1\/3&#8243;][vc_column_text css=&#8220;.vc_custom_1589291405490{margin-top: 3rem !important;}&#8220;]<\/p>\n<h5 class=\"trx_addons_no_margin\"><span style=\"color: #f99d1c;\">Easy Morning Yoga<\/span><\/h5>\n<p>[\/vc_column_text][vc_separator color=&#8220;custom&#8220; accent_color=&#8220;#cfd6db&#8220; css=&#8220;.vc_custom_1507185760989{margin-top: 1.45rem !important;margin-bottom: 1.45rem !important;}&#8220;][vc_column_text]Welch ein herrliches Gef\u00fchl, morgens auf der Yogamatte den Tag zu beginnen &#8211; Wachwerden im Einklang mit K\u00f6rper und Geist<\/p>\n<p>Von Mai bis Oktober, 3 mal pro Woche auf der Dachterrasse mit weitem Blick aufs Meer.<\/p>\n<p>1 Std. &#8211; 10\u20ac\/Person<\/p>\n<p>Die Yogaterrasse kann ausserhalb der Stunden auch f\u00fcr die eigene Praxis genutzt werden \ud83d\ude42<\/p>\n<p><strong>Namaste!<\/strong>[\/vc_column_text][\/vc_column][\/vc_row][vc_row][vc_column][vc_empty_space alter_height=&#8220;medium&#8220; hide_on_desktop=&#8220;&#8220; hide_on_notebook=&#8220;&#8220; hide_on_tablet=&#8220;&#8220; hide_on_mobile=&#8220;&#8220;][\/vc_column][\/vc_row][vc_row][vc_column width=&#8220;1\/3&#8243;][vc_column_text css=&#8220;.vc_custom_1589968508744{margin-top: 3rem !important;}&#8220;]<\/p>\n<h5 class=\"trx_addons_no_margin\"><span style=\"color: #f99d1c;\">Massage &amp; Behandlungen<\/span><\/h5>\n<p>[\/vc_column_text][vc_separator color=&#8220;custom&#8220; accent_color=&#8220;#cfd6db&#8220; css=&#8220;.vc_custom_1507185760989{margin-top: 1.45rem !important;margin-bottom: 1.45rem !important;}&#8220;][vc_column_text]Lassen Sie sich verw\u00f6hnen von unserer erfahrenen Massagetherapeutin. Verschiedene Entspannungsmassagen und Behandlungen k\u00f6nnen vor Ort gebucht werden. Mai bis Oktober<br \/>\n[\/vc_column_text][\/vc_column][vc_column width=&#8220;2\/3&#8243;][vc_single_image image=&#8220;4309&#8243; img_size=&#8220;full&#8220;][\/vc_column][\/vc_row][vc_row][vc_column][vc_empty_space alter_height=&#8220;medium&#8220; hide_on_desktop=&#8220;&#8220; hide_on_notebook=&#8220;&#8220; hide_on_tablet=&#8220;&#8220; hide_on_mobile=&#8220;&#8220;][\/vc_column][\/vc_row][vc_row][vc_column width=&#8220;2\/3&#8243;][vc_single_image image=&#8220;4308&#8243; img_size=&#8220;full&#8220;][\/vc_column][vc_column width=&#8220;1\/3&#8243;][vc_column_text css=&#8220;.vc_custom_1589968540582{margin-top: 3rem !important;}&#8220;]<\/p>\n<h5 class=\"trx_addons_no_margin\"><span style=\"color: #f99d1c;\">Fabriksf\u00fchrung bei Mani Bl\u00e4uel<\/span><\/h5>\n<p>[\/vc_column_text][vc_separator color=&#8220;custom&#8220; accent_color=&#8220;#cfd6db&#8220; css=&#8220;.vc_custom_1507185760989{margin-top: 1.45rem !important;margin-bottom: 1.45rem !important;}&#8220;][vc_column_text]<\/p>\n<div>\n<p><strong>Besuchen Sie uns in der Mani!<\/strong><\/p>\n<p>Sind Sie auf der Suche nach dem authentischen Geschmack der Mani-Region? Dann entdecken Sie unser erstklassiges MANI <a href=\"https:\/\/shop.mani.bio\/olivenoel\">Oliven\u00f6l<\/a> und k\u00f6stliche <a href=\"https:\/\/shop.mani.bio\/oliven\">Oliven<\/a>, die Hauptprodukte unserer Region. Lernen Sie die feinen <a href=\"https:\/\/shop.mani.bio\/blog\/olivenoel-test\">aromatischen Nuancen<\/a> unseres Oliven\u00f6ls durch eine professionelle Verkostung kennen und tauchen Sie ein in die Welt der <a href=\"https:\/\/shop.mani.bio\/blog\/olivenoel-herstellung\">Oliven\u00f6lerzeugung<\/a>.<\/p>\n<p>Unsere frisch er\u00f6ffnete Oliven\u00f6l- und Oliven-Abf\u00fcllfabrik ist jetzt f\u00fcr Besucher:innen zug\u00e4nglich! Folgen Sie diesem Link zu unserem Standort: <a href=\"https:\/\/goo.gl\/maps\/XnycniNP1HSWtawbA\">https:\/\/goo.gl\/maps\/XnycniNP1HSWtawbA<\/a>.<\/p>\n<p>Erleben Sie den Produktionsprozess hautnah auf unserer speziell konzipierten \u201eBesuchergalerie\u201c. Ein ausgedehnter Spaziergang bietet Ihnen einen umfassenden Einblick in unseren Produktionsbereich, der auf einer Terrasse mit atemberaubendem Ausblick endet.<\/p>\n<p>In unserem neuen Fabrikshop, den Sie auf Ihrem Weg hinaus oder herein passieren, k\u00f6nnen Sie die hervorragenden MANI Olivenprodukte finden und probieren.<\/p>\n<p>Jeden Werktag zwischen 10:00 und 14:00 Uhr k\u00f6nnen Sie uns besuchen kommen und eine kostenlosen Rundgang machen. Wir bieten zudem organisierte F\u00fchrungen mit einer Oliven\u00f6lverkostung an jedem Dienstag und Donnerstag. Buchungen sind unter der Telefonnummer +30 27210 77711 oder per E-Mail an <a>mail@blaeuel.gr <\/a>m\u00f6glich.<\/p>\n<p>Tauchen Sie ein in die faszinierende Welt der Oliven und des Oliven\u00f6ls, mitten in der malerischen Mani-Region. Wir freuen uns!<\/p>\n<p><strong>Besuchszeiten:<\/strong><\/p>\n<p>Montag-Freitag von 10:00 bis 14:00 Uhr, freier Eintritt<\/p>\n<p><strong>Fabriksf\u00fchrung inkl. Oliven\u00f6lverkostung:<\/strong><\/p>\n<p>Dienstag um 11.00 Uhr, \u00a0Donnerstag um 10:00 Uhr<\/p>\n<p>Preis pro Person 15\u20ac (inklusive eines \u00dcberraschungsgeschenkes)<\/p>\n<p><strong>Anmeldung:<\/strong><\/p>\n<p>Telefon: +30 27210 77711<\/p>\n<p>E-Mail: <a>mail@blaeuel.gr<\/a><\/p>\n<\/div>\n<div><\/div>\n<p>[\/vc_column_text][\/vc_column][\/vc_row][vc_row][vc_column][vc_empty_space alter_height=&#8220;medium&#8220; hide_on_desktop=&#8220;&#8220; hide_on_notebook=&#8220;&#8220; hide_on_tablet=&#8220;&#8220; hide_on_mobile=&#8220;&#8220;][\/vc_column][\/vc_row][vc_row][vc_column width=&#8220;1\/6&#8243;][\/vc_column][vc_column width=&#8220;2\/3&#8243;][vc_column_text]<strong>Mehr Aktivit\u00e4ten in der Umgebung<\/strong><\/p>\n<p><strong>2407m Mountain Activities<\/strong><br \/>\nBietet Trekking-, Wander-, Kletter-, und Radtouren an, auch massgeschneidert.<br \/>\n<a href=\"http:\/\/www.2407m.com\/\" target=\"_blank\" rel=\"noopener noreferrer\">www.2407m.com<\/a><br \/>\nKardamilli, Hauptstrasse<br \/>\nTel. +30 27210 73752, +30 6975785887<\/p>\n<p><strong>Yoga<\/strong><br \/>\nvon ca. Mai bis Oktober gibt es im Sonnenlink, 1 Std. Yoga vor dem Fr\u00fchst\u00fcck, 3 mal pro Woche<br \/>\nGanzj\u00e4hrig wird Yoga im nahegelegenen \u201cSpirit of Life Center\u201d angeboten.<br \/>\nKerry ist ein wunderbarer Mensch und Lehrer.<br \/>\n<a href=\"https:\/\/www.thespiritoflife.co.uk\/leaf\/Local+Yoga\" target=\"_blank\" rel=\"noopener noreferrer\">Spirit of Life<\/a><br \/>\nAgios Nikolaos<br \/>\n+30 27210 78240, +30 6975 9720 86<\/p>\n<p><strong>Astrologie<\/strong><br \/>\nklassische Astrologiesitzungen oder \u201cHuman Design\u201d mit Roswitha<br \/>\nEdelbauer. Sie hat einen wunderbaren und tiefgehenden Erfahrungsschatz und eine intuitive<br \/>\nKlarsicht.<br \/>\nAgios Dimitrios<br \/>\nTel: +30 6937 6505 30[\/vc_column_text][\/vc_column][vc_column width=&#8220;1\/6&#8243;][\/vc_column][\/vc_row][vc_row][vc_column][vc_empty_space alter_height=&#8220;medium&#8220; hide_on_desktop=&#8220;&#8220; hide_on_notebook=&#8220;&#8220; hide_on_tablet=&#8220;&#8220; hide_on_mobile=&#8220;&#8220;][\/vc_column][\/vc_row][vc_row][vc_column][vc_media_grid element_width=&#8220;3&#8243; grid_id=&#8220;vc_gid:1698411985034-2cedcd54-1997-6&#8243; include=&#8220;3914,3913,4242,3915&#8243;][\/vc_column][\/vc_row][vc_row][vc_column][vc_empty_space alter_height=&#8220;small&#8220; hide_on_desktop=&#8220;&#8220; hide_on_notebook=&#8220;&#8220; hide_on_tablet=&#8220;&#8220; hide_on_mobile=&#8220;&#8220;][vc_separator color=&#8220;orange&#8220;][vc_empty_space alter_height=&#8220;small&#8220; hide_on_desktop=&#8220;&#8220; hide_on_notebook=&#8220;&#8220; hide_on_tablet=&#8220;&#8220; hide_on_mobile=&#8220;&#8220;][\/vc_column][\/vc_row][vc_row][vc_column]<div class=\"sc_layouts sc_layouts_default sc_layouts_4786\">[vc_row][vc_column icons_position=\"left\"][vc_empty_space alter_height=\"large\" hide_on_desktop=\"\" hide_on_notebook=\"\" hide_on_tablet=\"\" hide_on_mobile=\"\" css=\".vc_custom_1507199848888{margin-top: 0.3rem !important;}\"][vc_row_inner][vc_column_inner width=\"1\/3\" hide_bg_image_on_tablet=\"\" hide_bg_image_on_mobile=\"\" icons_position=\"left\" css=\".vc_custom_1588940671752{padding-top: 60px !important;padding-right: 20px !important;padding-bottom: 60px !important;padding-left: 20px !important;}\"][vc_single_image image=\"4460\" img_size=\"medium\" alignment=\"center\" onclick=\"custom_link\" link=\"https:\/\/mani-sonnenlink.com\/de\/blog-news\/\"][vc_custom_heading text=\"News \" font_container=\"tag:h4|text_align:center|color:%23000000\" google_fonts=\"font_family:Open%20Sans%3A300%2C300italic%2Cregular%2Citalic%2C600%2C600italic%2C700%2C700italic%2C800%2C800italic|font_style:400%20regular%3A400%3Anormal\" link=\"url:https%3A%2F%2Fmani-sonnenlink.com%2Fde%2Fblog-news%2F|title:NEWS||\" el_class=\"ah-title-hotel-line ah-heading-link-center\"][\/vc_column_inner][vc_column_inner el_class=\"ah-heading-has-fill\" width=\"1\/3\" fix_column=\"\" hide_bg_image_on_tablet=\"\" hide_bg_image_on_mobile=\"\" icons_position=\"left\" css=\".vc_custom_1588940666930{padding-top: 60px !important;padding-right: 20px !important;padding-bottom: 60px !important;padding-left: 20px !important;}\"][vc_single_image image=\"3846\" img_size=\"medium\" alignment=\"center\" onclick=\"custom_link\" link=\"https:\/\/mani-sonnenlink.com\/de\/accommodation\/\"][vc_custom_heading text=\"Apartmenst &amp; Bungalows\" font_container=\"tag:h4|text_align:center|color:%23000000\" google_fonts=\"font_family:Open%20Sans%3A300%2C300italic%2Cregular%2Citalic%2C600%2C600italic%2C700%2C700italic%2C800%2C800italic|font_style:400%20regular%3A400%3Anormal\" link=\"url:https%3A%2F%2Fmani-sonnenlink.com%2Fde%2Faccommodation%2F|title:WOHNEN||\" el_class=\"ah-title-hotel-line ah-heading-link-center\"][\/vc_column_inner][vc_column_inner width=\"1\/3\" hide_bg_image_on_tablet=\"\" hide_bg_image_on_mobile=\"\" icons_position=\"left\" css=\".vc_custom_1588940661405{padding-top: 60px !important;padding-right: 20px !important;padding-bottom: 60px !important;padding-left: 20px !important;}\"][vc_single_image image=\"5967\" img_size=\"medium\" alignment=\"center\" onclick=\"custom_link\" link=\"https:\/\/mani-sonnenlink.com\/de\/the-blauel-family\/\"][vc_custom_heading text=\"Familie Bl\u00e4uel\" font_container=\"tag:h4|text_align:center|color:%23000000\" google_fonts=\"font_family:Open%20Sans%3A300%2C300italic%2Cregular%2Citalic%2C600%2C600italic%2C700%2C700italic%2C800%2C800italic|font_style:400%20regular%3A400%3Anormal\" link=\"url:https%3A%2F%2Fmani-sonnenlink.com%2Fde%2Fthe-blauel-family%2F|title:FAMILIE%20BL%C3%84UEL||\" el_class=\"ah-title-hotel-line ah-heading-link-center\"][\/vc_column_inner][\/vc_row_inner][\/vc_column][\/vc_row]<\/div>[\/vc_column][\/vc_row]<\/p>\n","protected":false},"excerpt":{"rendered":"<p>[vc_row equal_height=&#8220;yes&#8220; hide_bg_image_on_tablet=&#8220;&#8220; hide_bg_image_on_mobile=&#8220;&#8220;][vc_column][vc_empty_space height=&#8220;45px&#8220; alter_height=&#8220;medium&#8220; hide_on_desktop=&#8220;&#8220; hide_on_notebook=&#8220;&#8220; hide_on_tablet=&#8220;&#8220; hide_on_mobile=&#8220;&#8220; css=&#8220;.vc_custom_1588753070983{margin-bottom: -0.5rem !important;}&#8220;][vc_empty_space height=&#8220;45px&#8220; alter_height=&#8220;medium&#8220; hide_on_desktop=&#8220;&#8220; hide_on_notebook=&#8220;&#8220; hide_on_tablet=&#8220;&#8220; hide_on_mobile=&#8220;&#8220; css=&#8220;.vc_custom_1588753070983{margin-bottom: -0.5rem !important;}&#8220;][\/vc_column][\/vc_row][vc_row][vc_column width=&#8220;2\/3&#8243;][vc_single_image image=&#8220;3913&#8243; img_size=&#8220;full&#8220;][\/vc_column][vc_column width=&#8220;1\/3&#8243;][vc_column_text css=&#8220;.vc_custom_1589291405490{margin-top: 3rem !important;}&#8220;] Easy Morning Yoga [\/vc_column_text][vc_separator color=&#8220;custom&#8220; accent_color=&#8220;#cfd6db&#8220; css=&#8220;.vc_custom_1507185760989{margin-top: 1.45rem !important;margin-bottom: 1.45rem !important;}&#8220;][vc_column_text]Welch ein herrliches Gef\u00fchl, morgens auf der Yogamatte den Tag zu beginnen &#8211; Wachwerden im Einklang mit K\u00f6rper und Geist Von&hellip;<\/p>\n","protected":false},"author":1,"featured_media":0,"parent":0,"menu_order":0,"comment_status":"closed","ping_status":"closed","template":"","meta":{"footnotes":""},"class_list":["post-4740","page","type-page","status-publish","hentry"],"_links":{"self":[{"href":"https:\/\/mani-sonnenlink.com\/de\/wp-json\/wp\/v2\/pages\/4740","targetHints":{"allow":["GET"]}}],"collection":[{"href":"https:\/\/mani-sonnenlink.com\/de\/wp-json\/wp\/v2\/pages"}],"about":[{"href":"https:\/\/mani-sonnenlink.com\/de\/wp-json\/wp\/v2\/types\/page"}],"author":[{"embeddable":true,"href":"https:\/\/mani-sonnenlink.com\/de\/wp-json\/wp\/v2\/users\/1"}],"replies":[{"embeddable":true,"href":"https:\/\/mani-sonnenlink.com\/de\/wp-json\/wp\/v2\/comments?post=4740"}],"version-history":[{"count":2,"href":"https:\/\/mani-sonnenlink.com\/de\/wp-json\/wp\/v2\/pages\/4740\/revisions"}],"predecessor-version":[{"id":7370,"href":"https:\/\/mani-sonnenlink.com\/de\/wp-json\/wp\/v2\/pages\/4740\/revisions\/7370"}],"wp:attachment":[{"href":"https:\/\/mani-sonnenlink.com\/de\/wp-json\/wp\/v2\/media?parent=4740"}],"curies":[{"name":"wp","href":"https:\/\/api.w.org\/{rel}","templated":true}]}}