{"id":4736,"date":"2017-07-11T14:27:47","date_gmt":"2017-07-11T14:27:47","guid":{"rendered":"https:\/\/mani-sonnenlink.com\/bio-hotel\/"},"modified":"2023-02-10T12:29:41","modified_gmt":"2023-02-10T09:29:41","slug":"bio-hotel","status":"publish","type":"page","link":"https:\/\/mani-sonnenlink.com\/de\/bio-hotel\/","title":{"rendered":"VEREIN BIOHOTELS\u00ae"},"content":{"rendered":"<p>[vc_row full_width=&#8220;stretch_row&#8220; equal_height=&#8220;yes&#8220; hide_bg_image_on_tablet=&#8220;&#8220; hide_bg_image_on_mobile=&#8220;&#8220;][vc_column][vc_empty_space alter_height=&#8220;huge&#8220; hide_on_desktop=&#8220;&#8220; hide_on_notebook=&#8220;&#8220; hide_on_tablet=&#8220;&#8220; hide_on_mobile=&#8220;&#8220; css=&#8220;.vc_custom_1507103320599{margin-top: -4.15rem !important;}&#8220;][\/vc_column][vc_column width=&#8220;5\/12&#8243;]<div id=\"sc_content_754489048\"\n\t\tclass=\"sc_content color_style_default sc_content_default sc_float_center\"><div class=\"sc_content_container\">[vc_single_image image=&#8220;4581&#8243; img_size=&#8220;large&#8220;]<\/div><\/div><!-- \/.sc_content -->[\/vc_column][vc_column width=&#8220;7\/12&#8243;]<div id=\"sc_content_1333922715\"\n\t\tclass=\"sc_content color_style_default sc_content_default sc_float_center sc_padding_tiny\"><div class=\"sc_content_container\">[vc_empty_space height=&#8220;35px&#8220; alter_height=&#8220;large&#8220; hide_on_desktop=&#8220;&#8220; hide_on_notebook=&#8220;&#8220; hide_on_tablet=&#8220;&#8220; hide_on_mobile=&#8220;&#8220; css=&#8220;.vc_custom_1588921757789{margin-bottom: -0.6rem !important;}&#8220;]<div id=\"sc_title_32413047\"\n\t\tclass=\"sc_title color_style_default sc_title_default\"><h6 class=\"sc_item_subtitle sc_title_subtitle sc_align_left sc_item_title_style_default\">Verein der Biohotels\u00ae<\/h6><div class=\"sc_item_descr sc_title_descr sc_align_left\"><p>Als Entwicklerin von liebevollen und naturnahen Unternehmen und Griechenland-Liebhaberin, als Bio-Pionierin f\u00fcr Oliven\u00f6l und Oliven ist es ein klares Ja zu <a href=\"https:\/\/www.biohotels.info\" rel=\"noopener\" target=\"_blank\">BIO HOTELS\u00ae<\/a> gewesen, als aus unserem kleinen Ferienhaus ein kleines, feines und sehr pers\u00f6nliches Tourismus Projekt wurde.<br \/>\nMit rund 70 Betrieben in 6 europ\u00e4ischen L\u00e4ndern sind die  <a href=\"https:\/\/www.biohotels.info\" rel=\"noopener\" target=\"_blank\">BIO HOTELS\u00ae<\/a>  der gr\u00f6\u00dfte Zusammenschluss \u00f6kologischer Hotels mit Bio-Garantie und Ressourcenmanagement.<\/p>\n<p>Ein Hotel hat alle Elemente einer kleinen Gesellschaft:<\/p>\n<p>Vom Haushalt - in dem alles, das Menschen brauchen angeboten wird - bis zum Service, der geselligen Komponente, dem Baulichen, von Unternehmensstruktur bis zu Ern\u00e4hrung, G\u00e4rten, Lebensmittelproduktion, von Gem\u00fctlichkeit, Gastlichkeit bis zur \u201cSeelen-Wellness\u201d. ALLES wird dem Gast zur Verf\u00fcgung gestellt.<\/p>\n<p>Und zu einer Gruppe guter Hotels zu geh\u00f6ren, die nur Gutes bewirkt, ist besser, als dies alleine zu tun und kommunizieren zu m\u00fcssen.<br \/>\nIch bin stolz darauf, Teil dieser wunderbaren Gruppe von Menschen und Unternehmern\/Innen zu sein, die mit ihren Hotels \u00e4hnliches erschaffen haben.<br \/>\nBio-Hotel Kunden sind Menschen, die genau dies wertsch\u00e4tzen: Bio-Essen, eine sch\u00f6ne Atmosph\u00e4re mit famili\u00e4rer Stimmung und ein Hotel, das in der Landwirtschaft und Region seine Wurzeln hat.\u201c<\/p>\n<p>Wir sind stolz darauf seit 2012 Mitgliedshotel der  <a href=\"https:\/\/www.biohotels.info\" rel=\"noopener\" target=\"_blank\">BIO HOTELS\u00ae<\/a>  zu sein und bieten:<\/p>\n<\/div><\/div><!-- \/.sc_title -->[vc_empty_space alter_height=&#8220;small&#8220; hide_on_desktop=&#8220;&#8220; hide_on_notebook=&#8220;&#8220; hide_on_tablet=&#8220;&#8220; hide_on_mobile=&#8220;&#8220; css=&#8220;.vc_custom_1507105557858{margin-top: -0.35rem !important;}&#8220;][vc_row_inner][vc_column_inner width=&#8220;1\/2&#8243;][vc_column_text]<\/p>\n<ul class=\"trx_addons_list_success\">\n<li>Biologische Lebensmittel<\/li>\n<li>Biologische Wasch- und Reinigungsmittel<\/li>\n<li>Biologische Seifen und Pflegemittel<\/li>\n<li>Biologischer Garten- und Landbau<\/li>\n<\/ul>\n<p>[\/vc_column_text][vc_empty_space alter_height=&#8220;small&#8220; hide_on_desktop=&#8220;&#8220; hide_on_notebook=&#8220;&#8220; hide_on_tablet=&#8220;&#8220; hide_on_mobile=&#8220;&#8220; css=&#8220;.vc_custom_1507105557858{margin-top: -0.35rem !important;}&#8220;][\/vc_column_inner][vc_column_inner width=&#8220;1\/2&#8243;][vc_column_text]<\/p>\n<ul class=\"trx_addons_list_success\">\n<li>Cradle to cradle bei allen Druckerzeugnissen<\/li>\n<li>Ausschliesslicher Einsatz von Recycling Papier<\/li>\n<li>Bewusster und nachhaltiger Umgang mit allen Ressourcen<\/li>\n<li>Klimapositives Hotel 2021-2022<\/li>\n<\/ul>\n<p>[\/vc_column_text][\/vc_column_inner][\/vc_row_inner][vc_row_inner][vc_column_inner width=&#8220;1\/2&#8243;][vc_single_image image=&#8220;6938&#8243; img_size=&#8220;medium&#8220;][\/vc_column_inner][vc_column_inner width=&#8220;1\/2&#8243;][vc_single_image image=&#8220;6475&#8243; img_size=&#8220;medium&#8220;][\/vc_column_inner][\/vc_row_inner]<\/div><\/div><!-- \/.sc_content -->[vc_empty_space alter_height=&#8220;huge&#8220; hide_on_desktop=&#8220;&#8220; hide_on_notebook=&#8220;&#8220; hide_on_tablet=&#8220;&#8220; hide_on_mobile=&#8220;&#8220; css=&#8220;.vc_custom_1507105586786{margin-top: -0.4rem !important;}&#8220;][\/vc_column][\/vc_row][vc_row][vc_column][\/vc_column][\/vc_row][vc_row][vc_column][vc_separator color=&#8220;orange&#8220;][\/vc_column][\/vc_row][vc_row][vc_column]<div class=\"sc_layouts sc_layouts_default sc_layouts_5902\">[vc_row][vc_column icons_position=\"left\"][vc_empty_space alter_height=\"large\" hide_on_desktop=\"\" hide_on_notebook=\"\" hide_on_tablet=\"\" hide_on_mobile=\"\" css=\".vc_custom_1507199848888{margin-top: 0.3rem !important;}\"][vc_row_inner][vc_column_inner width=\"1\/3\" hide_bg_image_on_tablet=\"\" hide_bg_image_on_mobile=\"\" icons_position=\"left\" css=\".vc_custom_1515160016087{padding-top: 60px !important;padding-right: 20px !important;padding-bottom: 60px !important;padding-left: 20px !important;}\"][vc_single_image image=\"4460\" img_size=\"medium\" alignment=\"center\" onclick=\"custom_link\" link=\"https:\/\/mani-sonnenlink.com\/blog-news\/\"][vc_custom_heading text=\"News &amp; Angebote\" font_container=\"tag:h4|text_align:center|color:%23000000\" google_fonts=\"font_family:Open%20Sans%3A300%2C300italic%2Cregular%2Citalic%2C600%2C600italic%2C700%2C700italic%2C800%2C800italic|font_style:400%20regular%3A400%3Anormal\" link=\"url:https%3A%2F%2Fmani-sonnenlink.com%2Fde%2Fblog-news%2F|title:NEWS||\" el_class=\"ah-title-hotel-line ah-heading-link-center\"][\/vc_column_inner][vc_column_inner el_class=\"ah-heading-has-fill\" width=\"1\/3\" fix_column=\"\" hide_bg_image_on_tablet=\"\" hide_bg_image_on_mobile=\"\" icons_position=\"left\" css=\".vc_custom_1587553526351{padding-top: 60px !important;padding-right: 20px !important;padding-bottom: 60px !important;padding-left: 20px !important;}\"][vc_single_image image=\"3781\" img_size=\"medium\" alignment=\"center\" onclick=\"custom_link\" link=\"https:\/\/mani-sonnenlink.com\/gallery\/\"][vc_custom_heading text=\"Bio K\u00fcche\" font_container=\"tag:h4|text_align:center|color:%23000000\" google_fonts=\"font_family:Open%20Sans%3A300%2C300italic%2Cregular%2Citalic%2C600%2C600italic%2C700%2C700italic%2C800%2C800italic|font_style:400%20regular%3A400%3Anormal\" link=\"url:https%3A%2F%2Fmani-sonnenlink.com%2Fde%2Forganic-kitchen-gallery%2F|title:GALLERY||\" el_class=\"ah-title-hotel-line ah-heading-link-center\"][\/vc_column_inner][vc_column_inner width=\"1\/3\" hide_bg_image_on_tablet=\"\" hide_bg_image_on_mobile=\"\" icons_position=\"left\" css=\".vc_custom_1588921138407{padding-top: 60px !important;padding-right: 20px !important;padding-bottom: 60px !important;padding-left: 20px !important;}\"][vc_single_image image=\"3691\" img_size=\"medium\" alignment=\"center\" onclick=\"custom_link\" link=\"https:\/\/mani-sonnenlink.com\/mani-holiday\/\"][vc_custom_heading text=\"K\u00f6rper, Geist &amp; Seele\" font_container=\"tag:h4|text_align:center|color:%23000000\" google_fonts=\"font_family:Open%20Sans%3A300%2C300italic%2Cregular%2Citalic%2C600%2C600italic%2C700%2C700italic%2C800%2C800italic|font_style:400%20regular%3A400%3Anormal\" link=\"url:https%3A%2F%2Fmani-sonnenlink.com%2Fde%2Fmani-holiday%2F|title:MANI%20HOLIDAY||\" el_class=\"ah-title-hotel-line ah-heading-link-center\"][\/vc_column_inner][\/vc_row_inner][\/vc_column][\/vc_row]<\/div>[\/vc_column][\/vc_row][vc_row][vc_column][vc_empty_space height=&#8220;50px&#8220; alter_height=&#8220;medium&#8220; hide_on_desktop=&#8220;&#8220; hide_on_notebook=&#8220;&#8220; hide_on_tablet=&#8220;&#8220; hide_on_mobile=&#8220;&#8220;][\/vc_column][\/vc_row]<\/p>\n","protected":false},"excerpt":{"rendered":"<p>[vc_row full_width=&#8220;stretch_row&#8220; equal_height=&#8220;yes&#8220; hide_bg_image_on_tablet=&#8220;&#8220; hide_bg_image_on_mobile=&#8220;&#8220;][vc_column][vc_empty_space alter_height=&#8220;huge&#8220; hide_on_desktop=&#8220;&#8220; hide_on_notebook=&#8220;&#8220; hide_on_tablet=&#8220;&#8220; hide_on_mobile=&#8220;&#8220; css=&#8220;.vc_custom_1507103320599{margin-top: -4.15rem !important;}&#8220;][\/vc_column][vc_column width=&#8220;5\/12&#8243;][\/vc_column][vc_column width=&#8220;7\/12&#8243;][vc_empty_space alter_height=&#8220;huge&#8220; hide_on_desktop=&#8220;&#8220; hide_on_notebook=&#8220;&#8220; hide_on_tablet=&#8220;&#8220; hide_on_mobile=&#8220;&#8220; css=&#8220;.vc_custom_1507105586786{margin-top: -0.4rem !important;}&#8220;][\/vc_column][\/vc_row][vc_row][vc_column][\/vc_column][\/vc_row][vc_row][vc_column][vc_separator color=&#8220;orange&#8220;][\/vc_column][\/vc_row][vc_row][vc_column][\/vc_column][\/vc_row][vc_row][vc_column][vc_empty_space height=&#8220;50px&#8220; alter_height=&#8220;medium&#8220; hide_on_desktop=&#8220;&#8220; hide_on_notebook=&#8220;&#8220; hide_on_tablet=&#8220;&#8220; hide_on_mobile=&#8220;&#8220;][\/vc_column][\/vc_row]<\/p>\n","protected":false},"author":1,"featured_media":0,"parent":0,"menu_order":0,"comment_status":"closed","ping_status":"closed","template":"","meta":{"footnotes":""},"class_list":["post-4736","page","type-page","status-publish","hentry"],"_links":{"self":[{"href":"https:\/\/mani-sonnenlink.com\/de\/wp-json\/wp\/v2\/pages\/4736","targetHints":{"allow":["GET"]}}],"collection":[{"href":"https:\/\/mani-sonnenlink.com\/de\/wp-json\/wp\/v2\/pages"}],"about":[{"href":"https:\/\/mani-sonnenlink.com\/de\/wp-json\/wp\/v2\/types\/page"}],"author":[{"embeddable":true,"href":"https:\/\/mani-sonnenlink.com\/de\/wp-json\/wp\/v2\/users\/1"}],"replies":[{"embeddable":true,"href":"https:\/\/mani-sonnenlink.com\/de\/wp-json\/wp\/v2\/comments?post=4736"}],"version-history":[{"count":2,"href":"https:\/\/mani-sonnenlink.com\/de\/wp-json\/wp\/v2\/pages\/4736\/revisions"}],"predecessor-version":[{"id":6940,"href":"https:\/\/mani-sonnenlink.com\/de\/wp-json\/wp\/v2\/pages\/4736\/revisions\/6940"}],"wp:attachment":[{"href":"https:\/\/mani-sonnenlink.com\/de\/wp-json\/wp\/v2\/media?parent=4736"}],"curies":[{"name":"wp","href":"https:\/\/api.w.org\/{rel}","templated":true}]}}