{"id":4729,"date":"2020-04-07T15:46:02","date_gmt":"2020-04-07T12:46:02","guid":{"rendered":"https:\/\/mani-sonnenlink.com\/the-blauel-family\/"},"modified":"2024-06-27T15:40:50","modified_gmt":"2024-06-27T12:40:50","slug":"the-blauel-family","status":"publish","type":"page","link":"https:\/\/mani-sonnenlink.com\/de\/the-blauel-family\/","title":{"rendered":"MANI BL\u00c4UEL"},"content":{"rendered":"<p>[vc_row full_width=&#8220;stretch_row&#8220; equal_height=&#8220;yes&#8220; hide_bg_image_on_tablet=&#8220;&#8220; hide_bg_image_on_mobile=&#8220;&#8220;][vc_column][vc_empty_space height=&#8220;42px&#8220; alter_height=&#8220;large&#8220; hide_on_desktop=&#8220;&#8220; hide_on_notebook=&#8220;&#8220; hide_on_tablet=&#8220;&#8220; hide_on_mobile=&#8220;&#8220;][\/vc_column][vc_column width=&#8220;5\/12&#8243;]<div id=\"sc_content_1365101531\"\n\t\tclass=\"sc_content color_style_default sc_content_default sc_float_center\"><div class=\"sc_content_container\">[vc_single_image image=&#8220;5972&#8243; img_size=&#8220;full&#8220; css=&#8220;.vc_custom_1688729633926{margin-bottom: 30px !important;}&#8220;][vc_single_image image=&#8220;7281&#8243; img_size=&#8220;full&#8220; css=&#8220;.vc_custom_1688733346277{margin-bottom: 30px !important;}&#8220;]<\/div><\/div><!-- \/.sc_content -->[\/vc_column][vc_column width=&#8220;7\/12&#8243;]<div id=\"sc_content_480436038\"\n\t\tclass=\"sc_content color_style_default sc_content_default sc_float_center sc_padding_tiny\"><div class=\"sc_content_container\"><div id=\"sc_title_1015928521\"\n\t\tclass=\"sc_title color_style_default sc_title_default\"><h6 class=\"sc_item_subtitle sc_title_subtitle sc_align_left sc_item_title_style_default\">MANI BL\u00c4UEL<\/h6><div class=\"sc_item_descr sc_title_descr sc_align_left\"><p><b><a href=\"https:\/\/mani.bio\" rel=\"noopener\" target=\"_blank\">Mani Bl\u00e4uel<\/a> - mit Wertsch\u00e4tzung, Vision und Teamgeist zu nachhaltigem Erfolg<\/b><\/p>\n<p>Wertsch\u00e4tzung von Mensch und Natur ist f\u00fcr die <a href=\"https:\/\/www.mani.bio\/unternehmen\/die-familie-blaeuel\/\" rel=\"noopener\" target=\"_blank\">Unternehmerfamilie Bl\u00e4uel<\/a> seit jeher die Basis ihres wirtschaftlichen Handelns. Fritz und Burgi Bl\u00e4uel kamen auf der Suche nach alternativen Lebens- und Wirtschaftsformen Ende der 1970er Jahre als Aussteiger in die <a href=\"https:\/\/mani-sonnenlink.com\/de\/location\/\" rel=\"noopener\" target=\"_blank\">Mani<\/a>. Schon bald begannen sie gemeinsam mit Olivenbauern und -m\u00fcllern eine \u00f6kologische Landwirtschaft und die Herstellung von feinstem <a href=\"https:\/\/www.mani.bio\/produkte\/olivenoele\/\" rel=\"noopener\" target=\"_blank\">Oliven\u00f6le<\/a> aufzubauen. Mit unternehmerischem Weitblick, Wertsch\u00e4tzung f\u00fcr die Menschen und die Kulturlandschaft der Mani sowie viel \u00dcberzeugungskraft und Begeisterungsf\u00e4higkeit gelang es ihnen, nach und nach immer mehr Bauern von den Vorteilen einer \u00f6kologischen Wirtschaftsweise und den damit verbundenen Marktchancen zu \u00fcberzeugen. Daraus entstand das erste <a href=\"https:\/\/www.mani.bio\/produkte\/olivenoele\/\" rel=\"noopener\" target=\"_blank\">Bio-Oliven\u00f6l<\/a> Griechenlands, das heute weltweit exportiert wird. Seit 2009 ist Sohn Felix Teil der Gesch\u00e4ftsf\u00fchrung und setzt neue Impulse f\u00fcr die Zukunft des Unternehmens, wie beispielweise mit der <a href=\"https:\/\/www.mani.bio\/qualitaet\/bio-fair\/\" rel=\"noopener\" target=\"_blank\">Naturland Fair Zertifizierung<\/a>, die das langj\u00e4hrige Umwelt- und Sozialengagement des Unternehmens transparent und kontrollierbar macht. Werteorientiertes Wirtschaften in Einklang mit Mensch und Natur zeichnet seit \u00fcber 30 Jahren das Unternehmen der <a href=\"https:\/\/www.mani.bio\/unternehmen\/die-familie-blaeuel\/\" rel=\"noopener\" target=\"_blank\">Familie Bl\u00e4uel<\/a> aus.<\/p>\n<p>Heute tr\u00e4gt Burgi Bl\u00e4uel, die studierte Musikerin und Kulturmacherin, den Bl\u00e4uel-Pioniergeist im Bio-G\u00e4stehaus <a href=\"https:\/\/mani-sonnenlink.com\/de\/\" rel=\"noopener\" target=\"_blank\">Mani Sonnenlink<\/a> weiter, Griechenlands erstem und bisher einzigem Mitglied der <a href=\"https:\/\/www.biohotels.info\/de\/die-bio-hotels\/mani-sonnenlink\" rel=\"noopener\" target=\"_blank\">BioHotels<\/a>.<\/p>\n<p><b> Besuchen Sie uns in der Mani! <\/b><br \/>\nSind Sie auf der Suche nach dem authentischen Geschmack der Mani-Region? Dann entdecken Sie unser erstklassiges MANI <a href=\"https:\/\/shop.mani.bio\/olivenoel\" rel=\"noopener\" target=\"_blank\">Oliven\u00f6l<\/a> und k\u00f6stliche <a href=\"\"https:\/\/shop.mani.bio\/olivenoel\" rel=\"noopener\" target=\"_blank\">Oliven<\/a>, die Hauptprodukte unserer Region. Lernen Sie die feinen <a href=\"https:\/\/shop.mani.bio\/blog\/olivenoel-test\" rel=\"noopener\" target=\"_blank\">aromatischen Nuancen<\/a> unseres Oliven\u00f6ls durch eine professionelle Verkostung kennen und tauchen Sie ein in die Welt der <a href=\"https:\/\/shop.mani.bio\/blog\/olivenoel-herstellung\" rel=\"noopener\" target=\"_blank\">Oliven\u00f6lerzeugung<\/a>.<br \/>\nUnsere frisch er\u00f6ffnete Oliven\u00f6l- und Oliven-Abf\u00fcllfabrik ist jetzt f\u00fcr Besucher:innen zug\u00e4nglich! Folgen Sie diesem Link zu unserem Standort: <a href=\"https:\/\/goo.gl\/maps\/XnycniNP1HSWtawbA\" rel=\"noopener\" target=\"_blank\">https:\/\/goo.gl\/maps\/XnycniNP1HSWtawbA<\/a>.<br \/>\nErleben Sie den Produktionsprozess hautnah auf unserer speziell konzipierten \u201eBesuchergalerie\u201c. Ein ausgedehnter Spaziergang bietet Ihnen einen umfassenden Einblick in unseren Produktionsbereich, der auf einer Terrasse mit atemberaubendem Ausblick endet.<br \/>\nIn unserem neuen Fabrikshop, den Sie auf Ihrem Weg hinaus oder herein passieren, k\u00f6nnen Sie die hervorragenden MANI Olivenprodukte finden und probieren.<br \/>\nJeden Werktag zwischen 10:00 und 14:00 Uhr k\u00f6nnen Sie uns besuchen kommen und eine kostenlosen Rundgang machen. Wir bieten zudem organisierte F\u00fchrungen mit einer Oliven\u00f6lverkostung an jedem Dienstag und Donnerstag. Buchungen sind unter der Telefonnummer +30 27210 77711 oder per E-Mail an mail@blaeuel.gr m\u00f6glich.<br \/>\nTauchen Sie ein in die faszinierende Welt der Oliven und des Oliven\u00f6ls, mitten in der malerischen Mani-Region. Wir freuen uns!<\/p>\n<p><b> Besuchszeiten: <\/b><br \/>\nMontag-Freitag von 10:00 bis 14:00 Uhr, freier Eintritt<br \/>\n <b> Fabriksf\u00fchrung inkl. Oliven\u00f6lverkostung: <\/b><br \/>\nDienstag 11.00 Uhr, Donnerstag 11:00 Uhr<br \/>\nPreis pro Person 15\u20ac (inklusive eines \u00dcberraschungsgeschenkes)<br \/>\n<b> Anmeldung: <\/b><br \/>\nTelefon: +30 27210 77711<br \/>\nE-Mail: mail@blaeuel.gr<\/p>\n<\/div><\/div><!-- \/.sc_title --><\/div><\/div><!-- \/.sc_content -->[\/vc_column][\/vc_row][vc_row][vc_column][vc_empty_space alter_height=&#8220;small&#8220; hide_on_desktop=&#8220;&#8220; hide_on_notebook=&#8220;&#8220; hide_on_tablet=&#8220;&#8220; hide_on_mobile=&#8220;&#8220;][vc_separator color=&#8220;orange&#8220;][vc_empty_space alter_height=&#8220;small&#8220; hide_on_desktop=&#8220;&#8220; hide_on_notebook=&#8220;&#8220; hide_on_tablet=&#8220;&#8220; hide_on_mobile=&#8220;&#8220;][\/vc_column][\/vc_row][vc_row][vc_column]<div class=\"sc_layouts sc_layouts_default sc_layouts_4920\">[vc_row][vc_column icons_position=\"left\"][vc_empty_space alter_height=\"large\" hide_on_desktop=\"\" hide_on_notebook=\"\" hide_on_tablet=\"\" hide_on_mobile=\"\" css=\".vc_custom_1507199848888{margin-top: 0.3rem !important;}\"][vc_row_inner][vc_column_inner width=\"1\/3\" hide_bg_image_on_tablet=\"\" hide_bg_image_on_mobile=\"\" icons_position=\"left\" css=\".vc_custom_1515160016087{padding-top: 60px !important;padding-right: 20px !important;padding-bottom: 60px !important;padding-left: 20px !important;}\"][vc_single_image image=\"4460\" img_size=\"medium\" alignment=\"center\" onclick=\"custom_link\" link=\"https:\/\/mani-sonnenlink.com\/de\/blog-news\/\"][vc_custom_heading text=\"News \" font_container=\"tag:h4|text_align:center|color:%23000000\" google_fonts=\"font_family:Open%20Sans%3A300%2C300italic%2Cregular%2Citalic%2C600%2C600italic%2C700%2C700italic%2C800%2C800italic|font_style:400%20regular%3A400%3Anormal\" link=\"url:https%3A%2F%2Fmani-sonnenlink.com%2Fde%2Fblog-news%2F|title:NEWS||\" el_class=\"ah-title-hotel-line ah-heading-link-center\"][\/vc_column_inner][vc_column_inner el_class=\"ah-heading-has-fill\" width=\"1\/3\" fix_column=\"\" hide_bg_image_on_tablet=\"\" hide_bg_image_on_mobile=\"\" icons_position=\"left\" css=\".vc_custom_1587555253761{padding-top: 60px !important;padding-right: 20px !important;padding-bottom: 60px !important;padding-left: 20px !important;}\"][vc_single_image image=\"3743\" img_size=\"medium\" alignment=\"center\" onclick=\"custom_link\" link=\"https:\/\/mani-sonnenlink.com\/de\/bio-hotel\/\"][vc_custom_heading text=\"Warum Biohotel?\" font_container=\"tag:h4|text_align:center|color:%23000000\" google_fonts=\"font_family:Open%20Sans%3A300%2C300italic%2Cregular%2Citalic%2C600%2C600italic%2C700%2C700italic%2C800%2C800italic|font_style:400%20regular%3A400%3Anormal\" link=\"url:https%3A%2F%2Fmani-sonnenlink.com%2Fde%2Fbio-hotel%2F|title:WARUM%20BIOHOTEL||\" el_class=\"ah-title-hotel-line ah-heading-link-center\"][\/vc_column_inner][vc_column_inner width=\"1\/3\" hide_bg_image_on_tablet=\"\" hide_bg_image_on_mobile=\"\" icons_position=\"left\" css=\".vc_custom_1588940567451{padding-top: 60px !important;padding-right: 20px !important;padding-bottom: 60px !important;padding-left: 20px !important;}\"][vc_single_image image=\"3885\" img_size=\"medium\" alignment=\"center\" onclick=\"custom_link\" link=\"https:\/\/mani-sonnenlink.com\/de\/music-festivals\/\"][vc_custom_heading text=\"Musik Sommer\" font_container=\"tag:h4|text_align:center|color:%23000000\" google_fonts=\"font_family:Open%20Sans%3A300%2C300italic%2Cregular%2Citalic%2C600%2C600italic%2C700%2C700italic%2C800%2C800italic|font_style:400%20regular%3A400%3Anormal\" link=\"url:https%3A%2F%2Fmani-sonnenlink.com%2Fmusic-festivals%2F|||\" el_class=\"ah-title-hotel-line ah-heading-link-center\"][\/vc_column_inner][\/vc_row_inner][\/vc_column][\/vc_row]<\/div>[\/vc_column][\/vc_row]<\/p>\n","protected":false},"excerpt":{"rendered":"<p>[vc_row full_width=&#8220;stretch_row&#8220; equal_height=&#8220;yes&#8220; hide_bg_image_on_tablet=&#8220;&#8220; hide_bg_image_on_mobile=&#8220;&#8220;][vc_column][vc_empty_space height=&#8220;42px&#8220; alter_height=&#8220;large&#8220; hide_on_desktop=&#8220;&#8220; hide_on_notebook=&#8220;&#8220; hide_on_tablet=&#8220;&#8220; hide_on_mobile=&#8220;&#8220;][\/vc_column][vc_column width=&#8220;5\/12&#8243;][\/vc_column][vc_column width=&#8220;7\/12&#8243;][\/vc_column][\/vc_row][vc_row][vc_column][vc_empty_space alter_height=&#8220;small&#8220; hide_on_desktop=&#8220;&#8220; hide_on_notebook=&#8220;&#8220; hide_on_tablet=&#8220;&#8220; hide_on_mobile=&#8220;&#8220;][vc_separator color=&#8220;orange&#8220;][vc_empty_space alter_height=&#8220;small&#8220; hide_on_desktop=&#8220;&#8220; hide_on_notebook=&#8220;&#8220; hide_on_tablet=&#8220;&#8220; hide_on_mobile=&#8220;&#8220;][\/vc_column][\/vc_row][vc_row][vc_column][\/vc_column][\/vc_row]<\/p>\n","protected":false},"author":1,"featured_media":0,"parent":0,"menu_order":0,"comment_status":"closed","ping_status":"closed","template":"","meta":{"footnotes":""},"class_list":["post-4729","page","type-page","status-publish","hentry"],"_links":{"self":[{"href":"https:\/\/mani-sonnenlink.com\/de\/wp-json\/wp\/v2\/pages\/4729","targetHints":{"allow":["GET"]}}],"collection":[{"href":"https:\/\/mani-sonnenlink.com\/de\/wp-json\/wp\/v2\/pages"}],"about":[{"href":"https:\/\/mani-sonnenlink.com\/de\/wp-json\/wp\/v2\/types\/page"}],"author":[{"embeddable":true,"href":"https:\/\/mani-sonnenlink.com\/de\/wp-json\/wp\/v2\/users\/1"}],"replies":[{"embeddable":true,"href":"https:\/\/mani-sonnenlink.com\/de\/wp-json\/wp\/v2\/comments?post=4729"}],"version-history":[{"count":2,"href":"https:\/\/mani-sonnenlink.com\/de\/wp-json\/wp\/v2\/pages\/4729\/revisions"}],"predecessor-version":[{"id":7758,"href":"https:\/\/mani-sonnenlink.com\/de\/wp-json\/wp\/v2\/pages\/4729\/revisions\/7758"}],"wp:attachment":[{"href":"https:\/\/mani-sonnenlink.com\/de\/wp-json\/wp\/v2\/media?parent=4729"}],"curies":[{"name":"wp","href":"https:\/\/api.w.org\/{rel}","templated":true}]}}